{"id":3541,"date":"2025-02-26T20:09:04","date_gmt":"2025-02-26T18:09:04","guid":{"rendered":"https:\/\/elnawawycompany.com\/qual-e-il-processo-di-filatura\/"},"modified":"2025-09-19T04:31:10","modified_gmt":"2025-09-19T04:31:10","slug":"qual-e-il-processo-di-filatura","status":"publish","type":"page","link":"https:\/\/elnawawycompany.com\/it\/qual-e-il-processo-di-filatura\/","title":{"rendered":"qual \u00e8 il processo di filatura"},"content":{"rendered":"\t\t<div data-elementor-type=\"wp-page\" data-elementor-id=\"3541\" class=\"elementor elementor-3541 elementor-743\" data-elementor-post-type=\"page\">\n\t\t\t\t<div class=\"elementor-element elementor-element-6f8f4020 e-flex e-con-boxed e-con e-parent\" data-id=\"6f8f4020\" data-element_type=\"container\" data-e-type=\"container\" data-settings=\"{&quot;background_background&quot;:&quot;classic&quot;}\">\n\t\t\t\t\t<div class=\"e-con-inner\">\n\t\t\t\t<div class=\"elementor-element elementor-element-641e1420 elementor-widget elementor-widget-heading\" data-id=\"641e1420\" data-element_type=\"widget\" data-e-type=\"widget\" data-widget_type=\"heading.default\">\n\t\t\t\t\t<h1 class=\"elementor-heading-title elementor-size-default\">Processo di produzione del filato di lino<\/h1>\t\t\t\t<\/div>\n\t\t\t\t<div class=\"elementor-element elementor-element-56a5e470 elementor-align-center elementor-widget elementor-widget-breadcrumbs\" data-id=\"56a5e470\" data-element_type=\"widget\" data-e-type=\"widget\" data-widget_type=\"breadcrumbs.default\">\n\t\t\t\t<div class=\"elementor-widget-container\">\n\t\t\t\t\t<nav aria-label=\"breadcrumbs\" class=\"rank-math-breadcrumb\"><p><span class=\"last\">Home<\/span><\/p><\/nav>\t\t\t\t<\/div>\n\t\t\t\t<\/div>\n\t\t\t\t<div class=\"elementor-element elementor-element-2cfd3863 elementor-widget elementor-widget-text-editor\" data-id=\"2cfd3863\" data-element_type=\"widget\" data-e-type=\"widget\" data-widget_type=\"text-editor.default\">\n\t\t\t\t\t\t\t\t\t<p>La nostra filatura di lino si trova ad Al-Delta, il cuore della regione tessile egiziana. Grazie al suo clima e al suo terreno ottimali, la regione di Al-Delta \u00e8 ci\u00f2 che ha reso il cotone egiziano famoso in tutto il mondo. <\/p>\t\t\t\t\t\t\t\t<\/div>\n\t\t\t\t\t<\/div>\n\t\t\t\t<\/div>\n\t\t<div class=\"elementor-element elementor-element-3039617c e-flex e-con-boxed e-con e-parent\" data-id=\"3039617c\" data-element_type=\"container\" data-e-type=\"container\">\n\t\t\t\t\t<div class=\"e-con-inner\">\n\t\t\t\t<div class=\"elementor-element elementor-element-2bf51ddd elementor-widget elementor-widget-heading\" data-id=\"2bf51ddd\" data-element_type=\"widget\" data-e-type=\"widget\" data-widget_type=\"heading.default\">\n\t\t\t\t\t<h2 class=\"elementor-heading-title elementor-size-default\">AZIENDA <span class=\"orange-text\">ELNAWAWY<\/span>  <\/h2>\t\t\t\t<\/div>\n\t\t\t\t<div class=\"elementor-element elementor-element-59124ea4 elementor-widget elementor-widget-heading\" data-id=\"59124ea4\" data-element_type=\"widget\" data-e-type=\"widget\" data-widget_type=\"heading.default\">\n\t\t\t\t\t<h2 class=\"elementor-heading-title elementor-size-default\">Esplora <span>il nostro mulino per filati di lino<\/span><\/h2>\t\t\t\t<\/div>\n\t\t\t\t<div class=\"elementor-element elementor-element-21e0c481 elementor-widget elementor-widget-text-editor\" data-id=\"21e0c481\" data-element_type=\"widget\" data-e-type=\"widget\" data-settings=\"{&quot;_animation&quot;:&quot;none&quot;,&quot;_animation_tablet&quot;:&quot;bounceIn&quot;,&quot;_animation_mobile&quot;:&quot;none&quot;}\" data-widget_type=\"text-editor.default\">\n\t\t\t\t\t\t\t\t\t<p>Lo stabilimento sorge su un ampio terreno di 14.000 metri quadrati. La nostra capacit\u00e0 produttiva \u00e8 di oltre 3.000 tonnellate all&#8217;anno. Oltre a disporre di alcuni dei migliori macchinari per la preparazione, la filatura e la finitura del filato, il nostro laboratorio di qualit\u00e0 e ricerca \u00e8 ci\u00f2 che ci distingue davvero dalla concorrenza.  <\/p>\t\t\t\t\t\t\t\t<\/div>\n\t\t\t\t<div class=\"elementor-element elementor-element-655cc3be elementor-skin-slideshow elementor-widget elementor-widget-media-carousel\" data-id=\"655cc3be\" data-element_type=\"widget\" data-e-type=\"widget\" data-settings=\"{&quot;skin&quot;:&quot;slideshow&quot;,&quot;effect&quot;:&quot;fade&quot;,&quot;centered_slides&quot;:&quot;yes&quot;,&quot;autoplay_speed&quot;:3000,&quot;lazyload&quot;:&quot;yes&quot;,&quot;space_between&quot;:{&quot;unit&quot;:&quot;px&quot;,&quot;size&quot;:8,&quot;sizes&quot;:[]},&quot;speed&quot;:500,&quot;autoplay&quot;:&quot;yes&quot;,&quot;loop&quot;:&quot;yes&quot;,&quot;pause_on_hover&quot;:&quot;yes&quot;,&quot;pause_on_interaction&quot;:&quot;yes&quot;,&quot;space_between_tablet&quot;:{&quot;unit&quot;:&quot;px&quot;,&quot;size&quot;:10,&quot;sizes&quot;:[]},&quot;space_between_mobile&quot;:{&quot;unit&quot;:&quot;px&quot;,&quot;size&quot;:10,&quot;sizes&quot;:[]}}\" data-widget_type=\"media-carousel.default\">\n\t\t\t\t\t\t\t\t\t\t<div class=\"elementor-main-swiper swiper\" role=\"region\" aria-roledescription=\"carousel\" aria-label=\"Slides\">\n\t\t\t\t<div class=\"swiper-wrapper\">\n\t\t\t\t\t\t\t\t\t\t\t<div class=\"swiper-slide\" role=\"group\" aria-roledescription=\"slide\">\n\t\t\t\t\t\t\t\t\t<div class=\"elementor-carousel-image swiper-lazy\" role=\"img\" aria-label=\"Vista a\u00e9rea de la f\u00e1brica de El Nawawy en Egipto\" data-background=\"https:\/\/elnawawycompany.com\/wp-content\/uploads\/2025\/02\/image00005-1.webp\">\n\n\t\t\t\t\t\t\t<div class=\"swiper-lazy-preloader\"><\/div>\n\t\t\t\n\t\t\t\t\t<\/div>\n\t\t\t\t\t\t\t\t<\/div>\n\t\t\t\t\t\t\t\t\t\t\t<div class=\"swiper-slide\" role=\"group\" aria-roledescription=\"slide\">\n\t\t\t\t\t\t\t\t\t<div class=\"elementor-carousel-image swiper-lazy\" role=\"img\" aria-label=\"Wet Spun Linen Yarn on the reel of wet spinning machine\" data-background=\"https:\/\/elnawawycompany.com\/wp-content\/uploads\/2025\/02\/wet-spin4.webp\">\n\n\t\t\t\t\t\t\t<div class=\"swiper-lazy-preloader\"><\/div>\n\t\t\t\n\t\t\t\t\t<\/div>\n\t\t\t\t\t\t\t\t<\/div>\n\t\t\t\t\t\t\t\t\t\t\t<div class=\"swiper-slide\" role=\"group\" aria-roledescription=\"slide\">\n\t\t\t\t\t\t\t\t\t<div class=\"elementor-carousel-image swiper-lazy\" role=\"img\" aria-label=\"\" data-background=\"https:\/\/elnawawycompany.com\/wp-content\/uploads\/2025\/02\/1F0A3081-copy-scaled-e1661301657539.webp\">\n\n\t\t\t\t\t\t\t<div class=\"swiper-lazy-preloader\"><\/div>\n\t\t\t\n\t\t\t\t\t<\/div>\n\t\t\t\t\t\t\t\t<\/div>\n\t\t\t\t\t\t\t\t\t\t\t<div class=\"swiper-slide\" role=\"group\" aria-roledescription=\"slide\">\n\t\t\t\t\t\t\t\t\t<div class=\"elementor-carousel-image swiper-lazy\" role=\"img\" aria-label=\"\" data-background=\"https:\/\/elnawawycompany.com\/wp-content\/uploads\/2025\/02\/wet-spin6.webp\">\n\n\t\t\t\t\t\t\t<div class=\"swiper-lazy-preloader\"><\/div>\n\t\t\t\n\t\t\t\t\t<\/div>\n\t\t\t\t\t\t\t\t<\/div>\n\t\t\t\t\t\t\t\t\t<\/div>\n\t\t\t\t\t\t\t\t\t\t\t\t\t\t\t\t\t\t\t\t\t<\/div>\n\t\t\t\t\t\t\t\t\t<div class=\"elementor-main-swiper swiper elementor-thumbnails-swiper swiper\" role=\"region region\" aria-roledescription=\"carousel carousel\" aria-label=\"Slides Slides\">\n\t\t\t\t<div class=\"swiper-wrapper\">\n\t\t\t\t\t\t\t\t\t\t\t<div class=\"swiper-slide\" role=\"group\" aria-roledescription=\"slide\">\n\t\t\t\t\t\t\t\t\t<div class=\"elementor-carousel-image swiper-lazy\" role=\"img\" aria-label=\"Vista a\u00e9rea de la f\u00e1brica de El Nawawy en Egipto\" data-background=\"https:\/\/elnawawycompany.com\/wp-content\/uploads\/2025\/02\/image00005-1.webp\">\n\n\t\t\t\t\t\t\t<div class=\"swiper-lazy-preloader\"><\/div>\n\t\t\t\n\t\t\t\t\t<\/div>\n\t\t\t\t\t\t\t\t<\/div>\n\t\t\t\t\t\t\t\t\t\t\t<div class=\"swiper-slide\" role=\"group\" aria-roledescription=\"slide\">\n\t\t\t\t\t\t\t\t\t<div class=\"elementor-carousel-image swiper-lazy\" role=\"img\" aria-label=\"Wet Spun Linen Yarn on the reel of wet spinning machine\" data-background=\"https:\/\/elnawawycompany.com\/wp-content\/uploads\/2025\/02\/wet-spin4.webp\">\n\n\t\t\t\t\t\t\t<div class=\"swiper-lazy-preloader\"><\/div>\n\t\t\t\n\t\t\t\t\t<\/div>\n\t\t\t\t\t\t\t\t<\/div>\n\t\t\t\t\t\t\t\t\t\t\t<div class=\"swiper-slide\" role=\"group\" aria-roledescription=\"slide\">\n\t\t\t\t\t\t\t\t\t<div class=\"elementor-carousel-image swiper-lazy\" role=\"img\" aria-label=\"\" data-background=\"https:\/\/elnawawycompany.com\/wp-content\/uploads\/2025\/02\/1F0A3081-copy-scaled-e1661301657539.webp\">\n\n\t\t\t\t\t\t\t<div class=\"swiper-lazy-preloader\"><\/div>\n\t\t\t\n\t\t\t\t\t<\/div>\n\t\t\t\t\t\t\t\t<\/div>\n\t\t\t\t\t\t\t\t\t\t\t<div class=\"swiper-slide\" role=\"group\" aria-roledescription=\"slide\">\n\t\t\t\t\t\t\t\t\t<div class=\"elementor-carousel-image swiper-lazy\" role=\"img\" aria-label=\"\" data-background=\"https:\/\/elnawawycompany.com\/wp-content\/uploads\/2025\/02\/wet-spin6.webp\">\n\n\t\t\t\t\t\t\t<div class=\"swiper-lazy-preloader\"><\/div>\n\t\t\t\n\t\t\t\t\t<\/div>\n\t\t\t\t\t\t\t\t<\/div>\n\t\t\t\t\t\t\t\t\t<\/div>\n\t\t\t\t\t\t\t\t\t\t\t\t\t\t\t\t\t\t\t\t\t<\/div>\n\t\t\t\t\t\t\t\t<\/div>\n\t\t\t\t\t<\/div>\n\t\t\t\t<\/div>\n\t\t\t\t<section class=\"elementor-section elementor-top-section elementor-element elementor-element-6d697473 elementor-section-stretched elementor-section-full_width elementor-section-height-default elementor-section-height-default\" data-id=\"6d697473\" data-element_type=\"section\" data-e-type=\"section\" data-settings=\"{&quot;stretch_section&quot;:&quot;section-stretched&quot;,&quot;background_background&quot;:&quot;classic&quot;}\">\n\t\t\t\t\t\t\t<div class=\"elementor-background-overlay\"><\/div>\n\t\t\t\t\t\t\t<div class=\"elementor-container elementor-column-gap-default\">\n\t\t\t\t\t<div class=\"elementor-column elementor-col-100 elementor-top-column elementor-element elementor-element-280c66b5\" data-id=\"280c66b5\" data-element_type=\"column\" data-e-type=\"column\">\n\t\t\t<div class=\"elementor-widget-wrap elementor-element-populated\">\n\t\t\t\t\t\t<div class=\"elementor-element elementor-element-83ac7 elementor-widget elementor-widget-heading\" data-id=\"83ac7\" data-element_type=\"widget\" data-e-type=\"widget\" data-widget_type=\"heading.default\">\n\t\t\t\t\t<h2 class=\"elementor-heading-title elementor-size-default\">Dalla fibra di lino al <span class=\"orange-text\">filato di lino<\/span><\/h2>\t\t\t\t<\/div>\n\t\t\t\t<div class=\"elementor-element elementor-element-2d791fc1 elementor-widget-mobile__width-inherit e-n-tabs-mobile elementor-widget elementor-widget-n-tabs\" data-id=\"2d791fc1\" data-element_type=\"widget\" data-e-type=\"widget\" data-settings=\"{&quot;tabs_justify_horizontal_mobile&quot;:&quot;center&quot;,&quot;horizontal_scroll_mobile&quot;:&quot;enable&quot;,&quot;horizontal_scroll&quot;:&quot;disable&quot;}\" data-widget_type=\"nested-tabs.default\">\n\t\t\t\t\t\t\t<div class=\"e-n-tabs\" data-widget-number=\"762912705\" aria-label=\"Schede. Apri gli elementi con Invio o Spazio, chiudili con Esc e naviga con i tasti freccia.\">\n\t\t\t<div class=\"e-n-tabs-heading\" role=\"tablist\">\n\t\t\t\t\t<button id=\"e-n-tab-title-7629127051\" data-tab-title-id=\"e-n-tab-title-7629127051\" class=\"e-n-tab-title\" aria-selected=\"true\" data-tab-index=\"1\" role=\"tab\" tabindex=\"0\" aria-controls=\"e-n-tab-content-7629127051\" style=\"--n-tabs-title-order: 1;\">\n\t\t\t\t\t\t<span class=\"e-n-tab-title-text\">\n\t\t\t\tHackling\t\t\t<\/span>\n\t\t<\/button>\n\t\t\t\t<button id=\"e-n-tab-title-7629127052\" data-tab-title-id=\"e-n-tab-title-7629127052\" class=\"e-n-tab-title\" aria-selected=\"false\" data-tab-index=\"2\" role=\"tab\" tabindex=\"-1\" aria-controls=\"e-n-tab-content-7629127052\" style=\"--n-tabs-title-order: 2;\">\n\t\t\t\t\t\t<span class=\"e-n-tab-title-text\">\n\t\t\t\tMiscelatore\t\t\t<\/span>\n\t\t<\/button>\n\t\t\t\t<button id=\"e-n-tab-title-7629127053\" data-tab-title-id=\"e-n-tab-title-7629127053\" class=\"e-n-tab-title\" aria-selected=\"false\" data-tab-index=\"3\" role=\"tab\" tabindex=\"-1\" aria-controls=\"e-n-tab-content-7629127053\" style=\"--n-tabs-title-order: 3;\">\n\t\t\t\t\t\t<span class=\"e-n-tab-title-text\">\n\t\t\t\tDisegno\t\t\t<\/span>\n\t\t<\/button>\n\t\t\t\t<button id=\"e-n-tab-title-7629127054\" data-tab-title-id=\"e-n-tab-title-7629127054\" class=\"e-n-tab-title\" aria-selected=\"false\" data-tab-index=\"4\" role=\"tab\" tabindex=\"-1\" aria-controls=\"e-n-tab-content-7629127054\" style=\"--n-tabs-title-order: 4;\">\n\t\t\t\t\t\t<span class=\"e-n-tab-title-text\">\n\t\t\t\tFilatura\t\t\t<\/span>\n\t\t<\/button>\n\t\t\t\t\t<\/div>\n\t\t\t<div class=\"e-n-tabs-content\">\n\t\t\t\t<div id=\"e-n-tab-content-7629127051\" role=\"tabpanel\" aria-labelledby=\"e-n-tab-title-7629127051\" data-tab-index=\"1\" style=\"--n-tabs-title-order: 1;\" class=\"e-active elementor-element elementor-element-4f28ef34 e-flex e-con-boxed e-con e-child\" data-id=\"4f28ef34\" data-element_type=\"container\" data-e-type=\"container\">\n\t\t\t\t\t<div class=\"e-con-inner\">\n\t\t<div class=\"elementor-element elementor-element-101ee749 e-flex e-con-boxed e-con e-child\" data-id=\"101ee749\" data-element_type=\"container\" data-e-type=\"container\" data-settings=\"{&quot;background_background&quot;:&quot;classic&quot;}\">\n\t\t\t\t\t<div class=\"e-con-inner\">\n\t\t\t\t<div class=\"elementor-element elementor-element-42d65c0f elementor-widget elementor-widget-image\" data-id=\"42d65c0f\" data-element_type=\"widget\" data-e-type=\"widget\" data-widget_type=\"image.default\">\n\t\t\t\t\t\t\t\t\t\t\t\t\t\t\t<img decoding=\"async\" width=\"800\" height=\"534\" src=\"https:\/\/elnawawycompany.com\/wp-content\/uploads\/2025\/02\/hackling_worker-1024x683.webp\" class=\"attachment-large size-large wp-image-3081\" alt=\"immagine che mostra un lavoratore dell&#039;azienda El Nawawy mentre pulisce davanti alla macchina per la stilatura delle fibre di lino\" srcset=\"https:\/\/elnawawycompany.com\/wp-content\/uploads\/2025\/02\/hackling_worker-1024x683.webp 1024w, https:\/\/elnawawycompany.com\/wp-content\/uploads\/2025\/02\/hackling_worker-300x200.webp 300w, https:\/\/elnawawycompany.com\/wp-content\/uploads\/2025\/02\/hackling_worker-768x512.webp 768w, https:\/\/elnawawycompany.com\/wp-content\/uploads\/2025\/02\/hackling_worker-1536x1024.webp 1536w, https:\/\/elnawawycompany.com\/wp-content\/uploads\/2025\/02\/hackling_worker-2048x1366.webp 2048w\" sizes=\"(max-width: 800px) 100vw, 800px\" title=\"\">\t\t\t\t\t\t\t\t\t\t\t\t\t\t\t<\/div>\n\t\t\t\t<div class=\"elementor-element elementor-element-39bda1bb elementor-widget elementor-widget-text-editor\" data-id=\"39bda1bb\" data-element_type=\"widget\" data-e-type=\"widget\" data-widget_type=\"text-editor.default\">\n\t\t\t\t\t\t\t\t\t<p><strong><span style=\"color: #000000;\">Il processo di stigliatura rimuove le impurit\u00e0 e le paglie legnose dalla fibra di lino. La fibra risultante viene sottoposta al processo di &#8221; <a href=\"https:\/\/en.wikipedia.org\/wiki\/Heckling_(flax)\" rel=\"noopener\">stigliatura<\/a> &#8220;. <\/span><\/strong><\/p><p><span style=\"color: #000000;\">La macchina per la filatura \u00e8 composta da numerosi pettini con densit\u00e0 di perni variabile. Il filamento di fibre viene tenuto in posizione e i pettini lo attraversano con movimenti verticali. Questo processo consente tre risultati:  <\/span><\/p><ul><li><span style=\"color: #000000;\">Rimozione di eventuali residui di paglia e impurit\u00e0 dalle fibre.<\/span><\/li><li><span style=\"color: #000000;\">Separazione delle fibre corte da quelle lunghe.<\/span><\/li><li><span style=\"color: #000000;\">Raddrizzamento delle fibre.<\/span><\/li><\/ul>\t\t\t\t\t\t\t\t<\/div>\n\t\t\t\t\t<\/div>\n\t\t\t\t<\/div>\n\t\t\t\t\t<\/div>\n\t\t\t\t<\/div>\n\t\t<div id=\"e-n-tab-content-7629127052\" role=\"tabpanel\" aria-labelledby=\"e-n-tab-title-7629127052\" data-tab-index=\"2\" style=\"--n-tabs-title-order: 2;\" class=\" elementor-element elementor-element-51c89e96 e-flex e-con-boxed e-con e-child\" data-id=\"51c89e96\" data-element_type=\"container\" data-e-type=\"container\">\n\t\t\t\t\t<div class=\"e-con-inner\">\n\t\t<div class=\"elementor-element elementor-element-61fe55f3 e-flex e-con-boxed e-con e-child\" data-id=\"61fe55f3\" data-element_type=\"container\" data-e-type=\"container\" data-settings=\"{&quot;background_background&quot;:&quot;classic&quot;}\">\n\t\t\t\t\t<div class=\"e-con-inner\">\n\t\t\t\t<div class=\"elementor-element elementor-element-3eade585 elementor-widget elementor-widget-image\" data-id=\"3eade585\" data-element_type=\"widget\" data-e-type=\"widget\" data-widget_type=\"image.default\">\n\t\t\t\t\t\t\t\t\t\t\t\t\t\t\t<img decoding=\"async\" width=\"800\" height=\"533\" src=\"https:\/\/elnawawycompany.com\/wp-content\/uploads\/2025\/02\/khalatta-1024x682.webp\" class=\"attachment-large size-large wp-image-3085\" alt=\"immagine che mostra la fibra di lino che passa attraverso gli aghi della macchina miscelatrice per fibre di lino e lino\" srcset=\"https:\/\/elnawawycompany.com\/wp-content\/uploads\/2025\/02\/khalatta-1024x682.webp 1024w, https:\/\/elnawawycompany.com\/wp-content\/uploads\/2025\/02\/khalatta-300x200.webp 300w, https:\/\/elnawawycompany.com\/wp-content\/uploads\/2025\/02\/khalatta-768x512.webp 768w, https:\/\/elnawawycompany.com\/wp-content\/uploads\/2025\/02\/khalatta.webp 1280w\" sizes=\"(max-width: 800px) 100vw, 800px\" title=\"\">\t\t\t\t\t\t\t\t\t\t\t\t\t\t\t<\/div>\n\t\t\t\t<div class=\"elementor-element elementor-element-7390dfcd elementor-widget elementor-widget-text-editor\" data-id=\"7390dfcd\" data-element_type=\"widget\" data-e-type=\"widget\" data-widget_type=\"text-editor.default\">\n\t\t\t\t\t\t\t\t\t<p><strong><span style=\"color: #000000; font-size: 16px;\">Le fibre di lino occupano la lunghezza del fusto della pianta. Per trasformare queste fibre di lunghezza limitata in un unico lungo filamento, utilizziamo il processo di miscelazione. <\/span><\/strong><\/p><p><span style=\"color: #000000;\">Il processo Mixer &#8220;mescola&#8221; le fibre insieme per formare un lungo nastro continuo.  <\/span><\/p><p><span style=\"color: #000000;\">Il macchinario preleva il filo di fibra e lo fa passare attraverso cilindri rotanti che lo passano a pettini con un numero variabile di aghi. Gli aghi aiutano a raddrizzare le fibre e i cilindri a mescolarle. <\/span><\/p><p>La macchina impastatrice scarica il suo truciolo continuo in un grande contenitore (tipicamente un cilindro). La lunghezza del truciolo dipende dalla capacit\u00e0 del cilindro. <\/p><p>Successivamente prendiamo alcuni cilindri dal miscelatore e li utilizziamo nella fase successiva, quella del &#8220;disegno&#8221;.<\/p>\t\t\t\t\t\t\t\t<\/div>\n\t\t\t\t\t<\/div>\n\t\t\t\t<\/div>\n\t\t\t\t\t<\/div>\n\t\t\t\t<\/div>\n\t\t<div id=\"e-n-tab-content-7629127053\" role=\"tabpanel\" aria-labelledby=\"e-n-tab-title-7629127053\" data-tab-index=\"3\" style=\"--n-tabs-title-order: 3;\" class=\" elementor-element elementor-element-6a7ce4b7 e-flex e-con-boxed e-con e-child\" data-id=\"6a7ce4b7\" data-element_type=\"container\" data-e-type=\"container\">\n\t\t\t\t\t<div class=\"e-con-inner\">\n\t\t<div class=\"elementor-element elementor-element-29ad4b29 e-flex e-con-boxed e-con e-child\" data-id=\"29ad4b29\" data-element_type=\"container\" data-e-type=\"container\" data-settings=\"{&quot;background_background&quot;:&quot;classic&quot;}\">\n\t\t\t\t\t<div class=\"e-con-inner\">\n\t\t\t\t<div class=\"elementor-element elementor-element-60b53c24 elementor-widget elementor-widget-image\" data-id=\"60b53c24\" data-element_type=\"widget\" data-e-type=\"widget\" data-widget_type=\"image.default\">\n\t\t\t\t\t\t\t\t\t\t\t\t\t\t\t<img decoding=\"async\" width=\"800\" height=\"534\" src=\"https:\/\/elnawawycompany.com\/wp-content\/uploads\/2025\/02\/1F0A3018-scaled-1-1-1024x683.jpg\" class=\"attachment-large size-large wp-image-3089\" alt=\"\" srcset=\"https:\/\/elnawawycompany.com\/wp-content\/uploads\/2025\/02\/1F0A3018-scaled-1-1-1024x683.jpg 1024w, https:\/\/elnawawycompany.com\/wp-content\/uploads\/2025\/02\/1F0A3018-scaled-1-1-300x200.jpg 300w, https:\/\/elnawawycompany.com\/wp-content\/uploads\/2025\/02\/1F0A3018-scaled-1-1-768x512.jpg 768w, https:\/\/elnawawycompany.com\/wp-content\/uploads\/2025\/02\/1F0A3018-scaled-1-1-1536x1024.jpg 1536w, https:\/\/elnawawycompany.com\/wp-content\/uploads\/2025\/02\/1F0A3018-scaled-1-1.jpg 1600w\" sizes=\"(max-width: 800px) 100vw, 800px\" title=\"\">\t\t\t\t\t\t\t\t\t\t\t\t\t\t\t<\/div>\n\t\t\t\t<div class=\"elementor-element elementor-element-7bf9025e elementor-widget elementor-widget-text-editor\" data-id=\"7bf9025e\" data-element_type=\"widget\" data-e-type=\"widget\" data-widget_type=\"text-editor.default\">\n\t\t\t\t\t\t\t\t\t<p><strong>La filatura \u00e8 la fase successiva alla cardatura o al mescolatore. \u00c8 il passaggio immediatamente precedente alla filatura del filato. <\/strong><\/p><p>La stiratura \u00e8 una fase molto importante perch\u00e9 migliora la consistenza del filato. Il concetto principale \u00e8 semplice: la regola della media. Mescolando i nastri provenienti dalla cardatura\/mescolatrice, riduciamo la probabilit\u00e0 di inconsistenza dei nastri.  <\/p><p>Come accennato nella sezione &#8220;Cardatura&#8221;, la macchina cardatrice\/miscelatrice converte le fibre in un unico lungo nastro in contenitori cilindrici. Quindi, prendiamo diversi nastri da diversi cilindri e li inseriamo nella trafilatrice. La trafilatrice mescola i nastri provenienti da tutti i cilindri. Quindi, stira (ovvero tira o allunga) i nastri mischiati per generare un nastro in uscita. Il nastro in uscita ha una consistenza migliore poich\u00e9 preleva le fibre da tutti i nastri.    <\/p><p>In generale, maggiore \u00e8 il numero di volte in cui stiramo il nastro, pi\u00f9 omogeneo sar\u00e0 il nastro finale. La decisione su quante volte stirare insieme i nastri \u00e8 complessa. Dipende dal tipo di fibra, dalla consistenza del nastro e dal titolo del filato che vogliamo ottenere alla fine.  <\/p>\t\t\t\t\t\t\t\t<\/div>\n\t\t\t\t\t<\/div>\n\t\t\t\t<\/div>\n\t\t\t\t\t<\/div>\n\t\t\t\t<\/div>\n\t\t<div id=\"e-n-tab-content-7629127054\" role=\"tabpanel\" aria-labelledby=\"e-n-tab-title-7629127054\" data-tab-index=\"4\" style=\"--n-tabs-title-order: 4;\" class=\" elementor-element elementor-element-29be6e4 e-flex e-con-boxed e-con e-child\" data-id=\"29be6e4\" data-element_type=\"container\" data-e-type=\"container\">\n\t\t\t\t\t<div class=\"e-con-inner\">\n\t\t<div class=\"elementor-element elementor-element-6a34c902 e-con-full e-flex e-con e-child\" data-id=\"6a34c902\" data-element_type=\"container\" data-e-type=\"container\" data-settings=\"{&quot;background_background&quot;:&quot;classic&quot;}\">\n\t\t\t\t<div class=\"elementor-element elementor-element-4819f5e3 elementor-widget elementor-widget-image\" data-id=\"4819f5e3\" data-element_type=\"widget\" data-e-type=\"widget\" data-widget_type=\"image.default\">\n\t\t\t\t\t\t\t\t\t\t\t\t\t\t\t<img decoding=\"async\" width=\"800\" height=\"534\" src=\"https:\/\/elnawawycompany.com\/wp-content\/uploads\/2025\/02\/wet-spin5-1024x683.webp\" class=\"attachment-large size-large wp-image-3093\" alt=\"Leinengarn Produktion auf der Nassspinnlinie von El Nawawy\" srcset=\"https:\/\/elnawawycompany.com\/wp-content\/uploads\/2025\/02\/wet-spin5-1024x683.webp 1024w, https:\/\/elnawawycompany.com\/wp-content\/uploads\/2025\/02\/wet-spin5-300x200.webp 300w, https:\/\/elnawawycompany.com\/wp-content\/uploads\/2025\/02\/wet-spin5-768x512.webp 768w, https:\/\/elnawawycompany.com\/wp-content\/uploads\/2025\/02\/wet-spin5-1536x1024.webp 1536w, https:\/\/elnawawycompany.com\/wp-content\/uploads\/2025\/02\/wet-spin5-2048x1366.webp 2048w\" sizes=\"(max-width: 800px) 100vw, 800px\" title=\"\">\t\t\t\t\t\t\t\t\t\t\t\t\t\t\t<\/div>\n\t\t\t\t<div class=\"elementor-element elementor-element-41244d83 elementor-widget elementor-widget-text-editor\" data-id=\"41244d83\" data-element_type=\"widget\" data-e-type=\"widget\" data-widget_type=\"text-editor.default\">\n\t\t\t\t\t\t\t\t\t<p><strong>La filatura \u00e8 la fase in cui i frammenti di fibra vengono trasformati in fili.<\/strong><\/p><p>I filatoi hanno solitamente pi\u00f9 teste. Ogni testa lavora su un nastro per produrre una rocca di filo. La macchina solitamente ha pi\u00f9 teste per parallelizzare la produzione. Ogni cilindro di nastro viene convertito in una rocca di filo.   <\/p><p>Successivamente portiamo il cono di fili alla fase di finitura, dove pu\u00f2 ottenere qualsiasi combinazione di finiture: torcitura con altri fili, lucidatura, decolorazione o colorazione, avvolgimento del filo in <strong><a href=\"https:\/\/elnawawycompany.com\/it\/i-nostri-prodotti\/prodotti-di-filato\/\">gomitoli o rocchetti<\/a><\/strong> e confezionamento.<\/p><p>Esistono tre metodi di filatura: a secco, semi-umido e bagnato.<\/p><p> <strong>La filatura a umido<\/strong> prevede che il filo venga immerso in un bagno di liquido durante la fase di filatura, durante la quale il filato viene ritorto ad alta velocit\u00e0 fino a diventare filo.<\/p><p>Il metodo <strong>semi-umido<\/strong> prevede l&#8217;uso dell&#8217;acqua solo in una determinata parte del processo.<\/p><p><strong>La filatura a secco<\/strong> non prevede l&#8217;utilizzo di liquidi nel processo. L&#8217;aggiunta di liquidi alla filatura previene la rottura del filo. Migliora la resistenza alla trazione, ma aumenta anche la complessit\u00e0 e i costi di produzione. Pertanto, il metodo di filatura a secco non pu\u00f2 essere utilizzato con fili pi\u00f9 fini o filati con requisiti di elevata resistenza alla trazione.   <\/p>\t\t\t\t\t\t\t\t<\/div>\n\t\t\t\t<\/div>\n\t\t\t\t\t<\/div>\n\t\t\t\t<\/div>\n\t\t\t\t\t<\/div>\n\t\t<\/div>\n\t\t\t\t\t\t<\/div>\n\t\t\t\t\t<\/div>\n\t\t<\/div>\n\t\t\t\t\t<\/div>\n\t\t<\/section>\n\t\t\t\t<\/div>\n\t\t","protected":false},"excerpt":{"rendered":"<p>Processo di produzione del filato di lino Home La nostra filatura di lino si trova ad Al-Delta, il cuore della regione tessile egiziana. Grazie al suo clima e al suo terreno ottimali, la regione di Al-Delta \u00e8 ci\u00f2 che ha reso il cotone egiziano famoso in tutto il mondo. AZIENDA ELNAWAWY Esplora il nostro mulino [&hellip;]<\/p>\n","protected":false},"author":1,"featured_media":0,"parent":0,"menu_order":0,"comment_status":"closed","ping_status":"closed","template":"elementor_header_footer","meta":{"footnotes":""},"class_list":["post-3541","page","type-page","status-publish","hentry"],"_links":{"self":[{"href":"https:\/\/elnawawycompany.com\/it\/wp-json\/wp\/v2\/pages\/3541","targetHints":{"allow":["GET"]}}],"collection":[{"href":"https:\/\/elnawawycompany.com\/it\/wp-json\/wp\/v2\/pages"}],"about":[{"href":"https:\/\/elnawawycompany.com\/it\/wp-json\/wp\/v2\/types\/page"}],"author":[{"embeddable":true,"href":"https:\/\/elnawawycompany.com\/it\/wp-json\/wp\/v2\/users\/1"}],"replies":[{"embeddable":true,"href":"https:\/\/elnawawycompany.com\/it\/wp-json\/wp\/v2\/comments?post=3541"}],"version-history":[{"count":2,"href":"https:\/\/elnawawycompany.com\/it\/wp-json\/wp\/v2\/pages\/3541\/revisions"}],"predecessor-version":[{"id":9839,"href":"https:\/\/elnawawycompany.com\/it\/wp-json\/wp\/v2\/pages\/3541\/revisions\/9839"}],"wp:attachment":[{"href":"https:\/\/elnawawycompany.com\/it\/wp-json\/wp\/v2\/media?parent=3541"}],"curies":[{"name":"wp","href":"https:\/\/api.w.org\/{rel}","templated":true}]}}