{"id":3533,"date":"2025-02-26T20:09:15","date_gmt":"2025-02-26T18:09:15","guid":{"rendered":"https:\/\/elnawawycompany.com\/scoprire-i-prodotti-di-filati-e-fibre-di-lino-e-canapa-polipropilene\/fibra-di-lino-e-materie-prime\/"},"modified":"2025-09-10T06:58:46","modified_gmt":"2025-09-10T06:58:46","slug":"fibra-di-lino-e-materie-prime","status":"publish","type":"page","link":"https:\/\/elnawawycompany.com\/it\/i-nostri-prodotti\/fibra-di-lino-e-materie-prime\/","title":{"rendered":"Fibra di lino e materie prime"},"content":{"rendered":"\t\t<div data-elementor-type=\"wp-page\" data-elementor-id=\"3533\" class=\"elementor elementor-3533 elementor-753\" data-elementor-post-type=\"page\">\n\t\t\t\t<div class=\"elementor-element elementor-element-51ab9fe5 e-flex e-con-boxed e-con e-parent\" data-id=\"51ab9fe5\" data-element_type=\"container\" data-e-type=\"container\" data-settings=\"{&quot;background_background&quot;:&quot;classic&quot;}\">\n\t\t\t\t\t<div class=\"e-con-inner\">\n\t\t\t\t<div class=\"elementor-element elementor-element-7495aea7 elementor-widget elementor-widget-heading\" data-id=\"7495aea7\" data-element_type=\"widget\" data-e-type=\"widget\" data-widget_type=\"heading.default\">\n\t\t\t\t\t<h1 class=\"elementor-heading-title elementor-size-default\">Fibra di lino egiziano e materie prime<\/h1>\t\t\t\t<\/div>\n\t\t\t\t<div class=\"elementor-element elementor-element-6087a19e elementor-align-center elementor-widget elementor-widget-breadcrumbs\" data-id=\"6087a19e\" data-element_type=\"widget\" data-e-type=\"widget\" data-widget_type=\"breadcrumbs.default\">\n\t\t\t\t<div class=\"elementor-widget-container\">\n\t\t\t\t\t<nav aria-label=\"breadcrumbs\" class=\"rank-math-breadcrumb\"><p><span class=\"last\">Home<\/span><\/p><\/nav>\t\t\t\t<\/div>\n\t\t\t\t<\/div>\n\t\t\t\t<div class=\"elementor-element elementor-element-25404829 elementor-widget elementor-widget-text-editor\" data-id=\"25404829\" data-element_type=\"widget\" data-e-type=\"widget\" data-widget_type=\"text-editor.default\">\n\t\t\t\t\t\t\t\t\t<div class=\"w-full border-b border-black\/10 dark:border-gray-900\/50 text-gray-800 dark:text-gray-100 group dark:bg-gray-800\"><div class=\"text-base gap-4 md:gap-6 m-auto md:max-w-2xl lg:max-w-2xl xl:max-w-3xl p-4 md:py-6 flex lg:px-0\"><div class=\"relative flex w-[calc(100%-50px)] flex-col gap-1 md:gap-3 lg:w-[calc(100%-115px)]\"><div class=\"flex flex-grow flex-col gap-3\"><p class=\"min-h-[20px] flex flex-col items-start gap-4 whitespace-pre-wrap\">La fibra di lino \u00e8 una delle pi\u00f9 antiche fibre naturali utilizzate per i tessuti, risalente alle antiche civilt\u00e0 dell&#8217;Egitto e della Cina. Oggi, la fibra di lino sta guadagnando nuovamente popolarit\u00e0 come alternativa sostenibile ed ecologica alle fibre sintetiche, come poliestere e nylon, che derivano da risorse non rinnovabili e hanno un impatto ambientale significativo. <\/p><\/div><\/div><\/div><\/div>\t\t\t\t\t\t\t\t<\/div>\n\t\t\t\t\t<\/div>\n\t\t\t\t<\/div>\n\t\t<div class=\"elementor-element elementor-element-10a9dc2a e-flex e-con-boxed e-con e-parent\" data-id=\"10a9dc2a\" data-element_type=\"container\" data-e-type=\"container\" data-settings=\"{&quot;background_background&quot;:&quot;classic&quot;}\">\n\t\t\t\t\t<div class=\"e-con-inner\">\n\t\t<div class=\"elementor-element elementor-element-484ac460 e-con-full e-flex e-con e-child\" data-id=\"484ac460\" data-element_type=\"container\" data-e-type=\"container\" data-settings=\"{&quot;background_background&quot;:&quot;classic&quot;}\">\n\t\t\t\t<div class=\"elementor-element elementor-element-66bdaafb elementor-widget__width-inherit elementor-widget elementor-widget-heading\" data-id=\"66bdaafb\" data-element_type=\"widget\" data-e-type=\"widget\" data-widget_type=\"heading.default\">\n\t\t\t\t\t<h2 class=\"elementor-heading-title elementor-size-default\">La nostra offerta di fibre <span class=\"orange-text\">di lino<\/span> <\/h2>\t\t\t\t<\/div>\n\t\t\t\t<div class=\"elementor-element elementor-element-bc39f1 elementor-widget elementor-widget-text-editor\" data-id=\"bc39f1\" data-element_type=\"widget\" data-e-type=\"widget\" data-widget_type=\"text-editor.default\">\n\t\t\t\t\t\t\t\t\t<p>Le fibre di lino passano attraverso diverse fasi di vestizione o preparazione prima della <a href=\"https:\/\/elnawawycompany.com\/it\/qual-e-il-processo-di-filatura\/\">filatura<\/a>. Di queste fasi, la &#8220;stigliatura&#8221; e la &#8220;hackling&#8221; sono molto importanti. Queste fasi rimuovono le pagliuzze legnose dalle fibre e raddrizzano le fibre.  <\/p>\t\t\t\t\t\t\t\t<\/div>\n\t\t<div class=\"elementor-element elementor-element-5a4ddd28 e-con-full e-flex e-con e-child\" data-id=\"5a4ddd28\" data-element_type=\"container\" data-e-type=\"container\">\n\t\t<div class=\"elementor-element elementor-element-33fa413e e-con-full e-flex e-con e-child\" data-id=\"33fa413e\" data-element_type=\"container\" data-e-type=\"container\" data-settings=\"{&quot;background_background&quot;:&quot;classic&quot;}\">\n\t\t\t\t<div class=\"elementor-element elementor-element-1997f0fc elementor-widget elementor-widget-image\" data-id=\"1997f0fc\" data-element_type=\"widget\" data-e-type=\"widget\" data-widget_type=\"image.default\">\n\t\t\t\t\t\t\t\t\t\t\t\t\t\t\t<img decoding=\"async\" width=\"800\" height=\"534\" src=\"https:\/\/elnawawycompany.com\/wp-content\/uploads\/2025\/02\/1F0A2589-scaled-1-1024x683.webp\" class=\"attachment-large size-large wp-image-3101\" alt=\"Fibre lunghe di lino egiziano grezzo premium\" srcset=\"https:\/\/elnawawycompany.com\/wp-content\/uploads\/2025\/02\/1F0A2589-scaled-1-1024x683.webp 1024w, https:\/\/elnawawycompany.com\/wp-content\/uploads\/2025\/02\/1F0A2589-scaled-1-300x200.webp 300w, https:\/\/elnawawycompany.com\/wp-content\/uploads\/2025\/02\/1F0A2589-scaled-1-768x512.webp 768w, https:\/\/elnawawycompany.com\/wp-content\/uploads\/2025\/02\/1F0A2589-scaled-1-1536x1024.webp 1536w, https:\/\/elnawawycompany.com\/wp-content\/uploads\/2025\/02\/1F0A2589-scaled-1-2048x1366.webp 2048w\" sizes=\"(max-width: 800px) 100vw, 800px\" title=\"\">\t\t\t\t\t\t\t\t\t\t\t\t\t\t\t<\/div>\n\t\t\t\t<div class=\"elementor-element elementor-element-116c98f6 elementor-widget elementor-widget-heading\" data-id=\"116c98f6\" data-element_type=\"widget\" data-e-type=\"widget\" data-widget_type=\"heading.default\">\n\t\t\t\t\t<h4 class=\"elementor-heading-title elementor-size-default\">Fibra lunga grezza<span class=\"orange-text\"> (L.F.)<\/h4>\t\t\t\t<\/div>\n\t\t\t\t<div class=\"elementor-element elementor-element-4f2cb0f7 elementor-widget elementor-widget-text-editor\" data-id=\"4f2cb0f7\" data-element_type=\"widget\" data-e-type=\"widget\" data-widget_type=\"text-editor.default\">\n\t\t\t\t\t\t\t\t\t<p><strong>Vendiamo fibre lunghe di lino grezzo senza <a href=\"https:\/\/en.wikipedia.org\/wiki\/Heckling_(flax)\" rel=\"noopener\">pettinatura<\/a>.<\/strong><\/p><p>Offriamo fibre lunghe di lino egiziano grezzo di qualit\u00e0 premium ottenute dopo la stigliatura. A questo punto, le fibre mantengono la loro lunghezza e resistenza naturale, perfette per la produzione tessile, i materiali compositi e la produzione di carta speciale. <\/p><p>Questa forma versatile ti offre flessibilit\u00e0 nella lavorazione successiva in base alle tue esigenze specifiche.<\/p><p> <\/p>\t\t\t\t\t\t\t\t<\/div>\n\t\t\t\t<\/div>\n\t\t<div class=\"elementor-element elementor-element-59bcf28 e-con-full e-flex e-con e-child\" data-id=\"59bcf28\" data-element_type=\"container\" data-e-type=\"container\" data-settings=\"{&quot;background_background&quot;:&quot;classic&quot;}\">\n\t\t\t\t<div class=\"elementor-element elementor-element-4ee62b70 elementor-widget elementor-widget-image\" data-id=\"4ee62b70\" data-element_type=\"widget\" data-e-type=\"widget\" data-widget_type=\"image.default\">\n\t\t\t\t\t\t\t\t\t\t\t\t\t\t\t<img decoding=\"async\" width=\"800\" height=\"534\" src=\"https:\/\/elnawawycompany.com\/wp-content\/uploads\/2025\/02\/flax-yarn-mobile-scaled-1-1024x683.webp\" class=\"attachment-large size-large wp-image-3105\" alt=\"Macchinari per fibre lunghe di lino pettinate\" srcset=\"https:\/\/elnawawycompany.com\/wp-content\/uploads\/2025\/02\/flax-yarn-mobile-scaled-1-1024x683.webp 1024w, https:\/\/elnawawycompany.com\/wp-content\/uploads\/2025\/02\/flax-yarn-mobile-scaled-1-300x200.webp 300w, https:\/\/elnawawycompany.com\/wp-content\/uploads\/2025\/02\/flax-yarn-mobile-scaled-1-768x512.webp 768w, https:\/\/elnawawycompany.com\/wp-content\/uploads\/2025\/02\/flax-yarn-mobile-scaled-1-1536x1024.webp 1536w, https:\/\/elnawawycompany.com\/wp-content\/uploads\/2025\/02\/flax-yarn-mobile-scaled-1-2048x1366.webp 2048w\" sizes=\"(max-width: 800px) 100vw, 800px\" title=\"\">\t\t\t\t\t\t\t\t\t\t\t\t\t\t\t<\/div>\n\t\t\t\t<div class=\"elementor-element elementor-element-157c3e3e elementor-widget elementor-widget-heading\" data-id=\"157c3e3e\" data-element_type=\"widget\" data-e-type=\"widget\" data-widget_type=\"heading.default\">\n\t\t\t\t\t<h4 class=\"elementor-heading-title elementor-size-default\">Fibra lunga pettinata<span class=\"orange-text\"> (Hackled L.F.)<\/h4>\t\t\t\t<\/div>\n\t\t\t\t<div class=\"elementor-element elementor-element-3d7794f2 elementor-widget elementor-widget-text-editor\" data-id=\"3d7794f2\" data-element_type=\"widget\" data-e-type=\"widget\" data-widget_type=\"text-editor.default\">\n\t\t\t\t\t\t\t\t\t<p>Offriamo anche di vendere le fibre lunghe di lino dopo averle \u201cpettinate\u201d. Nei nostri macchinari di pettinatura (mostrati nell&#8217;immagine), le fibre passano attraverso pettini con diverse densit\u00e0 di aghi. <\/p><p>La pettinatura rimuove gli ultimi residui di paglia e impurit\u00e0 dalle fibre, separa le fibre corte (chiamate &#8220;Stoppa di macchina&#8221;) dalle fibre lunghe, e raddrizza le fibre.<\/p>\t\t\t\t\t\t\t\t<\/div>\n\t\t\t\t<\/div>\n\t\t\t\t<\/div>\n\t\t<div class=\"elementor-element elementor-element-1f790272 e-con-full e-flex e-con e-child\" data-id=\"1f790272\" data-element_type=\"container\" data-e-type=\"container\">\n\t\t<div class=\"elementor-element elementor-element-17a769b1 e-con-full e-flex e-con e-child\" data-id=\"17a769b1\" data-element_type=\"container\" data-e-type=\"container\" data-settings=\"{&quot;background_background&quot;:&quot;classic&quot;}\">\n\t\t\t\t<div class=\"elementor-element elementor-element-af75ea6 elementor-widget elementor-widget-image\" data-id=\"af75ea6\" data-element_type=\"widget\" data-e-type=\"widget\" data-widget_type=\"image.default\">\n\t\t\t\t\t\t\t\t\t\t\t\t\t\t\t<img decoding=\"async\" width=\"800\" height=\"534\" src=\"https:\/\/elnawawycompany.com\/wp-content\/uploads\/2025\/02\/1F0A2629-scaled-1-1024x683.webp\" class=\"attachment-large size-large wp-image-2833\" alt=\"Fibre di lino di grado medio Stoppa di macchina\" srcset=\"https:\/\/elnawawycompany.com\/wp-content\/uploads\/2025\/02\/1F0A2629-scaled-1-1024x683.webp 1024w, https:\/\/elnawawycompany.com\/wp-content\/uploads\/2025\/02\/1F0A2629-scaled-1-300x200.webp 300w, https:\/\/elnawawycompany.com\/wp-content\/uploads\/2025\/02\/1F0A2629-scaled-1-768x512.webp 768w, https:\/\/elnawawycompany.com\/wp-content\/uploads\/2025\/02\/1F0A2629-scaled-1-1536x1024.webp 1536w, https:\/\/elnawawycompany.com\/wp-content\/uploads\/2025\/02\/1F0A2629-scaled-1-2048x1366.webp 2048w\" sizes=\"(max-width: 800px) 100vw, 800px\" title=\"\">\t\t\t\t\t\t\t\t\t\t\t\t\t\t\t<\/div>\n\t\t\t\t<div class=\"elementor-element elementor-element-10748b44 elementor-widget elementor-widget-heading\" data-id=\"10748b44\" data-element_type=\"widget\" data-e-type=\"widget\" data-widget_type=\"heading.default\">\n\t\t\t\t\t<h4 class=\"elementor-heading-title elementor-size-default\">Stoppa di macchina<span class=\"orange-text\"> (M.T.)<\/h4>\t\t\t\t<\/div>\n\t\t\t\t<div class=\"elementor-element elementor-element-56d4562f elementor-widget elementor-widget-text-editor\" data-id=\"56d4562f\" data-element_type=\"widget\" data-e-type=\"widget\" data-widget_type=\"text-editor.default\">\n\t\t\t\t\t\t\t\t\t<p>Offriamo la vendita di fibre Machine Tow (M.T.). Durante il processo di hackling, i pettini separano le fibre corte da quelle lunghe. Le fibre corte sono chiamate &#8220;Machine Tow&#8221;.  <\/p><p>La stoppa di macchina \u00e8 considerata una fibra di lino di media qualit\u00e0. Le sue fibre non sono lunghe come le fibre lunghe. \u00c8 un&#8217;ottima fibra per la filatura di filati con titolo da 0,2 Nm fino a 6 Nm.  <\/p>\t\t\t\t\t\t\t\t<\/div>\n\t\t\t\t<\/div>\n\t\t<div class=\"elementor-element elementor-element-aa2cd68 e-con-full e-flex e-con e-child\" data-id=\"aa2cd68\" data-element_type=\"container\" data-e-type=\"container\" data-settings=\"{&quot;background_background&quot;:&quot;classic&quot;}\">\n\t\t\t\t<div class=\"elementor-element elementor-element-56a6e104 elementor-widget elementor-widget-image\" data-id=\"56a6e104\" data-element_type=\"widget\" data-e-type=\"widget\" data-widget_type=\"image.default\">\n\t\t\t\t\t\t\t\t\t\t\t\t\t\t\t<img decoding=\"async\" width=\"800\" height=\"533\" src=\"https:\/\/elnawawycompany.com\/wp-content\/uploads\/2025\/02\/2-1-3-1024x682.webp\" class=\"attachment-large size-large wp-image-3109\" alt=\"Fibre di lino Arrous Stoppa ristigliata\" srcset=\"https:\/\/elnawawycompany.com\/wp-content\/uploads\/2025\/02\/2-1-3-1024x682.webp 1024w, https:\/\/elnawawycompany.com\/wp-content\/uploads\/2025\/02\/2-1-3-300x200.webp 300w, https:\/\/elnawawycompany.com\/wp-content\/uploads\/2025\/02\/2-1-3-768x512.webp 768w, https:\/\/elnawawycompany.com\/wp-content\/uploads\/2025\/02\/2-1-3.webp 1280w\" sizes=\"(max-width: 800px) 100vw, 800px\" title=\"\">\t\t\t\t\t\t\t\t\t\t\t\t\t\t\t<\/div>\n\t\t\t\t<div class=\"elementor-element elementor-element-2d8fa100 elementor-widget elementor-widget-heading\" data-id=\"2d8fa100\" data-element_type=\"widget\" data-e-type=\"widget\" data-widget_type=\"heading.default\">\n\t\t\t\t\t<h4 class=\"elementor-heading-title elementor-size-default\">Arrous <span class=\"orange-text\">(Stoppa stirata)<\/h4>\t\t\t\t<\/div>\n\t\t\t\t<div class=\"elementor-element elementor-element-269919d2 elementor-widget elementor-widget-text-editor\" data-id=\"269919d2\" data-element_type=\"widget\" data-e-type=\"widget\" data-widget_type=\"text-editor.default\">\n\t\t\t\t\t\t\t\t\t<p>Offriamo la vendita di fibre di Arrous con taglio di ritorno (R.T.). Le fibre di stoppa rescutched sono il risultato di un &#8220;rescutching&#8221; delle fibre. <\/p><p>Il processo di scotolatura pulisce la fibra da impurit\u00e0 e paglia. Tuttavia, \u201cspreca\u201d anche alcune fibre. Il risultato di scarto della scotolatura pu\u00f2 passare attraverso un processo di \u201criscotolatura\u201d per separare ulteriormente la paglia e le impurit\u00e0 dalle fibre sprecate. La fibra \u201criscotolata\u201d risultante \u00e8 chiamata Arrous. \u00c8 considerata la qualit\u00e0 pi\u00f9 bassa delle fibre di lino.    <\/p>\t\t\t\t\t\t\t\t<\/div>\n\t\t\t\t<\/div>\n\t\t\t\t<\/div>\n\t\t\t\t<\/div>\n\t\t\t\t\t<\/div>\n\t\t\t\t<\/div>\n\t\t<div class=\"elementor-element elementor-element-3ca706fe e-flex e-con-boxed e-con e-parent\" data-id=\"3ca706fe\" data-element_type=\"container\" data-e-type=\"container\">\n\t\t\t\t\t<div class=\"e-con-inner\">\n\t\t\t\t<div class=\"elementor-element elementor-element-53a29f7f elementor-widget elementor-widget-heading\" data-id=\"53a29f7f\" data-element_type=\"widget\" data-e-type=\"widget\" data-widget_type=\"heading.default\">\n\t\t\t\t\t<h2 class=\"elementor-heading-title elementor-size-default\">Per informazioni sulle <span class=\"orange-text\">fibre di lino egiziano e sulla materia prima <\/span>.... Ci contatti <span class=\"orange-text\">ora<\/span> <\/h2>\t\t\t\t<\/div>\n\t\t<div class=\"elementor-element elementor-element-3ea88893 e-con-full e-flex e-con e-child\" data-id=\"3ea88893\" data-element_type=\"container\" data-e-type=\"container\">\n\t\t\t\t<div class=\"elementor-element elementor-element-61d5ab67 elementor-widget__width-auto elementor-mobile-align-center elementor-widget-mobile__width-initial elementor-widget elementor-widget-button\" data-id=\"61d5ab67\" data-element_type=\"widget\" data-e-type=\"widget\" data-widget_type=\"button.default\">\n\t\t\t\t\t\t\t\t\t\t<a class=\"elementor-button elementor-button-link elementor-size-sm\" href=\"https:\/\/wa.me\/+201016663424\" rel=\"noopener\">\n\t\t\t\t\t\t<span class=\"elementor-button-content-wrapper\">\n\t\t\t\t\t\t<span class=\"elementor-button-icon\">\n\t\t\t\t<svg aria-hidden=\"true\" class=\"e-font-icon-svg e-fab-whatsapp\" viewBox=\"0 0 448 512\" xmlns=\"http:\/\/www.w3.org\/2000\/svg\"><path d=\"M380.9 97.1C339 55.1 283.2 32 223.9 32c-122.4 0-222 99.6-222 222 0 39.1 10.2 77.3 29.6 111L0 480l117.7-30.9c32.4 17.7 68.9 27 106.1 27h.1c122.3 0 224.1-99.6 224.1-222 0-59.3-25.2-115-67.1-157zm-157 341.6c-33.2 0-65.7-8.9-94-25.7l-6.7-4-69.8 18.3L72 359.2l-4.4-7c-18.5-29.4-28.2-63.3-28.2-98.2 0-101.7 82.8-184.5 184.6-184.5 49.3 0 95.6 19.2 130.4 54.1 34.8 34.9 56.2 81.2 56.1 130.5 0 101.8-84.9 184.6-186.6 184.6zm101.2-138.2c-5.5-2.8-32.8-16.2-37.9-18-5.1-1.9-8.8-2.8-12.5 2.8-3.7 5.6-14.3 18-17.6 21.8-3.2 3.7-6.5 4.2-12 1.4-32.6-16.3-54-29.1-75.5-66-5.7-9.8 5.7-9.1 16.3-30.3 1.8-3.7.9-6.9-.5-9.7-1.4-2.8-12.5-30.1-17.1-41.2-4.5-10.8-9.1-9.3-12.5-9.5-3.2-.2-6.9-.2-10.6-.2-3.7 0-9.7 1.4-14.8 6.9-5.1 5.6-19.4 19-19.4 46.3 0 27.3 19.9 53.7 22.6 57.4 2.8 3.7 39.1 59.7 94.8 83.8 35.2 15.2 49 16.5 66.6 13.9 10.7-1.6 32.8-13.4 37.4-26.4 4.6-13 4.6-24.1 3.2-26.4-1.3-2.5-5-3.9-10.5-6.6z\"><\/path><\/svg>\t\t\t<\/span>\n\t\t\t\t\t\t\t\t\t<span class=\"elementor-button-text\">WhatsApp<\/span>\n\t\t\t\t\t<\/span>\n\t\t\t\t\t<\/a>\n\t\t\t\t\t\t\t\t<\/div>\n\t\t\t\t<div class=\"elementor-element elementor-element-2354de2f elementor-widget__width-auto elementor-mobile-align-center elementor-widget-mobile__width-initial elementor-widget elementor-widget-button\" data-id=\"2354de2f\" data-element_type=\"widget\" data-e-type=\"widget\" data-widget_type=\"button.default\">\n\t\t\t\t\t\t\t\t\t\t<a class=\"elementor-button elementor-button-link elementor-size-sm\" href=\"mailto:info@elnawawycompany.com\">\n\t\t\t\t\t\t<span class=\"elementor-button-content-wrapper\">\n\t\t\t\t\t\t<span class=\"elementor-button-icon\">\n\t\t\t\t<svg aria-hidden=\"true\" class=\"e-font-icon-svg e-fas-envelope\" viewBox=\"0 0 512 512\" xmlns=\"http:\/\/www.w3.org\/2000\/svg\"><path d=\"M502.3 190.8c3.9-3.1 9.7-.2 9.7 4.7V400c0 26.5-21.5 48-48 48H48c-26.5 0-48-21.5-48-48V195.6c0-5 5.7-7.8 9.7-4.7 22.4 17.4 52.1 39.5 154.1 113.6 21.1 15.4 56.7 47.8 92.2 47.6 35.7.3 72-32.8 92.3-47.6 102-74.1 131.6-96.3 154-113.7zM256 320c23.2.4 56.6-29.2 73.4-41.4 132.7-96.3 142.8-104.7 173.4-128.7 5.8-4.5 9.2-11.5 9.2-18.9v-19c0-26.5-21.5-48-48-48H48C21.5 64 0 85.5 0 112v19c0 7.4 3.4 14.3 9.2 18.9 30.6 23.9 40.7 32.4 173.4 128.7 16.8 12.2 50.2 41.8 73.4 41.4z\"><\/path><\/svg>\t\t\t<\/span>\n\t\t\t\t\t\t\t\t\t<span class=\"elementor-button-text\">Mandaci un'email<\/span>\n\t\t\t\t\t<\/span>\n\t\t\t\t\t<\/a>\n\t\t\t\t\t\t\t\t<\/div>\n\t\t\t\t<\/div>\n\t\t\t\t\t<\/div>\n\t\t\t\t<\/div>\n\t\t<div class=\"elementor-element elementor-element-67e30813 e-flex e-con-boxed e-con e-parent\" data-id=\"67e30813\" data-element_type=\"container\" data-e-type=\"container\" data-settings=\"{&quot;background_background&quot;:&quot;classic&quot;}\">\n\t\t\t\t\t<div class=\"e-con-inner\">\n\t\t\t\t<div class=\"elementor-element elementor-element-3b4e22a4 animated-slow elementor-widget-mobile__width-auto elementor-invisible elementor-widget elementor-widget-heading\" data-id=\"3b4e22a4\" data-element_type=\"widget\" data-e-type=\"widget\" data-settings=\"{&quot;_animation&quot;:&quot;slideInUp&quot;}\" data-widget_type=\"heading.default\">\n\t\t\t\t\t<h2 class=\"elementor-heading-title elementor-size-default\">Perch\u00e9 scegliere le fibre di lino egiziano?<\/h2>\t\t\t\t<\/div>\n\t\t<div class=\"elementor-element elementor-element-711405c3 e-con-full e-flex e-con e-child\" data-id=\"711405c3\" data-element_type=\"container\" data-e-type=\"container\">\n\t\t<div class=\"elementor-element elementor-element-6f48ffe7 animated-slow e-con-full e-flex elementor-invisible e-con e-child\" data-id=\"6f48ffe7\" data-element_type=\"container\" data-e-type=\"container\" data-settings=\"{&quot;background_background&quot;:&quot;classic&quot;,&quot;animation&quot;:&quot;fadeInUp&quot;,&quot;animation_delay&quot;:600}\">\n\t\t\t\t<\/div>\n\t\t<div class=\"elementor-element elementor-element-4a936490 e-con-full e-flex e-con e-child\" data-id=\"4a936490\" data-element_type=\"container\" data-e-type=\"container\">\n\t\t\t\t<div class=\"elementor-element elementor-element-63e4893 elementor-blockquote--skin-quotation elementor-blockquote--align-center elementor-widget elementor-widget-blockquote\" data-id=\"63e4893\" data-element_type=\"widget\" data-e-type=\"widget\" data-widget_type=\"blockquote.default\">\n\t\t\t\t\t\t\t<blockquote class=\"elementor-blockquote\">\n\t\t\t<p class=\"elementor-blockquote__content\">\n\t\t\t\tLino egiziano<br>Dove le vere origini<br>del lino si trovano \u2013 In Egitto, non in Europa\t\t\t<\/p>\n\t\t\t\t\t<\/blockquote>\n\t\t\t\t\t\t<\/div>\n\t\t\t\t<div class=\"elementor-element elementor-element-2e184121 elementor-widget elementor-widget-text-editor\" data-id=\"2e184121\" data-element_type=\"widget\" data-e-type=\"widget\" data-widget_type=\"text-editor.default\">\n\t\t\t\t\t\t\t\t\t<p class=\"\" data-start=\"198\" data-end=\"604\">Le fibre di lino egiziano sono rinomate a livello globale per la loro qualit\u00e0 superiore, resistenza e purezza, in gran parte grazie alle condizioni di crescita ideali dell&#8217;Egitto\u2014terreno fertile, luce solare ottimale e metodi di raccolta tradizionali mantenuti con cura. <\/p><p class=\"\" data-start=\"198\" data-end=\"604\">Questi fattori producono fibre note per eccezionale resistenza, durabilit\u00e0 e bellezza naturale, rendendo il lino egiziano molto ricercato per applicazioni tessili di lusso in tutto il mondo.<\/p>\t\t\t\t\t\t\t\t<\/div>\n\t\t\t\t<\/div>\n\t\t\t\t<\/div>\n\t\t\t\t\t<\/div>\n\t\t\t\t<\/div>\n\t\t\t\t<\/div>\n\t\t","protected":false},"excerpt":{"rendered":"<p>Fibra di lino egiziano e materie prime Home La fibra di lino \u00e8 una delle pi\u00f9 antiche fibre naturali utilizzate per i tessuti, risalente alle antiche civilt\u00e0 dell&#8217;Egitto e della Cina. Oggi, la fibra di lino sta guadagnando nuovamente popolarit\u00e0 come alternativa sostenibile ed ecologica alle fibre sintetiche, come poliestere e nylon, che derivano da [&hellip;]<\/p>\n","protected":false},"author":1,"featured_media":2893,"parent":3500,"menu_order":0,"comment_status":"closed","ping_status":"closed","template":"elementor_header_footer","meta":{"footnotes":""},"class_list":["post-3533","page","type-page","status-publish","has-post-thumbnail","hentry"],"_links":{"self":[{"href":"https:\/\/elnawawycompany.com\/it\/wp-json\/wp\/v2\/pages\/3533","targetHints":{"allow":["GET"]}}],"collection":[{"href":"https:\/\/elnawawycompany.com\/it\/wp-json\/wp\/v2\/pages"}],"about":[{"href":"https:\/\/elnawawycompany.com\/it\/wp-json\/wp\/v2\/types\/page"}],"author":[{"embeddable":true,"href":"https:\/\/elnawawycompany.com\/it\/wp-json\/wp\/v2\/users\/1"}],"replies":[{"embeddable":true,"href":"https:\/\/elnawawycompany.com\/it\/wp-json\/wp\/v2\/comments?post=3533"}],"version-history":[{"count":5,"href":"https:\/\/elnawawycompany.com\/it\/wp-json\/wp\/v2\/pages\/3533\/revisions"}],"predecessor-version":[{"id":10243,"href":"https:\/\/elnawawycompany.com\/it\/wp-json\/wp\/v2\/pages\/3533\/revisions\/10243"}],"up":[{"embeddable":true,"href":"https:\/\/elnawawycompany.com\/it\/wp-json\/wp\/v2\/pages\/3500"}],"wp:featuredmedia":[{"embeddable":true,"href":"https:\/\/elnawawycompany.com\/it\/wp-json\/wp\/v2\/media\/2893"}],"wp:attachment":[{"href":"https:\/\/elnawawycompany.com\/it\/wp-json\/wp\/v2\/media?parent=3533"}],"curies":[{"name":"wp","href":"https:\/\/api.w.org\/{rel}","templated":true}]}}