{"id":6562,"date":"2025-09-01T13:12:16","date_gmt":"2025-09-01T11:12:16","guid":{"rendered":"https:\/\/elnawawycompany.com\/certifications\/"},"modified":"2026-01-25T03:49:38","modified_gmt":"2026-01-25T03:49:38","slug":"certifications","status":"publish","type":"page","link":"https:\/\/elnawawycompany.com\/fr\/certifications\/","title":{"rendered":"Certifications"},"content":{"rendered":"\t\t<div data-elementor-type=\"wp-page\" data-elementor-id=\"6562\" class=\"elementor elementor-6562 elementor-6387\" data-elementor-post-type=\"page\">\n\t\t\t\t<div class=\"elementor-element elementor-element-b2e07a7 e-flex e-con-boxed e-con e-parent\" data-id=\"b2e07a7\" data-element_type=\"container\" data-e-type=\"container\" data-settings=\"{&quot;background_background&quot;:&quot;classic&quot;}\">\n\t\t\t\t\t<div class=\"e-con-inner\">\n\t\t\t\t<div class=\"elementor-element elementor-element-34adfec elementor-widget elementor-widget-heading\" data-id=\"34adfec\" data-element_type=\"widget\" data-e-type=\"widget\" data-widget_type=\"heading.default\">\n\t\t\t\t\t<h1 class=\"elementor-heading-title elementor-size-default\">SOCI\u00c9T\u00c9 EL NAWAWY<br>Certifications ISO 22000, ISO 9001 et ISO 14001<\/h1>\t\t\t\t<\/div>\n\t\t\t\t<div class=\"elementor-element elementor-element-fc65c95 elementor-align-center elementor-widget elementor-widget-breadcrumbs\" data-id=\"fc65c95\" data-element_type=\"widget\" data-e-type=\"widget\" data-widget_type=\"breadcrumbs.default\">\n\t\t\t\t<div class=\"elementor-widget-container\">\n\t\t\t\t\t<nav aria-label=\"breadcrumbs\" class=\"rank-math-breadcrumb\"><p><span class=\"last\">Accueil<\/span><\/p><\/nav>\t\t\t\t<\/div>\n\t\t\t\t<\/div>\n\t\t\t\t\t<\/div>\n\t\t\t\t<\/div>\n\t\t<div class=\"elementor-element elementor-element-fe8c646 e-flex e-con-boxed e-con e-parent\" data-id=\"fe8c646\" data-element_type=\"container\" data-e-type=\"container\">\n\t\t\t\t\t<div class=\"e-con-inner\">\n\t\t\t\t<div class=\"elementor-element elementor-element-0a0b272 elementor-widget elementor-widget-text-editor\" data-id=\"0a0b272\" data-element_type=\"widget\" data-e-type=\"widget\" data-widget_type=\"text-editor.default\">\n\t\t\t\t\t\t\t\t\t<p class=\"\" data-start=\"0\" data-end=\"314\">Fid\u00e8les \u00e0 notre engagement en mati\u00e8re de Responsabilit\u00e9 Sociale d&rsquo;Entreprise, nous nous engageons \u00e0 promouvoir l&rsquo;ouverture et \u00e0 garantir un acc\u00e8s facile aux informations essentielles pour tous nos visiteurs. \u00c0 cette fin, nous offrons un acc\u00e8s complet et illimit\u00e9 \u00e0 tous nos certificats et documents officiels, y compris les accr\u00e9ditations ELNAWAWY. <\/p><p class=\"\" data-start=\"316\" data-end=\"610\">Cette initiative souligne notre d\u00e9termination \u00e0 \u00e9tablir une confiance solide avec nos partenaires et clients en offrant une transparence totale sur nos pratiques et engagements. Nous croyons fermement qu&rsquo;une communication claire et sinc\u00e8re est fondamentale pour \u00e9tablir des relations durables et responsables. <\/p>\t\t\t\t\t\t\t\t<\/div>\n\t\t\t\t\t<\/div>\n\t\t\t\t<\/div>\n\t\t<div class=\"elementor-element elementor-element-dd59a36 e-flex e-con-boxed e-con e-parent\" data-id=\"dd59a36\" data-element_type=\"container\" data-e-type=\"container\">\n\t\t\t\t\t<div class=\"e-con-inner\">\n\t\t<div class=\"elementor-element elementor-element-9092108 e-con-full e-flex e-con e-child\" data-id=\"9092108\" data-element_type=\"container\" data-e-type=\"container\" id=\"iso-22000\" data-settings=\"{&quot;background_background&quot;:&quot;classic&quot;}\">\n\t\t\t\t<div class=\"elementor-element elementor-element-99f57a5 elementor-widget-mobile__width-initial elementor-widget elementor-widget-image\" data-id=\"99f57a5\" data-element_type=\"widget\" data-e-type=\"widget\" data-widget_type=\"image.default\">\n\t\t\t\t\t\t\t\t\t\t\t\t\t\t\t<img decoding=\"async\" width=\"256\" height=\"256\" src=\"https:\/\/elnawawycompany.com\/wp-content\/uploads\/2025\/04\/iso-22000.webp\" class=\"attachment-full size-full wp-image-6455\" alt=\"Certificat ISO 22000 (Gestion de la s\u00e9curit\u00e9 alimentaire), l&#039;une des certifications iso de la soci\u00e9t\u00e9 el nawawy\" srcset=\"https:\/\/elnawawycompany.com\/wp-content\/uploads\/2025\/04\/iso-22000.webp 256w, https:\/\/elnawawycompany.com\/wp-content\/uploads\/2025\/04\/iso-22000-150x150.webp 150w, https:\/\/elnawawycompany.com\/wp-content\/uploads\/2025\/04\/iso-22000-100x100.webp 100w, https:\/\/elnawawycompany.com\/wp-content\/uploads\/2025\/04\/iso-22000-50x50.webp 50w\" sizes=\"(max-width: 256px) 100vw, 256px\" title=\"\">\t\t\t\t\t\t\t\t\t\t\t\t\t\t\t<\/div>\n\t\t\t\t<div class=\"elementor-element elementor-element-710498e elementor-widget elementor-widget-heading\" data-id=\"710498e\" data-element_type=\"widget\" data-e-type=\"widget\" id=\"iso-22000\" data-widget_type=\"heading.default\">\n\t\t\t\t\t<h2 class=\"elementor-heading-title elementor-size-default\">ISO 22000<\/h2>\t\t\t\t<\/div>\n\t\t\t\t<div class=\"elementor-element elementor-element-566183f elementor-widget elementor-widget-text-editor\" data-id=\"566183f\" data-element_type=\"widget\" data-e-type=\"widget\" data-widget_type=\"text-editor.default\">\n\t\t\t\t\t\t\t\t\t<p>Cette certification ISO 22000 garantit un syst\u00e8me de gestion de la s\u00e9curit\u00e9 int\u00e9gr\u00e9, assurant une hygi\u00e8ne rigoureuse, une tra\u00e7abilit\u00e9 irr\u00e9prochable et des am\u00e9liorations continues tout au long des \u00e9tapes de production du Lin.<\/p>\t\t\t\t\t\t\t\t<\/div>\n\t\t\t\t<div class=\"elementor-element elementor-element-a907054 elementor-widget elementor-widget-text-editor\" data-id=\"a907054\" data-element_type=\"widget\" data-e-type=\"widget\" data-widget_type=\"text-editor.default\">\n\t\t\t\t\t\t\t\t\t<div style=\"background: #fffaf0; border: 2px solid #e9d7a5; border-radius: 14px; padding: 16px 18px; line-height: 1.55;\"><h3 style=\"font-weight: bold; font-size: 18px; margin: 0 0 10px; color: #594a1e;\">D\u00e9tails du certificat<\/h3><dl style=\"display: grid; grid-template-columns: 170px 1fr; gap: 8px 12px; margin: 0;\"><dt style=\"margin: 0; font-weight: 600;\">Nom de la certification<\/dt><dd style=\"margin: 0;\">Certification ISO 22000<\/dd><dt style=\"margin: 0; font-weight: 600;\">Identifiant du certificat<\/dt><dd style=\"margin: 0;\">1210325D<\/dd><dt style=\"margin: 0; font-weight: 600;\">Statut<\/dt><dd style=\"margin: 0;\">Actif<\/dd><dt style=\"margin: 0; font-weight: 600;\">Organisme de certification<\/dt><dd style=\"margin: 0;\">Services de certification OSS Moyen-Orient<\/dd><dt style=\"margin: 0; font-weight: 600;\">Pays<\/dt><dd style=\"margin: 0;\">Egypte<\/dd><dt style=\"margin: 0; font-weight: 600;\">D\u00e9livr\u00e9<\/dt><dd style=\"margin: 0;\">2025-03-27<\/dd><dt style=\"margin: 0; font-weight: 600;\">Derni\u00e8re \u00e9mission<\/dt><dd style=\"margin: 0;\">2025-03-27<\/dd><dt style=\"margin: 0; font-weight: 600;\">Valable jusqu&rsquo;au<\/dt><dd style=\"margin: 0;\">2026-03-26<\/dd><dt style=\"margin: 0; font-weight: 600;\">Soci\u00e9t\u00e9<\/dt><dd style=\"margin: 0;\">El Nawawy pour l&rsquo;huile et les graines Mohamed Mohamed Youssef el Nawawy<\/dd><dt style=\"margin: 0; font-weight: 600;\">Adresse<\/dt><dd style=\"margin: 0;\">Saft Torab, 6e KM Route agricole El Mahalla\u2013Tanta, Gharbia, \u00c9gypte<\/dd><\/dl><div style=\"margin-top: 10px; padding-top: 10px; border-top: 1px dashed #e0c98d;\"><strong>Port\u00e9e :<\/strong> Conception et fabrication de fils et cordes de lin et de fibres naturelles<\/div><div style=\"margin-top: 10px;\"><a style=\"text-decoration: underline; color: #8b6b00;\" href=\"https:\/\/ossmideast.com\/verify-certificates\/\" target=\"_blank\" rel=\"noopener\"><br>Valider ce certificat \u2197<br><\/a><\/div><\/div>\t\t\t\t\t\t\t\t<\/div>\n\t\t\t\t<div class=\"elementor-element elementor-element-ad3bc4b elementor-align-center elementor-widget elementor-widget-button\" data-id=\"ad3bc4b\" data-element_type=\"widget\" data-e-type=\"widget\" data-widget_type=\"button.default\">\n\t\t\t\t\t\t\t\t\t\t<a class=\"elementor-button elementor-button-link elementor-size-sm\" href=\"https:\/\/elnawawycompany.com\/wp-content\/uploads\/2025\/04\/ISO-22000.pdf\" target=\"_blank\" download=\"ISO-22000.pdf\" rel=\"noopener\" aria-label=\"Download ISO 22000 certificate PDF\" id=\"btn-cert-iso-22000\">\n\t\t\t\t\t\t<span class=\"elementor-button-content-wrapper\">\n\t\t\t\t\t\t\t\t\t<span class=\"elementor-button-text\">Certificat ISO 22000 (PDF)<\/span>\n\t\t\t\t\t<\/span>\n\t\t\t\t\t<\/a>\n\t\t\t\t\t\t\t\t<\/div>\n\t\t\t\t<\/div>\n\t\t<div class=\"elementor-element elementor-element-b826a4f e-con-full e-flex e-con e-child\" data-id=\"b826a4f\" data-element_type=\"container\" data-e-type=\"container\" id=\"iso-14001\" data-settings=\"{&quot;background_background&quot;:&quot;classic&quot;}\">\n\t\t\t\t<div class=\"elementor-element elementor-element-3764fe4 elementor-widget-mobile__width-initial elementor-widget elementor-widget-image\" data-id=\"3764fe4\" data-element_type=\"widget\" data-e-type=\"widget\" data-widget_type=\"image.default\">\n\t\t\t\t\t\t\t\t\t\t\t\t\t\t\t<img decoding=\"async\" width=\"256\" height=\"256\" src=\"https:\/\/elnawawycompany.com\/wp-content\/uploads\/2025\/04\/iso-14001.webp\" class=\"attachment-large size-large wp-image-6460\" alt=\"Certificat ISO 14001 (Syst\u00e8mes de management environnemental)\" srcset=\"https:\/\/elnawawycompany.com\/wp-content\/uploads\/2025\/04\/iso-14001.webp 256w, https:\/\/elnawawycompany.com\/wp-content\/uploads\/2025\/04\/iso-14001-150x150.webp 150w, https:\/\/elnawawycompany.com\/wp-content\/uploads\/2025\/04\/iso-14001-100x100.webp 100w, https:\/\/elnawawycompany.com\/wp-content\/uploads\/2025\/04\/iso-14001-50x50.webp 50w\" sizes=\"(max-width: 256px) 100vw, 256px\" title=\"\">\t\t\t\t\t\t\t\t\t\t\t\t\t\t\t<\/div>\n\t\t\t\t<div class=\"elementor-element elementor-element-717013f elementor-widget elementor-widget-heading\" data-id=\"717013f\" data-element_type=\"widget\" data-e-type=\"widget\" id=\"iso-14001\" data-widget_type=\"heading.default\">\n\t\t\t\t\t<h2 class=\"elementor-heading-title elementor-size-default\">ISO 14001<\/h2>\t\t\t\t<\/div>\n\t\t\t\t<div class=\"elementor-element elementor-element-0d3e5f7 elementor-widget elementor-widget-text-editor\" data-id=\"0d3e5f7\" data-element_type=\"widget\" data-e-type=\"widget\" data-widget_type=\"text-editor.default\">\n\t\t\t\t\t\t\t\t\t<p>Cette certification ISO 14001 v\u00e9rifie notre syst\u00e8me de gestion environnementale, assurant des pratiques durables, un impact r\u00e9duit et une utilisation efficace des ressources dans les <a href=\"https:\/\/elnawawycompany.com\/fr\/quel-est-le-processus-de-filature\/\">processus de production du Lin<\/a>.<\/p>\t\t\t\t\t\t\t\t<\/div>\n\t\t\t\t<div class=\"elementor-element elementor-element-2018964 elementor-widget elementor-widget-text-editor\" data-id=\"2018964\" data-element_type=\"widget\" data-e-type=\"widget\" data-widget_type=\"text-editor.default\">\n\t\t\t\t\t\t\t\t\t<div style=\"background: #fffaf0; border: 2px solid #e9d7a5; border-radius: 14px; padding: 16px 18px; line-height: 1.55;\"><h3 style=\"font-weight: bold; font-size: 18px; margin: 0 0 10px; color: #594a1e;\">D\u00e9tails du certificat<\/h3><dl style=\"display: grid; grid-template-columns: 170px 1fr; gap: 8px 12px; margin: 0;\"><dt style=\"margin: 0; font-weight: 600;\">Nom de la certification<\/dt><dd style=\"margin: 0;\">Certification ISO 14001<\/dd><dt style=\"margin: 0; font-weight: 600;\">Identifiant du certificat<\/dt><dd style=\"margin: 0;\">1210325B<\/dd><dt style=\"margin: 0; font-weight: 600;\">Statut<\/dt><dd style=\"margin: 0;\">Actif<\/dd><dt style=\"margin: 0; font-weight: 600;\">Organisme de certification<\/dt><dd style=\"margin: 0;\">Services de certification OSS Moyen-Orient<\/dd><dt style=\"margin: 0; font-weight: 600;\">Pays<\/dt><dd style=\"margin: 0;\">Egypte<\/dd><dt style=\"margin: 0; font-weight: 600;\">D\u00e9livr\u00e9<\/dt><dd style=\"margin: 0;\">2025-03-27<\/dd><dt style=\"margin: 0; font-weight: 600;\">Derni\u00e8re \u00e9mission<\/dt><dd style=\"margin: 0;\">2025-03-27<\/dd><dt style=\"margin: 0; font-weight: 600;\">Valable jusqu&rsquo;au<\/dt><dd style=\"margin: 0;\">2026-03-26<\/dd><dt style=\"margin: 0; font-weight: 600;\">Soci\u00e9t\u00e9<\/dt><dd style=\"margin: 0;\">El Nawawy pour l&rsquo;huile et les graines Mohamed Mohamed Youssef el Nawawy<\/dd><dt style=\"margin: 0; font-weight: 600;\">Adresse<\/dt><dd style=\"margin: 0;\">Saft Torab, 6e KM Route agricole El Mahalla\u2013Tanta, Gharbia, \u00c9gypte<\/dd><\/dl><div style=\"margin-top: 10px; padding-top: 10px; border-top: 1px dashed #e0c98d;\"><strong>Port\u00e9e :<\/strong> Conception et fabrication de fils et cordes de lin et de fibres naturelles<\/div><div style=\"margin-top: 10px;\"><a style=\"text-decoration: underline; color: #8b6b00;\" href=\"https:\/\/ossmideast.com\/verify-certificates\/\" target=\"_blank\" rel=\"noopener\"><br>Valider ce certificat \u2197<br><\/a><\/div><\/div>\t\t\t\t\t\t\t\t<\/div>\n\t\t\t\t<div class=\"elementor-element elementor-element-d7e3711 elementor-align-center elementor-widget elementor-widget-button\" data-id=\"d7e3711\" data-element_type=\"widget\" data-e-type=\"widget\" data-widget_type=\"button.default\">\n\t\t\t\t\t\t\t\t\t\t<a class=\"elementor-button elementor-button-link elementor-size-sm\" href=\"https:\/\/elnawawycompany.com\/wp-content\/uploads\/2025\/04\/ISO-14001.pdf\" target=\"_blank\" rel=\"noopener\" download=\"ISO-14001.pdf\" aria-label=\"Download ISO 14001 certificate PDF\" id=\"btn-cert-iso-14001\">\n\t\t\t\t\t\t<span class=\"elementor-button-content-wrapper\">\n\t\t\t\t\t\t\t\t\t<span class=\"elementor-button-text\">Certificat ISO 14001 (PDF)<\/span>\n\t\t\t\t\t<\/span>\n\t\t\t\t\t<\/a>\n\t\t\t\t\t\t\t\t<\/div>\n\t\t\t\t<\/div>\n\t\t<div class=\"elementor-element elementor-element-96e02a0 e-con-full e-flex e-con e-child\" data-id=\"96e02a0\" data-element_type=\"container\" data-e-type=\"container\" id=\"iso-9001\" data-settings=\"{&quot;background_background&quot;:&quot;classic&quot;}\">\n\t\t\t\t<div class=\"elementor-element elementor-element-2078bde elementor-widget-mobile__width-initial elementor-widget elementor-widget-image\" data-id=\"2078bde\" data-element_type=\"widget\" data-e-type=\"widget\" data-widget_type=\"image.default\">\n\t\t\t\t\t\t\t\t\t\t\t\t\t\t\t<img decoding=\"async\" width=\"256\" height=\"256\" src=\"https:\/\/elnawawycompany.com\/wp-content\/uploads\/2025\/04\/iso-9001.webp\" class=\"attachment-large size-large wp-image-6450\" alt=\"Certificat ISO 9001 (Syst\u00e8mes de management de la qualit\u00e9)\" srcset=\"https:\/\/elnawawycompany.com\/wp-content\/uploads\/2025\/04\/iso-9001.webp 256w, https:\/\/elnawawycompany.com\/wp-content\/uploads\/2025\/04\/iso-9001-150x150.webp 150w, https:\/\/elnawawycompany.com\/wp-content\/uploads\/2025\/04\/iso-9001-100x100.webp 100w, https:\/\/elnawawycompany.com\/wp-content\/uploads\/2025\/04\/iso-9001-50x50.webp 50w\" sizes=\"(max-width: 256px) 100vw, 256px\" title=\"\">\t\t\t\t\t\t\t\t\t\t\t\t\t\t\t<\/div>\n\t\t\t\t<div class=\"elementor-element elementor-element-76759d8 elementor-widget elementor-widget-heading\" data-id=\"76759d8\" data-element_type=\"widget\" data-e-type=\"widget\" id=\"iso-9001\" data-widget_type=\"heading.default\">\n\t\t\t\t\t<h2 class=\"elementor-heading-title elementor-size-default\">ISO 9001<\/h2>\t\t\t\t<\/div>\n\t\t\t\t<div class=\"elementor-element elementor-element-ea95be9 elementor-widget elementor-widget-text-editor\" data-id=\"ea95be9\" data-element_type=\"widget\" data-e-type=\"widget\" data-widget_type=\"text-editor.default\">\n\t\t\t\t\t\t\t\t\t<p>Cette certification ISO 9001 valide des syst\u00e8mes de gestion de la <a href=\"https:\/\/elnawawycompany.com\/fr\/normes-de-qualite-a-el-nawawy\/\">qualit\u00e9<\/a> efficaces, favorisant l&rsquo;am\u00e9lioration continue, l&rsquo;excellence et la fiabilit\u00e9 dans toutes les phases des op\u00e9rations de traitement du Lin.<\/p>\t\t\t\t\t\t\t\t<\/div>\n\t\t\t\t<div class=\"elementor-element elementor-element-5ef7e4f elementor-widget elementor-widget-text-editor\" data-id=\"5ef7e4f\" data-element_type=\"widget\" data-e-type=\"widget\" data-widget_type=\"text-editor.default\">\n\t\t\t\t\t\t\t\t\t<div style=\"background: #fffaf0; border: 2px solid #e9d7a5; border-radius: 14px; padding: 16px 18px; line-height: 1.55;\"><h3 style=\"font-weight: bold; font-size: 18px; margin: 0 0 10px; color: #594a1e;\">D\u00e9tails du certificat<\/h3><dl style=\"display: grid; grid-template-columns: 170px 1fr; gap: 8px 12px; margin: 0;\"><dt style=\"margin: 0; font-weight: 600;\">Nom de la certification<\/dt><dd style=\"margin: 0;\">ISO 9001:2015<\/dd><dt style=\"margin: 0; font-weight: 600;\">Identifiant du certificat<\/dt><dd style=\"margin: 0;\">EG-QMS-2586<\/dd><dt style=\"margin: 0; font-weight: 600;\">Statut<\/dt><dd style=\"margin: 0;\">ACTIF<\/dd><dt style=\"margin: 0; font-weight: 600;\">Organisme de certification<\/dt><dd style=\"margin: 0;\">Certification Brilliant (accr\u00e9dit\u00e9e EGAC)<\/dd><dt style=\"margin: 0; font-weight: 600;\">Pays<\/dt><dd style=\"margin: 0;\">Egypte<\/dd><dt style=\"margin: 0; font-weight: 600;\">D\u00e9livr\u00e9<\/dt><dd style=\"margin: 0;\">2024-07-22<\/dd><dt style=\"margin: 0; font-weight: 600;\">Valable jusqu&rsquo;au<\/dt><dd style=\"margin: 0;\">2027-07-21<\/dd><dt style=\"margin: 0; font-weight: 600;\">Soci\u00e9t\u00e9<\/dt><dd style=\"margin: 0;\">El Nawawy pour les huiles et les graines (Mohamed Mohamed El Nawawy et son partenaire)<\/dd><dt style=\"margin: 0; font-weight: 600;\">Adresse<\/dt><dd style=\"margin: 0;\">Saft Torab, Centre Al Mahala Al Kobra, Gharbia, \u00c9gypte<\/dd><\/dl><div style=\"margin-top: 10px; padding-top: 10px; border-top: 1px dashed #e0c98d;\"><strong>Port\u00e9e :<\/strong> Pr\u00e9paration, fabrication et exportation de fil de lin et de lin<\/div><div style=\"margin-top: 10px;\"><a style=\"text-decoration: underline; color: #8b6b00;\" href=\"http:\/\/www.brilliantcert.com\/\" target=\"_blank\" rel=\"noopener\"><br>Valider ce certificat \u2197<br><\/a><\/div><\/div>\t\t\t\t\t\t\t\t<\/div>\n\t\t\t\t<div class=\"elementor-element elementor-element-4ae77b0 elementor-align-center elementor-widget elementor-widget-button\" data-id=\"4ae77b0\" data-element_type=\"widget\" data-e-type=\"widget\" data-widget_type=\"button.default\">\n\t\t\t\t\t\t\t\t\t\t<a class=\"elementor-button elementor-button-link elementor-size-sm\" href=\"https:\/\/elnawawycompany.com\/wp-content\/uploads\/2025\/04\/iso9001.pdf\" target=\"_blank\" rel=\"noopener\" download=\"ISO-9001.pdf\" aria-label=\"Download ISO 9001 certificate PDF\" id=\"btn-cert-iso-9001\">\n\t\t\t\t\t\t<span class=\"elementor-button-content-wrapper\">\n\t\t\t\t\t\t\t\t\t<span class=\"elementor-button-text\">Certificat ISO 9001 (PDF)<\/span>\n\t\t\t\t\t<\/span>\n\t\t\t\t\t<\/a>\n\t\t\t\t\t\t\t\t<\/div>\n\t\t\t\t<\/div>\n\t\t\t\t\t<\/div>\n\t\t\t\t<\/div>\n\t\t\t\t<\/div>\n\t\t","protected":false},"excerpt":{"rendered":"<p>SOCI\u00c9T\u00c9 EL NAWAWYCertifications ISO 22000, ISO 9001 et ISO 14001 Home Fid\u00e8les \u00e0 notre engagement en mati\u00e8re de Responsabilit\u00e9 Sociale d&rsquo;Entreprise, nous nous engageons \u00e0 promouvoir l&rsquo;ouverture et \u00e0 garantir un acc\u00e8s facile aux informations essentielles pour tous nos visiteurs. \u00c0 cette fin, nous offrons un acc\u00e8s complet et illimit\u00e9 \u00e0 tous nos certificats et [&hellip;]<\/p>\n","protected":false},"author":1,"featured_media":6450,"parent":0,"menu_order":0,"comment_status":"closed","ping_status":"closed","template":"elementor_header_footer","meta":{"footnotes":""},"class_list":["post-6562","page","type-page","status-publish","has-post-thumbnail","hentry"],"_links":{"self":[{"href":"https:\/\/elnawawycompany.com\/fr\/wp-json\/wp\/v2\/pages\/6562","targetHints":{"allow":["GET"]}}],"collection":[{"href":"https:\/\/elnawawycompany.com\/fr\/wp-json\/wp\/v2\/pages"}],"about":[{"href":"https:\/\/elnawawycompany.com\/fr\/wp-json\/wp\/v2\/types\/page"}],"author":[{"embeddable":true,"href":"https:\/\/elnawawycompany.com\/fr\/wp-json\/wp\/v2\/users\/1"}],"replies":[{"embeddable":true,"href":"https:\/\/elnawawycompany.com\/fr\/wp-json\/wp\/v2\/comments?post=6562"}],"version-history":[{"count":5,"href":"https:\/\/elnawawycompany.com\/fr\/wp-json\/wp\/v2\/pages\/6562\/revisions"}],"predecessor-version":[{"id":11432,"href":"https:\/\/elnawawycompany.com\/fr\/wp-json\/wp\/v2\/pages\/6562\/revisions\/11432"}],"wp:featuredmedia":[{"embeddable":true,"href":"https:\/\/elnawawycompany.com\/fr\/wp-json\/wp\/v2\/media\/6450"}],"wp:attachment":[{"href":"https:\/\/elnawawycompany.com\/fr\/wp-json\/wp\/v2\/media?parent=6562"}],"curies":[{"name":"wp","href":"https:\/\/api.w.org\/{rel}","templated":true}]}}