{"id":3561,"date":"2025-02-26T20:09:34","date_gmt":"2025-02-26T18:09:34","guid":{"rendered":"https:\/\/elnawawycompany.com\/normes-de-qualite-a-el-nawawy\/"},"modified":"2025-09-19T05:45:55","modified_gmt":"2025-09-19T05:45:55","slug":"normes-de-qualite-a-el-nawawy","status":"publish","type":"page","link":"https:\/\/elnawawycompany.com\/fr\/normes-de-qualite-a-el-nawawy\/","title":{"rendered":"Normes de qualit\u00e9 \u00e0 El-Nawawy"},"content":{"rendered":"\t\t<div data-elementor-type=\"wp-page\" data-elementor-id=\"3561\" class=\"elementor elementor-3561 elementor-776\" data-elementor-post-type=\"page\">\n\t\t\t\t<div class=\"elementor-element elementor-element-6059f29b e-flex e-con-boxed e-con e-parent\" data-id=\"6059f29b\" data-element_type=\"container\" data-e-type=\"container\" data-settings=\"{&quot;background_background&quot;:&quot;classic&quot;}\">\n\t\t\t\t\t<div class=\"e-con-inner\">\n\t\t\t\t<div class=\"elementor-element elementor-element-32a79431 elementor-widget elementor-widget-heading\" data-id=\"32a79431\" data-element_type=\"widget\" data-e-type=\"widget\" data-widget_type=\"heading.default\">\n\t\t\t\t\t<h1 class=\"elementor-heading-title elementor-size-default\">La qualit\u00e9 avant tout : 50 ans d'excellence | El-Nawawy Company<\/h1>\t\t\t\t<\/div>\n\t\t\t\t<div class=\"elementor-element elementor-element-6629bec4 elementor-align-center elementor-widget elementor-widget-breadcrumbs\" data-id=\"6629bec4\" data-element_type=\"widget\" data-e-type=\"widget\" data-widget_type=\"breadcrumbs.default\">\n\t\t\t\t<div class=\"elementor-widget-container\">\n\t\t\t\t\t<nav aria-label=\"breadcrumbs\" class=\"rank-math-breadcrumb\"><p><span class=\"last\">Accueil<\/span><\/p><\/nav>\t\t\t\t<\/div>\n\t\t\t\t<\/div>\n\t\t\t\t\t<\/div>\n\t\t\t\t<\/div>\n\t\t<div class=\"elementor-element elementor-element-28f3b3f8 e-flex e-con-boxed e-con e-parent\" data-id=\"28f3b3f8\" data-element_type=\"container\" data-e-type=\"container\">\n\t\t\t\t\t<div class=\"e-con-inner\">\n\t\t\t\t<div class=\"elementor-element elementor-element-1f8be093 elementor-widget elementor-widget-heading\" data-id=\"1f8be093\" data-element_type=\"widget\" data-e-type=\"widget\" data-widget_type=\"heading.default\">\n\t\t\t\t\t<h2 class=\"elementor-heading-title elementor-size-default\"><span class=\"orange-text\"> Normes ISO pour les fils de lin et de chanvre \u00e0 El-Nawawy<\/span><\/h2>\t\t\t\t<\/div>\n\t\t\t\t<div class=\"elementor-element elementor-element-7aa9bbf5 elementor-widget elementor-widget-text-editor\" data-id=\"7aa9bbf5\" data-element_type=\"widget\" data-e-type=\"widget\" data-widget_type=\"text-editor.default\">\n\t\t\t\t\t\t\t\t\t<p><strong><a href=\"https:\/\/elnawawycompany.com\/fr\/\">Chez El-Nawawy Companies<\/a><\/strong>nous avons construit notre entreprise sur une <strong>structure de<\/strong><strong> contr\u00f4le<\/strong> et de <strong>gestion<\/strong> bien \u00e9tudi\u00e9e.<\/p><p>Cette <strong>philosophie<\/strong> d\u00e9coule de notre conviction que la qualit\u00e9 des produits est la cl\u00e9 de la <strong>\u00ab\u00a0construction, de la gestion et de la croissance\u00a0\u00bb<\/strong> d&rsquo;une entreprise <strong>prosp\u00e8re<\/strong>.<\/p><p>Cette <strong>philosophie<\/strong> est la base solide sur laquelle nous avons construit une entreprise qui a dur\u00e9 plus de <strong>50<\/strong> <strong>ans.<\/strong><\/p><p>\u00c0 la soci\u00e9t\u00e9 El-Nawawy, nous avons b\u00e2ti notre entreprise sur un syst\u00e8me complet de gestion et de contr\u00f4le, garantissant que nous appliquons les normes les plus \u00e9lev\u00e9es \u00e0 chaque \u00e9tape de nos op\u00e9rations, de la s\u00e9lection des mati\u00e8res premi\u00e8res \u00e0 la production finale et \u00e0 la distribution. Notre engagement permanent en faveur de la qualit\u00e9 n&rsquo;est pas seulement une strat\u00e9gie, mais une valeur fondamentale que nous d\u00e9fendons pour fournir des produits et des services qui r\u00e9pondent aux attentes des clients, voire les d\u00e9passent. <\/p><p>Notre philosophie repose sur notre conviction que le niveau \u00e9lev\u00e9 est la cl\u00e9 du succ\u00e8s et de la durabilit\u00e9. Il ne s&rsquo;agit pas simplement d&rsquo;une caract\u00e9ristique suppl\u00e9mentaire, mais du fondement de la construction, de l&rsquo;exploitation et de l&rsquo;expansion d&rsquo;une entreprise prosp\u00e8re. En adh\u00e9rant strictement aux normes internationales, nous avons atteint des niveaux \u00e9lev\u00e9s d&rsquo;efficacit\u00e9 et de fiabilit\u00e9, renfor\u00e7ant ainsi la confiance de nos clients dans nos produits et services.  <\/p><p>Depuis plus de 50 ans, nous nous sommes impos\u00e9s en tant que leader du march\u00e9 en investissant continuellement dans l&rsquo;innovation, les avanc\u00e9es technologiques et le d\u00e9veloppement continu afin de garantir des performances optimales. Nous ne nous contentons pas de respecter les normes existantes ; nous nous effor\u00e7ons de les am\u00e9liorer et de les red\u00e9finir en modernisant nos syst\u00e8mes, en formant nos \u00e9quipes et en encourageant une culture de l&rsquo;excellence dans tous les d\u00e9partements. <\/p><p>Notre succ\u00e8s n&rsquo;est pas le fruit du hasard, mais le r\u00e9sultat d&rsquo;une vision claire, d&rsquo;une planification strat\u00e9gique et d&rsquo;une attention m\u00e9ticuleuse aux d\u00e9tails. C&rsquo;est ce qui fait de la soci\u00e9t\u00e9 El-Nawawy le choix privil\u00e9gi\u00e9 des clients qui recherchent la qualit\u00e9, l&rsquo;efficacit\u00e9 et la fiabilit\u00e9 de leurs produits et services. <\/p>\t\t\t\t\t\t\t\t<\/div>\n\t\t\t\t\t<\/div>\n\t\t\t\t<\/div>\n\t\t\t\t<section class=\"elementor-section elementor-top-section elementor-element elementor-element-cf765db elementor-section-boxed elementor-section-height-default elementor-section-height-default\" data-id=\"cf765db\" data-element_type=\"section\" data-e-type=\"section\">\n\t\t\t\t\t\t<div class=\"elementor-container elementor-column-gap-default\">\n\t\t\t\t\t<div class=\"elementor-column elementor-col-50 elementor-top-column elementor-element elementor-element-765ead19\" data-id=\"765ead19\" data-element_type=\"column\" data-e-type=\"column\" data-settings=\"{&quot;background_background&quot;:&quot;classic&quot;}\">\n\t\t\t<div class=\"elementor-widget-wrap elementor-element-populated\">\n\t\t\t\t\t\t<div class=\"elementor-element elementor-element-72bb8499 elementor-widget elementor-widget-heading\" data-id=\"72bb8499\" data-element_type=\"widget\" data-e-type=\"widget\" data-widget_type=\"heading.default\">\n\t\t\t\t\t<h2 class=\"elementor-heading-title elementor-size-default\">Fabricant de fils <span class=\"orange-text\">certifi\u00e9 ISO <\/span> <\/h2>\t\t\t\t<\/div>\n\t\t\t\t<div class=\"elementor-element elementor-element-ea96364 elementor-skin-carousel elementor-arrows-yes elementor-pagination-type-bullets elementor-pagination-position-outside elementor-widget elementor-widget-media-carousel\" data-id=\"ea96364\" data-element_type=\"widget\" data-e-type=\"widget\" data-settings=\"{&quot;slides_per_view&quot;:&quot;1&quot;,&quot;slides_per_view_tablet&quot;:&quot;1&quot;,&quot;skin&quot;:&quot;carousel&quot;,&quot;effect&quot;:&quot;slide&quot;,&quot;show_arrows&quot;:&quot;yes&quot;,&quot;pagination&quot;:&quot;bullets&quot;,&quot;speed&quot;:500,&quot;autoplay&quot;:&quot;yes&quot;,&quot;autoplay_speed&quot;:5000,&quot;loop&quot;:&quot;yes&quot;,&quot;pause_on_hover&quot;:&quot;yes&quot;,&quot;pause_on_interaction&quot;:&quot;yes&quot;,&quot;space_between&quot;:{&quot;unit&quot;:&quot;px&quot;,&quot;size&quot;:10,&quot;sizes&quot;:[]},&quot;space_between_tablet&quot;:{&quot;unit&quot;:&quot;px&quot;,&quot;size&quot;:10,&quot;sizes&quot;:[]},&quot;space_between_mobile&quot;:{&quot;unit&quot;:&quot;px&quot;,&quot;size&quot;:10,&quot;sizes&quot;:[]}}\" data-widget_type=\"media-carousel.default\">\n\t\t\t\t\t\t\t\t\t\t<div class=\"elementor-main-swiper swiper\" role=\"region\" aria-roledescription=\"carousel\" aria-label=\"Slides\">\n\t\t\t\t<div class=\"swiper-wrapper\">\n\t\t\t\t\t\t\t\t\t\t\t<div class=\"swiper-slide\" role=\"group\" aria-roledescription=\"slide\">\n\t\t\t\t\t\t\t\t\t<div class=\"elementor-carousel-image\" role=\"img\" aria-label=\"Certificat ISO 14001 (Syst\u00e8mes de management environnemental)\" style=\"background-image: url(&#039;https:\/\/elnawawycompany.com\/wp-content\/uploads\/2025\/04\/iso-14001.webp&#039;)\">\n\n\t\t\t\n\t\t\t\t\t<\/div>\n\t\t\t\t\t\t\t\t<\/div>\n\t\t\t\t\t\t\t\t\t\t\t<div class=\"swiper-slide\" role=\"group\" aria-roledescription=\"slide\">\n\t\t\t\t\t\t\t\t\t<div class=\"elementor-carousel-image\" role=\"img\" aria-label=\"Certificat ISO 22000 (Gestion de la s\u00e9curit\u00e9 alimentaire), l&#039;une des certifications iso de la soci\u00e9t\u00e9 el nawawy\" style=\"background-image: url(&#039;https:\/\/elnawawycompany.com\/wp-content\/uploads\/2025\/04\/iso-22000.webp&#039;)\">\n\n\t\t\t\n\t\t\t\t\t<\/div>\n\t\t\t\t\t\t\t\t<\/div>\n\t\t\t\t\t\t\t\t\t\t\t<div class=\"swiper-slide\" role=\"group\" aria-roledescription=\"slide\">\n\t\t\t\t\t\t\t\t\t<div class=\"elementor-carousel-image\" role=\"img\" aria-label=\"Certificat ISO 9001 (Syst\u00e8mes de management de la qualit\u00e9)\" style=\"background-image: url(&#039;https:\/\/elnawawycompany.com\/wp-content\/uploads\/2025\/04\/iso-9001.webp&#039;)\">\n\n\t\t\t\n\t\t\t\t\t<\/div>\n\t\t\t\t\t\t\t\t<\/div>\n\t\t\t\t\t\t\t\t\t<\/div>\n\t\t\t\t\t\t\t\t\t\t\t\t\t\t\t<div class=\"elementor-swiper-button elementor-swiper-button-prev\" role=\"button\" tabindex=\"0\" aria-label=\"Pr\u00e9c\u00e9dent\">\n\t\t\t\t\t\t\t<svg aria-hidden=\"true\" class=\"e-font-icon-svg e-eicon-chevron-left\" viewBox=\"0 0 1000 1000\" xmlns=\"http:\/\/www.w3.org\/2000\/svg\"><path d=\"M646 125C629 125 613 133 604 142L308 442C296 454 292 471 292 487 292 504 296 521 308 533L604 854C617 867 629 875 646 875 663 875 679 871 692 858 704 846 713 829 713 812 713 796 708 779 692 767L438 487 692 225C700 217 708 204 708 187 708 171 704 154 692 142 675 129 663 125 646 125Z\"><\/path><\/svg>\t\t\t\t\t\t<\/div>\n\t\t\t\t\t\t<div class=\"elementor-swiper-button elementor-swiper-button-next\" role=\"button\" tabindex=\"0\" aria-label=\"Suivant\">\n\t\t\t\t\t\t\t<svg aria-hidden=\"true\" class=\"e-font-icon-svg e-eicon-chevron-right\" viewBox=\"0 0 1000 1000\" xmlns=\"http:\/\/www.w3.org\/2000\/svg\"><path d=\"M696 533C708 521 713 504 713 487 713 471 708 454 696 446L400 146C388 133 375 125 354 125 338 125 325 129 313 142 300 154 292 171 292 187 292 204 296 221 308 233L563 492 304 771C292 783 288 800 288 817 288 833 296 850 308 863 321 871 338 875 354 875 371 875 388 867 400 854L696 533Z\"><\/path><\/svg>\t\t\t\t\t\t<\/div>\n\t\t\t\t\t\t\t\t\t\t\t\t\t\t\t\t<div class=\"swiper-pagination\"><\/div>\n\t\t\t\t\t\t\t\t\t\t\t\t<\/div>\n\t\t\t\t\t\t\t\t<\/div>\n\t\t\t\t\t<\/div>\n\t\t<\/div>\n\t\t\t\t<div class=\"elementor-column elementor-col-50 elementor-top-column elementor-element elementor-element-691eb9eb\" data-id=\"691eb9eb\" data-element_type=\"column\" data-e-type=\"column\" data-settings=\"{&quot;background_background&quot;:&quot;classic&quot;}\">\n\t\t\t<div class=\"elementor-widget-wrap elementor-element-populated\">\n\t\t\t\t\t\t<div class=\"elementor-element elementor-element-5c7d217f elementor-widget-tablet__width-initial elementor-widget-mobile__width-inherit elementor-widget elementor-widget-heading\" data-id=\"5c7d217f\" data-element_type=\"widget\" data-e-type=\"widget\" data-widget_type=\"heading.default\">\n\t\t\t\t\t<h2 class=\"elementor-heading-title elementor-size-default\">Environnement du linge<\/h2>\t\t\t\t<\/div>\n\t\t\t\t<div class=\"elementor-element elementor-element-1a249eab elementor-widget__width-auto elementor-widget elementor-widget-text-editor\" data-id=\"1a249eab\" data-element_type=\"widget\" data-e-type=\"widget\" data-widget_type=\"text-editor.default\">\n\t\t\t\t\t\t\t\t\t<p>L&rsquo;humidit\u00e9 est de la plus haute importance pour la production de lin et de fils de lin \u00e0 haute teneur.<\/p>\n<p>Dans notre usine, nous utilisons un syst\u00e8me d&rsquo;humidit\u00e9 de pointe pour contr\u00f4ler et surveiller les niveaux d&rsquo;humidit\u00e9.<\/p>\n<p>Le syst\u00e8me s&rsquo;adapte aux changements climatiques de l&rsquo;environnement pour maintenir les meilleurs niveaux d&rsquo;humidit\u00e9 pour les fibres.<\/p>\t\t\t\t\t\t\t\t<\/div>\n\t\t\t\t<div class=\"elementor-element elementor-element-2fcf5e86 elementor-widget elementor-widget-heading\" data-id=\"2fcf5e86\" data-element_type=\"widget\" data-e-type=\"widget\" data-widget_type=\"heading.default\">\n\t\t\t\t\t<h2 class=\"elementor-heading-title elementor-size-default\"><span class=\"orange-text\">Tests de<\/span> laboratoire<\/h2>\t\t\t\t<\/div>\n\t\t\t\t<div class=\"elementor-element elementor-element-7b4b28ed elementor-widget elementor-widget-text-editor\" data-id=\"7b4b28ed\" data-element_type=\"widget\" data-e-type=\"widget\" data-widget_type=\"text-editor.default\">\n\t\t\t\t\t\t\t\t\t<p>01 &#8211; R\u00e9sistance \u00e0 la traction<\/p><p>02- Mod\u00e8le de fil Black Board.<\/p><p>03- Analyse de la torsion par m\u00e8tre (TPM) du fil.<\/p><p>04- Analyse du nombre de fils.<\/p><p>05- Essais de solidit\u00e9 des couleurs de teinture.<\/p>\t\t\t\t\t\t\t\t<\/div>\n\t\t\t\t<div class=\"elementor-element elementor-element-7742acbf elementor-widget elementor-widget-heading\" data-id=\"7742acbf\" data-element_type=\"widget\" data-e-type=\"widget\" data-widget_type=\"heading.default\">\n\t\t\t\t\t<h2 class=\"elementor-heading-title elementor-size-default\">Contactez-nous <span class=\"orange-text\">maintenant<\/span><\/h2>\t\t\t\t<\/div>\n\t\t\t\t<div class=\"elementor-element elementor-element-66b5c50d elementor-widget__width-auto elementor-mobile-align-center elementor-widget-mobile__width-initial elementor-widget elementor-widget-button\" data-id=\"66b5c50d\" data-element_type=\"widget\" data-e-type=\"widget\" data-widget_type=\"button.default\">\n\t\t\t\t\t\t\t\t\t\t<a class=\"elementor-button elementor-button-link elementor-size-sm\" href=\"https:\/\/wa.me\/+201016663424\" rel=\"noopener\">\n\t\t\t\t\t\t<span class=\"elementor-button-content-wrapper\">\n\t\t\t\t\t\t<span class=\"elementor-button-icon\">\n\t\t\t\t<svg aria-hidden=\"true\" class=\"e-font-icon-svg e-fab-whatsapp\" viewBox=\"0 0 448 512\" xmlns=\"http:\/\/www.w3.org\/2000\/svg\"><path d=\"M380.9 97.1C339 55.1 283.2 32 223.9 32c-122.4 0-222 99.6-222 222 0 39.1 10.2 77.3 29.6 111L0 480l117.7-30.9c32.4 17.7 68.9 27 106.1 27h.1c122.3 0 224.1-99.6 224.1-222 0-59.3-25.2-115-67.1-157zm-157 341.6c-33.2 0-65.7-8.9-94-25.7l-6.7-4-69.8 18.3L72 359.2l-4.4-7c-18.5-29.4-28.2-63.3-28.2-98.2 0-101.7 82.8-184.5 184.6-184.5 49.3 0 95.6 19.2 130.4 54.1 34.8 34.9 56.2 81.2 56.1 130.5 0 101.8-84.9 184.6-186.6 184.6zm101.2-138.2c-5.5-2.8-32.8-16.2-37.9-18-5.1-1.9-8.8-2.8-12.5 2.8-3.7 5.6-14.3 18-17.6 21.8-3.2 3.7-6.5 4.2-12 1.4-32.6-16.3-54-29.1-75.5-66-5.7-9.8 5.7-9.1 16.3-30.3 1.8-3.7.9-6.9-.5-9.7-1.4-2.8-12.5-30.1-17.1-41.2-4.5-10.8-9.1-9.3-12.5-9.5-3.2-.2-6.9-.2-10.6-.2-3.7 0-9.7 1.4-14.8 6.9-5.1 5.6-19.4 19-19.4 46.3 0 27.3 19.9 53.7 22.6 57.4 2.8 3.7 39.1 59.7 94.8 83.8 35.2 15.2 49 16.5 66.6 13.9 10.7-1.6 32.8-13.4 37.4-26.4 4.6-13 4.6-24.1 3.2-26.4-1.3-2.5-5-3.9-10.5-6.6z\"><\/path><\/svg>\t\t\t<\/span>\n\t\t\t\t\t\t\t\t\t<span class=\"elementor-button-text\">WhatsApp<\/span>\n\t\t\t\t\t<\/span>\n\t\t\t\t\t<\/a>\n\t\t\t\t\t\t\t\t<\/div>\n\t\t\t\t<div class=\"elementor-element elementor-element-6b050284 elementor-widget__width-auto elementor-mobile-align-center elementor-widget-mobile__width-initial elementor-widget elementor-widget-button\" data-id=\"6b050284\" data-element_type=\"widget\" data-e-type=\"widget\" data-widget_type=\"button.default\">\n\t\t\t\t\t\t\t\t\t\t<a class=\"elementor-button elementor-button-link elementor-size-sm\" href=\"mailto:info@elnawawycompany.com\">\n\t\t\t\t\t\t<span class=\"elementor-button-content-wrapper\">\n\t\t\t\t\t\t<span class=\"elementor-button-icon\">\n\t\t\t\t<svg aria-hidden=\"true\" class=\"e-font-icon-svg e-fas-envelope\" viewBox=\"0 0 512 512\" xmlns=\"http:\/\/www.w3.org\/2000\/svg\"><path d=\"M502.3 190.8c3.9-3.1 9.7-.2 9.7 4.7V400c0 26.5-21.5 48-48 48H48c-26.5 0-48-21.5-48-48V195.6c0-5 5.7-7.8 9.7-4.7 22.4 17.4 52.1 39.5 154.1 113.6 21.1 15.4 56.7 47.8 92.2 47.6 35.7.3 72-32.8 92.3-47.6 102-74.1 131.6-96.3 154-113.7zM256 320c23.2.4 56.6-29.2 73.4-41.4 132.7-96.3 142.8-104.7 173.4-128.7 5.8-4.5 9.2-11.5 9.2-18.9v-19c0-26.5-21.5-48-48-48H48C21.5 64 0 85.5 0 112v19c0 7.4 3.4 14.3 9.2 18.9 30.6 23.9 40.7 32.4 173.4 128.7 16.8 12.2 50.2 41.8 73.4 41.4z\"><\/path><\/svg>\t\t\t<\/span>\n\t\t\t\t\t\t\t\t\t<span class=\"elementor-button-text\">Envoyez-nous un e-mail<\/span>\n\t\t\t\t\t<\/span>\n\t\t\t\t\t<\/a>\n\t\t\t\t\t\t\t\t<\/div>\n\t\t\t\t\t<\/div>\n\t\t<\/div>\n\t\t\t\t\t<\/div>\n\t\t<\/section>\n\t\t\t\t<\/div>\n\t\t","protected":false},"excerpt":{"rendered":"<p>La qualit\u00e9 avant tout : 50 ans d&rsquo;excellence | El-Nawawy Company Home Normes ISO pour les fils de lin et de chanvre \u00e0 El-Nawawy Chez El-Nawawy Companiesnous avons construit notre entreprise sur une structure de contr\u00f4le et de gestion bien \u00e9tudi\u00e9e. Cette philosophie d\u00e9coule de notre conviction que la qualit\u00e9 des produits est la cl\u00e9 [&hellip;]<\/p>\n","protected":false},"author":1,"featured_media":3171,"parent":0,"menu_order":0,"comment_status":"closed","ping_status":"closed","template":"elementor_header_footer","meta":{"footnotes":""},"class_list":["post-3561","page","type-page","status-publish","has-post-thumbnail","hentry"],"_links":{"self":[{"href":"https:\/\/elnawawycompany.com\/fr\/wp-json\/wp\/v2\/pages\/3561","targetHints":{"allow":["GET"]}}],"collection":[{"href":"https:\/\/elnawawycompany.com\/fr\/wp-json\/wp\/v2\/pages"}],"about":[{"href":"https:\/\/elnawawycompany.com\/fr\/wp-json\/wp\/v2\/types\/page"}],"author":[{"embeddable":true,"href":"https:\/\/elnawawycompany.com\/fr\/wp-json\/wp\/v2\/users\/1"}],"replies":[{"embeddable":true,"href":"https:\/\/elnawawycompany.com\/fr\/wp-json\/wp\/v2\/comments?post=3561"}],"version-history":[{"count":5,"href":"https:\/\/elnawawycompany.com\/fr\/wp-json\/wp\/v2\/pages\/3561\/revisions"}],"predecessor-version":[{"id":9879,"href":"https:\/\/elnawawycompany.com\/fr\/wp-json\/wp\/v2\/pages\/3561\/revisions\/9879"}],"wp:featuredmedia":[{"embeddable":true,"href":"https:\/\/elnawawycompany.com\/fr\/wp-json\/wp\/v2\/media\/3171"}],"wp:attachment":[{"href":"https:\/\/elnawawycompany.com\/fr\/wp-json\/wp\/v2\/media?parent=3561"}],"curies":[{"name":"wp","href":"https:\/\/api.w.org\/{rel}","templated":true}]}}