{"id":6560,"date":"2025-09-01T13:12:16","date_gmt":"2025-09-01T11:12:16","guid":{"rendered":"https:\/\/elnawawycompany.com\/certificaciones\/"},"modified":"2025-09-19T04:30:16","modified_gmt":"2025-09-19T04:30:16","slug":"certificaciones","status":"publish","type":"page","link":"https:\/\/elnawawycompany.com\/es\/certificaciones\/","title":{"rendered":"Certificaciones"},"content":{"rendered":"\t\t<div data-elementor-type=\"wp-page\" data-elementor-id=\"6560\" class=\"elementor elementor-6560 elementor-6387\" data-elementor-post-type=\"page\">\n\t\t\t\t<div class=\"elementor-element elementor-element-b2e07a7 e-flex e-con-boxed e-con e-parent\" data-id=\"b2e07a7\" data-element_type=\"container\" data-e-type=\"container\" data-settings=\"{&quot;background_background&quot;:&quot;classic&quot;}\">\n\t\t\t\t\t<div class=\"e-con-inner\">\n\t\t\t\t<div class=\"elementor-element elementor-element-34adfec elementor-widget elementor-widget-heading\" data-id=\"34adfec\" data-element_type=\"widget\" data-e-type=\"widget\" data-widget_type=\"heading.default\">\n\t\t\t\t\t<h1 class=\"elementor-heading-title elementor-size-default\">EL NAWAWY COMPANY<br>Certificaciones ISO 22000, ISO 9001 e ISO 14001<\/h1>\t\t\t\t<\/div>\n\t\t\t\t<div class=\"elementor-element elementor-element-fc65c95 elementor-align-center elementor-widget elementor-widget-breadcrumbs\" data-id=\"fc65c95\" data-element_type=\"widget\" data-e-type=\"widget\" data-widget_type=\"breadcrumbs.default\">\n\t\t\t\t<div class=\"elementor-widget-container\">\n\t\t\t\t\t<nav aria-label=\"breadcrumbs\" class=\"rank-math-breadcrumb\"><p><span class=\"last\">Inicio<\/span><\/p><\/nav>\t\t\t\t<\/div>\n\t\t\t\t<\/div>\n\t\t\t\t\t<\/div>\n\t\t\t\t<\/div>\n\t\t<div class=\"elementor-element elementor-element-fe8c646 e-flex e-con-boxed e-con e-parent\" data-id=\"fe8c646\" data-element_type=\"container\" data-e-type=\"container\">\n\t\t\t\t\t<div class=\"e-con-inner\">\n\t\t\t\t<div class=\"elementor-element elementor-element-0a0b272 elementor-widget elementor-widget-text-editor\" data-id=\"0a0b272\" data-element_type=\"widget\" data-e-type=\"widget\" data-widget_type=\"text-editor.default\">\n\t\t\t\t\t\t\t\t\t<p class=\"\" data-start=\"0\" data-end=\"314\">En consonancia con nuestro compromiso con la Responsabilidad Social Corporativa, nos dedicamos a promover la transparencia y a garantizar que la informaci\u00f3n esencial sea f\u00e1cilmente accesible para todos nuestros visitantes. Para ello, ofrecemos acceso completo y sin restricciones a todos nuestros certificados y documentos oficiales, incluidas las acreditaciones de ELNAWAWY. <\/p><p class=\"\" data-start=\"316\" data-end=\"610\">Esta iniciativa subraya nuestra determinaci\u00f3n de construir una s\u00f3lida confianza con nuestros socios y clientes, proporcionando una transparencia total en nuestras pr\u00e1cticas y compromisos. Creemos firmemente que una comunicaci\u00f3n clara y sincera es fundamental para establecer relaciones duraderas y responsables. <\/p>\t\t\t\t\t\t\t\t<\/div>\n\t\t\t\t\t<\/div>\n\t\t\t\t<\/div>\n\t\t<div class=\"elementor-element elementor-element-dd59a36 e-flex e-con-boxed e-con e-parent\" data-id=\"dd59a36\" data-element_type=\"container\" data-e-type=\"container\">\n\t\t\t\t\t<div class=\"e-con-inner\">\n\t\t<div class=\"elementor-element elementor-element-9092108 e-con-full e-flex e-con e-child\" data-id=\"9092108\" data-element_type=\"container\" data-e-type=\"container\" id=\"iso-22000\" data-settings=\"{&quot;background_background&quot;:&quot;classic&quot;}\">\n\t\t\t\t<div class=\"elementor-element elementor-element-99f57a5 elementor-widget-mobile__width-initial elementor-widget elementor-widget-image\" data-id=\"99f57a5\" data-element_type=\"widget\" data-e-type=\"widget\" data-widget_type=\"image.default\">\n\t\t\t\t\t\t\t\t\t\t\t\t\t\t\t<img decoding=\"async\" width=\"256\" height=\"256\" src=\"https:\/\/elnawawycompany.com\/wp-content\/uploads\/2025\/04\/iso-22000.webp\" class=\"attachment-full size-full wp-image-6458\" alt=\"Certificado ISO 22000 (Gesti\u00f3n de la seguridad alimentaria), una de las certificaciones ISO de El Nawawy Company\" srcset=\"https:\/\/elnawawycompany.com\/wp-content\/uploads\/2025\/04\/iso-22000.webp 256w, https:\/\/elnawawycompany.com\/wp-content\/uploads\/2025\/04\/iso-22000-150x150.webp 150w, https:\/\/elnawawycompany.com\/wp-content\/uploads\/2025\/04\/iso-22000-100x100.webp 100w, https:\/\/elnawawycompany.com\/wp-content\/uploads\/2025\/04\/iso-22000-50x50.webp 50w\" sizes=\"(max-width: 256px) 100vw, 256px\" title=\"\">\t\t\t\t\t\t\t\t\t\t\t\t\t\t\t<\/div>\n\t\t\t\t<div class=\"elementor-element elementor-element-710498e elementor-widget elementor-widget-heading\" data-id=\"710498e\" data-element_type=\"widget\" data-e-type=\"widget\" id=\"iso-22000\" data-widget_type=\"heading.default\">\n\t\t\t\t\t<h2 class=\"elementor-heading-title elementor-size-default\">ISO 22000<\/h2>\t\t\t\t<\/div>\n\t\t\t\t<div class=\"elementor-element elementor-element-566183f elementor-widget elementor-widget-text-editor\" data-id=\"566183f\" data-element_type=\"widget\" data-e-type=\"widget\" data-widget_type=\"text-editor.default\">\n\t\t\t\t\t\t\t\t\t<p>Esta certificaci\u00f3n ISO 22000 garantiza un sistema integrado de gesti\u00f3n de la seguridad, asegurando una higiene rigurosa, una trazabilidad impecable y mejoras continuas en todas las etapas de la producci\u00f3n de lino.<\/p>\t\t\t\t\t\t\t\t<\/div>\n\t\t\t\t<div class=\"elementor-element elementor-element-a907054 elementor-widget elementor-widget-text-editor\" data-id=\"a907054\" data-element_type=\"widget\" data-e-type=\"widget\" data-widget_type=\"text-editor.default\">\n\t\t\t\t\t\t\t\t\t<div style=\"background: #fffaf0; border: 2px solid #e9d7a5; border-radius: 14px; padding: 16px 18px; line-height: 1.55;\"><h3 style=\"font-weight: bold; font-size: 18px; margin: 0 0 10px; color: #594a1e;\">Detalles del certificado<\/h3><dl style=\"display: grid; grid-template-columns: 170px 1fr; gap: 8px 12px; margin: 0;\"><dt style=\"margin: 0; font-weight: 600;\">Nombre de la certificaci\u00f3n<\/dt><dd style=\"margin: 0;\">Certificaci\u00f3n ISO 22000<\/dd><dt style=\"margin: 0; font-weight: 600;\">ID del certificado<\/dt><dd style=\"margin: 0;\">1210325D<\/dd><dt style=\"margin: 0; font-weight: 600;\">Estado<\/dt><dd style=\"margin: 0;\">Activo<\/dd><dt style=\"margin: 0; font-weight: 600;\">Organismo de certificaci\u00f3n<\/dt><dd style=\"margin: 0;\">Servicios de certificaci\u00f3n OSS para Oriente Medio<\/dd><dt style=\"margin: 0; font-weight: 600;\">Pa\u00eds<\/dt><dd style=\"margin: 0;\">Egipto<\/dd><dt style=\"margin: 0; font-weight: 600;\">Emitido<\/dt><dd style=\"margin: 0;\">2025-03-27<\/dd><dt style=\"margin: 0; font-weight: 600;\">\u00daltima emisi\u00f3n<\/dt><dd style=\"margin: 0;\">2025-03-27<\/dd><dt style=\"margin: 0; font-weight: 600;\">V\u00e1lido hasta<\/dt><dd style=\"margin: 0;\">2026-03-26<\/dd><dt style=\"margin: 0; font-weight: 600;\">Empresa<\/dt><dd style=\"margin: 0;\">El nawawy for oil and seeds Mohamed Mohamed Youssef el nawawy<\/dd><dt style=\"margin: 0; font-weight: 600;\">Direcci\u00f3n<\/dt><dd style=\"margin: 0;\">Saft Torab, 6th KM El Mahalla\u2013Tanta Agriculture Road, Gharbia, Egipto<\/dd><\/dl><div style=\"margin-top: 10px; padding-top: 10px; border-top: 1px dashed #e0c98d;\"><strong>Alcance:<\/strong> Dise\u00f1o y fabricaci\u00f3n de hilos de lino e hilos naturales, cuerdas basadas en fibras naturales<\/div><div style=\"margin-top: 10px;\"><a style=\"text-decoration: underline; color: #8b6b00;\" href=\"https:\/\/ossmideast.com\/verify-certificates\/\" target=\"_blank\" rel=\"noopener\"><br>Validar este certificado \u2197<br><\/a><\/div><\/div>\t\t\t\t\t\t\t\t<\/div>\n\t\t\t\t<div class=\"elementor-element elementor-element-ad3bc4b elementor-align-center elementor-widget elementor-widget-button\" data-id=\"ad3bc4b\" data-element_type=\"widget\" data-e-type=\"widget\" data-widget_type=\"button.default\">\n\t\t\t\t\t\t\t\t\t\t<a class=\"elementor-button elementor-button-link elementor-size-sm\" href=\"https:\/\/elnawawycompany.com\/wp-content\/uploads\/2025\/04\/ISO-22000.pdf\" target=\"_blank\" download=\"ISO-22000.pdf\" rel=\"noopener\" aria-label=\"Download ISO 22000 certificate PDF\" id=\"btn-cert-iso-22000\">\n\t\t\t\t\t\t<span class=\"elementor-button-content-wrapper\">\n\t\t\t\t\t\t\t\t\t<span class=\"elementor-button-text\">Certificado ISO 22000 (PDF)<\/span>\n\t\t\t\t\t<\/span>\n\t\t\t\t\t<\/a>\n\t\t\t\t\t\t\t\t<\/div>\n\t\t\t\t<\/div>\n\t\t<div class=\"elementor-element elementor-element-b826a4f e-con-full e-flex e-con e-child\" data-id=\"b826a4f\" data-element_type=\"container\" data-e-type=\"container\" id=\"iso-14001\" data-settings=\"{&quot;background_background&quot;:&quot;classic&quot;}\">\n\t\t\t\t<div class=\"elementor-element elementor-element-3764fe4 elementor-widget-mobile__width-initial elementor-widget elementor-widget-image\" data-id=\"3764fe4\" data-element_type=\"widget\" data-e-type=\"widget\" data-widget_type=\"image.default\">\n\t\t\t\t\t\t\t\t\t\t\t\t\t\t\t<img decoding=\"async\" width=\"256\" height=\"256\" src=\"https:\/\/elnawawycompany.com\/wp-content\/uploads\/2025\/04\/iso-14001.webp\" class=\"attachment-large size-large wp-image-6463\" alt=\"Certificado ISO 14001 (Sistemas de gesti\u00f3n ambiental)\" srcset=\"https:\/\/elnawawycompany.com\/wp-content\/uploads\/2025\/04\/iso-14001.webp 256w, https:\/\/elnawawycompany.com\/wp-content\/uploads\/2025\/04\/iso-14001-150x150.webp 150w, https:\/\/elnawawycompany.com\/wp-content\/uploads\/2025\/04\/iso-14001-100x100.webp 100w, https:\/\/elnawawycompany.com\/wp-content\/uploads\/2025\/04\/iso-14001-50x50.webp 50w\" sizes=\"(max-width: 256px) 100vw, 256px\" title=\"\">\t\t\t\t\t\t\t\t\t\t\t\t\t\t\t<\/div>\n\t\t\t\t<div class=\"elementor-element elementor-element-717013f elementor-widget elementor-widget-heading\" data-id=\"717013f\" data-element_type=\"widget\" data-e-type=\"widget\" id=\"iso-14001\" data-widget_type=\"heading.default\">\n\t\t\t\t\t<h2 class=\"elementor-heading-title elementor-size-default\">ISO 14001<\/h2>\t\t\t\t<\/div>\n\t\t\t\t<div class=\"elementor-element elementor-element-0d3e5f7 elementor-widget elementor-widget-text-editor\" data-id=\"0d3e5f7\" data-element_type=\"widget\" data-e-type=\"widget\" data-widget_type=\"text-editor.default\">\n\t\t\t\t\t\t\t\t\t<p>Esta certificaci\u00f3n ISO 14001 verifica nuestro sistema de gesti\u00f3n ambiental, asegurando pr\u00e1cticas sostenibles, un impacto reducido y un uso eficiente de los recursos en <a href=\"https:\/\/elnawawycompany.com\/es\/cual-es-el-proceso-de-hilatura\/\">los procesos de producci\u00f3n de lino<\/a>.<\/p>\t\t\t\t\t\t\t\t<\/div>\n\t\t\t\t<div class=\"elementor-element elementor-element-2018964 elementor-widget elementor-widget-text-editor\" data-id=\"2018964\" data-element_type=\"widget\" data-e-type=\"widget\" data-widget_type=\"text-editor.default\">\n\t\t\t\t\t\t\t\t\t<div style=\"background: #fffaf0; border: 2px solid #e9d7a5; border-radius: 14px; padding: 16px 18px; line-height: 1.55;\"><h3 style=\"font-weight: bold; font-size: 18px; margin: 0 0 10px; color: #594a1e;\">Detalles del certificado<\/h3><dl style=\"display: grid; grid-template-columns: 170px 1fr; gap: 8px 12px; margin: 0;\"><dt style=\"margin: 0; font-weight: 600;\">Nombre de la certificaci\u00f3n<\/dt><dd style=\"margin: 0;\">Certificaci\u00f3n ISO 14001<\/dd><dt style=\"margin: 0; font-weight: 600;\">ID del certificado<\/dt><dd style=\"margin: 0;\">1210325B<\/dd><dt style=\"margin: 0; font-weight: 600;\">Estado<\/dt><dd style=\"margin: 0;\">Activo<\/dd><dt style=\"margin: 0; font-weight: 600;\">Organismo de certificaci\u00f3n<\/dt><dd style=\"margin: 0;\">Servicios de certificaci\u00f3n OSS para Oriente Medio<\/dd><dt style=\"margin: 0; font-weight: 600;\">Pa\u00eds<\/dt><dd style=\"margin: 0;\">Egipto<\/dd><dt style=\"margin: 0; font-weight: 600;\">Emitido<\/dt><dd style=\"margin: 0;\">2025-03-27<\/dd><dt style=\"margin: 0; font-weight: 600;\">\u00daltima emisi\u00f3n<\/dt><dd style=\"margin: 0;\">2025-03-27<\/dd><dt style=\"margin: 0; font-weight: 600;\">V\u00e1lido hasta<\/dt><dd style=\"margin: 0;\">2026-03-26<\/dd><dt style=\"margin: 0; font-weight: 600;\">Empresa<\/dt><dd style=\"margin: 0;\">El nawawy for oil and seeds Mohamed Mohamed Youssef el nawawy<\/dd><dt style=\"margin: 0; font-weight: 600;\">Direcci\u00f3n<\/dt><dd style=\"margin: 0;\">Saft Torab, 6th KM El Mahalla\u2013Tanta Agriculture Road, Gharbia, Egipto<\/dd><\/dl><div style=\"margin-top: 10px; padding-top: 10px; border-top: 1px dashed #e0c98d;\"><strong>Alcance:<\/strong> Dise\u00f1o y fabricaci\u00f3n de hilos de lino e hilos naturales, cuerdas basadas en fibras naturales<\/div><div style=\"margin-top: 10px;\"><a style=\"text-decoration: underline; color: #8b6b00;\" href=\"https:\/\/ossmideast.com\/verify-certificates\/\" target=\"_blank\" rel=\"noopener\"><br>Validar este certificado \u2197<br><\/a><\/div><\/div>\t\t\t\t\t\t\t\t<\/div>\n\t\t\t\t<div class=\"elementor-element elementor-element-d7e3711 elementor-align-center elementor-widget elementor-widget-button\" data-id=\"d7e3711\" data-element_type=\"widget\" data-e-type=\"widget\" data-widget_type=\"button.default\">\n\t\t\t\t\t\t\t\t\t\t<a class=\"elementor-button elementor-button-link elementor-size-sm\" href=\"https:\/\/elnawawycompany.com\/wp-content\/uploads\/2025\/04\/ISO-14001.pdf\" target=\"_blank\" rel=\"noopener\" download=\"ISO-14001.pdf\" aria-label=\"Download ISO 14001 certificate PDF\" id=\"btn-cert-iso-14001\">\n\t\t\t\t\t\t<span class=\"elementor-button-content-wrapper\">\n\t\t\t\t\t\t\t\t\t<span class=\"elementor-button-text\">Certificado ISO 14001 (PDF)<\/span>\n\t\t\t\t\t<\/span>\n\t\t\t\t\t<\/a>\n\t\t\t\t\t\t\t\t<\/div>\n\t\t\t\t<\/div>\n\t\t<div class=\"elementor-element elementor-element-96e02a0 e-con-full e-flex e-con e-child\" data-id=\"96e02a0\" data-element_type=\"container\" data-e-type=\"container\" id=\"iso-9001\" data-settings=\"{&quot;background_background&quot;:&quot;classic&quot;}\">\n\t\t\t\t<div class=\"elementor-element elementor-element-2078bde elementor-widget-mobile__width-initial elementor-widget elementor-widget-image\" data-id=\"2078bde\" data-element_type=\"widget\" data-e-type=\"widget\" data-widget_type=\"image.default\">\n\t\t\t\t\t\t\t\t\t\t\t\t\t\t\t<img decoding=\"async\" width=\"256\" height=\"256\" src=\"https:\/\/elnawawycompany.com\/wp-content\/uploads\/2025\/04\/iso-9001.webp\" class=\"attachment-large size-large wp-image-6453\" alt=\"Certificado ISO 9001 (Sistemas de gesti\u00f3n de la calidad)\" srcset=\"https:\/\/elnawawycompany.com\/wp-content\/uploads\/2025\/04\/iso-9001.webp 256w, https:\/\/elnawawycompany.com\/wp-content\/uploads\/2025\/04\/iso-9001-150x150.webp 150w, https:\/\/elnawawycompany.com\/wp-content\/uploads\/2025\/04\/iso-9001-100x100.webp 100w, https:\/\/elnawawycompany.com\/wp-content\/uploads\/2025\/04\/iso-9001-50x50.webp 50w\" sizes=\"(max-width: 256px) 100vw, 256px\" title=\"\">\t\t\t\t\t\t\t\t\t\t\t\t\t\t\t<\/div>\n\t\t\t\t<div class=\"elementor-element elementor-element-76759d8 elementor-widget elementor-widget-heading\" data-id=\"76759d8\" data-element_type=\"widget\" data-e-type=\"widget\" id=\"iso-9001\" data-widget_type=\"heading.default\">\n\t\t\t\t\t<h2 class=\"elementor-heading-title elementor-size-default\">ISO 9001<\/h2>\t\t\t\t<\/div>\n\t\t\t\t<div class=\"elementor-element elementor-element-ea95be9 elementor-widget elementor-widget-text-editor\" data-id=\"ea95be9\" data-element_type=\"widget\" data-e-type=\"widget\" data-widget_type=\"text-editor.default\">\n\t\t\t\t\t\t\t\t\t<p>Esta certificaci\u00f3n ISO 9001 valida los sistemas de gesti\u00f3n de <a href=\"https:\/\/elnawawycompany.com\/es\/normas-de-calidad-en-el-nawawy\/\">calidad<\/a> eficaces, fomentando la mejora continua, la excelencia y la fiabilidad en todas las fases de las operaciones de procesamiento de lino.<\/p>\t\t\t\t\t\t\t\t<\/div>\n\t\t\t\t<div class=\"elementor-element elementor-element-5ef7e4f elementor-widget elementor-widget-text-editor\" data-id=\"5ef7e4f\" data-element_type=\"widget\" data-e-type=\"widget\" data-widget_type=\"text-editor.default\">\n\t\t\t\t\t\t\t\t\t<div style=\"background: #fffaf0; border: 2px solid #e9d7a5; border-radius: 14px; padding: 16px 18px; line-height: 1.55;\"><h3 style=\"font-weight: bold; font-size: 18px; margin: 0 0 10px; color: #594a1e;\">Detalles del certificado<\/h3><dl style=\"display: grid; grid-template-columns: 170px 1fr; gap: 8px 12px; margin: 0;\"><dt style=\"margin: 0; font-weight: 600;\">Nombre de la certificaci\u00f3n<\/dt><dd style=\"margin: 0;\">ISO 9001:2015<\/dd><dt style=\"margin: 0; font-weight: 600;\">ID del certificado<\/dt><dd style=\"margin: 0;\">EG-QMS-2586<\/dd><dt style=\"margin: 0; font-weight: 600;\">Estado<\/dt><dd style=\"margin: 0;\">ACTIVO<\/dd><dt style=\"margin: 0; font-weight: 600;\">Organismo de certificaci\u00f3n<\/dt><dd style=\"margin: 0;\">Certificaci\u00f3n Brillante (acreditada por EGAC)<\/dd><dt style=\"margin: 0; font-weight: 600;\">Pa\u00eds<\/dt><dd style=\"margin: 0;\">Egipto<\/dd><dt style=\"margin: 0; font-weight: 600;\">Emitido<\/dt><dd style=\"margin: 0;\">2024-07-22<\/dd><dt style=\"margin: 0; font-weight: 600;\">V\u00e1lido hasta<\/dt><dd style=\"margin: 0;\">2027-07-21<\/dd><dt style=\"margin: 0; font-weight: 600;\">Empresa<\/dt><dd style=\"margin: 0;\">El Nawawy for Oils and Seeds (Mohamed Mohamed El Nawawy and His Partner)<\/dd><dt style=\"margin: 0; font-weight: 600;\">Direcci\u00f3n<\/dt><dd style=\"margin: 0;\">Saft torab, Al Mahala Al kobra Center, gharbeya, Egipto<\/dd><\/dl><div style=\"margin-top: 10px; padding-top: 10px; border-top: 1px dashed #e0c98d;\"><strong>Alcance:<\/strong> Preparaci\u00f3n, fabricaci\u00f3n y exportaci\u00f3n de hilo de lino y lino<\/div><div style=\"margin-top: 10px;\"><a style=\"text-decoration: underline; color: #8b6b00;\" href=\"http:\/\/www.brilliantcert.com\/\" target=\"_blank\" rel=\"noopener\"><br>Validar este certificado \u2197<br><\/a><\/div><\/div>\t\t\t\t\t\t\t\t<\/div>\n\t\t\t\t<div class=\"elementor-element elementor-element-4ae77b0 elementor-align-center elementor-widget elementor-widget-button\" data-id=\"4ae77b0\" data-element_type=\"widget\" data-e-type=\"widget\" data-widget_type=\"button.default\">\n\t\t\t\t\t\t\t\t\t\t<a class=\"elementor-button elementor-button-link elementor-size-sm\" href=\"https:\/\/elnawawycompany.com\/wp-content\/uploads\/2025\/04\/iso9001.pdf\" target=\"_blank\" rel=\"noopener\" download=\"ISO-9001.pdf\" aria-label=\"Download ISO 9001 certificate PDF\" id=\"btn-cert-iso-9001\">\n\t\t\t\t\t\t<span class=\"elementor-button-content-wrapper\">\n\t\t\t\t\t\t\t\t\t<span class=\"elementor-button-text\">Certificado ISO 9001 (PDF)<\/span>\n\t\t\t\t\t<\/span>\n\t\t\t\t\t<\/a>\n\t\t\t\t\t\t\t\t<\/div>\n\t\t\t\t<\/div>\n\t\t\t\t\t<\/div>\n\t\t\t\t<\/div>\n\t\t\t\t<\/div>\n\t\t","protected":false},"excerpt":{"rendered":"<p>EL NAWAWY COMPANYCertificaciones ISO 22000, ISO 9001 e ISO 14001 Home En consonancia con nuestro compromiso con la Responsabilidad Social Corporativa, nos dedicamos a promover la transparencia y a garantizar que la informaci\u00f3n esencial sea f\u00e1cilmente accesible para todos nuestros visitantes. Para ello, ofrecemos acceso completo y sin restricciones a todos nuestros certificados y documentos [&hellip;]<\/p>\n","protected":false},"author":1,"featured_media":6453,"parent":0,"menu_order":0,"comment_status":"closed","ping_status":"closed","template":"elementor_header_footer","meta":{"footnotes":""},"class_list":["post-6560","page","type-page","status-publish","has-post-thumbnail","hentry"],"_links":{"self":[{"href":"https:\/\/elnawawycompany.com\/es\/wp-json\/wp\/v2\/pages\/6560","targetHints":{"allow":["GET"]}}],"collection":[{"href":"https:\/\/elnawawycompany.com\/es\/wp-json\/wp\/v2\/pages"}],"about":[{"href":"https:\/\/elnawawycompany.com\/es\/wp-json\/wp\/v2\/types\/page"}],"author":[{"embeddable":true,"href":"https:\/\/elnawawycompany.com\/es\/wp-json\/wp\/v2\/users\/1"}],"replies":[{"embeddable":true,"href":"https:\/\/elnawawycompany.com\/es\/wp-json\/wp\/v2\/comments?post=6560"}],"version-history":[{"count":4,"href":"https:\/\/elnawawycompany.com\/es\/wp-json\/wp\/v2\/pages\/6560\/revisions"}],"predecessor-version":[{"id":9864,"href":"https:\/\/elnawawycompany.com\/es\/wp-json\/wp\/v2\/pages\/6560\/revisions\/9864"}],"wp:featuredmedia":[{"embeddable":true,"href":"https:\/\/elnawawycompany.com\/es\/wp-json\/wp\/v2\/media\/6453"}],"wp:attachment":[{"href":"https:\/\/elnawawycompany.com\/es\/wp-json\/wp\/v2\/media?parent=6560"}],"curies":[{"name":"wp","href":"https:\/\/api.w.org\/{rel}","templated":true}]}}