{"id":3532,"date":"2025-02-26T20:09:04","date_gmt":"2025-02-26T18:09:04","guid":{"rendered":"https:\/\/elnawawycompany.com\/cual-es-el-proceso-de-hilatura\/"},"modified":"2025-09-19T04:31:09","modified_gmt":"2025-09-19T04:31:09","slug":"cual-es-el-proceso-de-hilatura","status":"publish","type":"page","link":"https:\/\/elnawawycompany.com\/es\/cual-es-el-proceso-de-hilatura\/","title":{"rendered":"\u00bfQu\u00e9 es el proceso de hilado?"},"content":{"rendered":"\t\t<div data-elementor-type=\"wp-page\" data-elementor-id=\"3532\" class=\"elementor elementor-3532 elementor-743\" data-elementor-post-type=\"page\">\n\t\t\t\t<div class=\"elementor-element elementor-element-6f8f4020 e-flex e-con-boxed e-con e-parent\" data-id=\"6f8f4020\" data-element_type=\"container\" data-e-type=\"container\" data-settings=\"{&quot;background_background&quot;:&quot;classic&quot;}\">\n\t\t\t\t\t<div class=\"e-con-inner\">\n\t\t\t\t<div class=\"elementor-element elementor-element-641e1420 elementor-widget elementor-widget-heading\" data-id=\"641e1420\" data-element_type=\"widget\" data-e-type=\"widget\" data-widget_type=\"heading.default\">\n\t\t\t\t\t<h1 class=\"elementor-heading-title elementor-size-default\">Proceso de producci\u00f3n de hilo de lino<\/h1>\t\t\t\t<\/div>\n\t\t\t\t<div class=\"elementor-element elementor-element-56a5e470 elementor-align-center elementor-widget elementor-widget-breadcrumbs\" data-id=\"56a5e470\" data-element_type=\"widget\" data-e-type=\"widget\" data-widget_type=\"breadcrumbs.default\">\n\t\t\t\t<div class=\"elementor-widget-container\">\n\t\t\t\t\t<nav aria-label=\"breadcrumbs\" class=\"rank-math-breadcrumb\"><p><span class=\"last\">Inicio<\/span><\/p><\/nav>\t\t\t\t<\/div>\n\t\t\t\t<\/div>\n\t\t\t\t<div class=\"elementor-element elementor-element-2cfd3863 elementor-widget elementor-widget-text-editor\" data-id=\"2cfd3863\" data-element_type=\"widget\" data-e-type=\"widget\" data-widget_type=\"text-editor.default\">\n\t\t\t\t\t\t\t\t\t<p>Nuestra hilander\u00eda de lino se encuentra en Al-Delta, el coraz\u00f3n de la regi\u00f3n textil de Egipto. Gracias a su clima y suelo \u00f3ptimos, la regi\u00f3n de Al-Delta fue la que dio al algod\u00f3n egipcio su hist\u00f3rica fama mundial. <\/p>\t\t\t\t\t\t\t\t<\/div>\n\t\t\t\t\t<\/div>\n\t\t\t\t<\/div>\n\t\t<div class=\"elementor-element elementor-element-3039617c e-flex e-con-boxed e-con e-parent\" data-id=\"3039617c\" data-element_type=\"container\" data-e-type=\"container\">\n\t\t\t\t\t<div class=\"e-con-inner\">\n\t\t\t\t<div class=\"elementor-element elementor-element-2bf51ddd elementor-widget elementor-widget-heading\" data-id=\"2bf51ddd\" data-element_type=\"widget\" data-e-type=\"widget\" data-widget_type=\"heading.default\">\n\t\t\t\t\t<h2 class=\"elementor-heading-title elementor-size-default\">COMPA\u00d1\u00cdA <span class=\"orange-text\">ELNAWAWY<\/span>  <\/h2>\t\t\t\t<\/div>\n\t\t\t\t<div class=\"elementor-element elementor-element-59124ea4 elementor-widget elementor-widget-heading\" data-id=\"59124ea4\" data-element_type=\"widget\" data-e-type=\"widget\" data-widget_type=\"heading.default\">\n\t\t\t\t\t<h2 class=\"elementor-heading-title elementor-size-default\">Explora <span>nuestra hilander\u00eda de lino<\/span><\/h2>\t\t\t\t<\/div>\n\t\t\t\t<div class=\"elementor-element elementor-element-21e0c481 elementor-widget elementor-widget-text-editor\" data-id=\"21e0c481\" data-element_type=\"widget\" data-e-type=\"widget\" data-settings=\"{&quot;_animation&quot;:&quot;none&quot;,&quot;_animation_tablet&quot;:&quot;bounceIn&quot;,&quot;_animation_mobile&quot;:&quot;none&quot;}\" data-widget_type=\"text-editor.default\">\n\t\t\t\t\t\t\t\t\t<p>La f\u00e1brica se ubica en un amplio terreno de 14&nbsp;000 metros cuadrados. Nuestra capacidad de producci\u00f3n es de m\u00e1s de 3000 toneladas anuales. Si bien contamos con la mejor maquinaria para la preparaci\u00f3n, hilado y acabado del hilo, nuestro laboratorio de calidad e investigaci\u00f3n es lo que realmente nos distingue de la competencia.  <\/p>\t\t\t\t\t\t\t\t<\/div>\n\t\t\t\t<div class=\"elementor-element elementor-element-655cc3be elementor-skin-slideshow elementor-widget elementor-widget-media-carousel\" data-id=\"655cc3be\" data-element_type=\"widget\" data-e-type=\"widget\" data-settings=\"{&quot;skin&quot;:&quot;slideshow&quot;,&quot;effect&quot;:&quot;fade&quot;,&quot;centered_slides&quot;:&quot;yes&quot;,&quot;autoplay_speed&quot;:3000,&quot;lazyload&quot;:&quot;yes&quot;,&quot;space_between&quot;:{&quot;unit&quot;:&quot;px&quot;,&quot;size&quot;:8,&quot;sizes&quot;:[]},&quot;speed&quot;:500,&quot;autoplay&quot;:&quot;yes&quot;,&quot;loop&quot;:&quot;yes&quot;,&quot;pause_on_hover&quot;:&quot;yes&quot;,&quot;pause_on_interaction&quot;:&quot;yes&quot;,&quot;space_between_tablet&quot;:{&quot;unit&quot;:&quot;px&quot;,&quot;size&quot;:10,&quot;sizes&quot;:[]},&quot;space_between_mobile&quot;:{&quot;unit&quot;:&quot;px&quot;,&quot;size&quot;:10,&quot;sizes&quot;:[]}}\" data-widget_type=\"media-carousel.default\">\n\t\t\t\t\t\t\t\t\t\t<div class=\"elementor-main-swiper swiper\" role=\"region\" aria-roledescription=\"carousel\" aria-label=\"Slides\">\n\t\t\t\t<div class=\"swiper-wrapper\">\n\t\t\t\t\t\t\t\t\t\t\t<div class=\"swiper-slide\" role=\"group\" aria-roledescription=\"slide\">\n\t\t\t\t\t\t\t\t\t<div class=\"elementor-carousel-image swiper-lazy\" role=\"img\" aria-label=\"Vista a\u00e9rea de la f\u00e1brica de El Nawawy en Egipto\" data-background=\"https:\/\/elnawawycompany.com\/wp-content\/uploads\/2025\/02\/image00005-1.webp\">\n\n\t\t\t\t\t\t\t<div class=\"swiper-lazy-preloader\"><\/div>\n\t\t\t\n\t\t\t\t\t<\/div>\n\t\t\t\t\t\t\t\t<\/div>\n\t\t\t\t\t\t\t\t\t\t\t<div class=\"swiper-slide\" role=\"group\" aria-roledescription=\"slide\">\n\t\t\t\t\t\t\t\t\t<div class=\"elementor-carousel-image swiper-lazy\" role=\"img\" aria-label=\"Wet Spun Linen Yarn on the reel of wet spinning machine\" data-background=\"https:\/\/elnawawycompany.com\/wp-content\/uploads\/2025\/02\/wet-spin4.webp\">\n\n\t\t\t\t\t\t\t<div class=\"swiper-lazy-preloader\"><\/div>\n\t\t\t\n\t\t\t\t\t<\/div>\n\t\t\t\t\t\t\t\t<\/div>\n\t\t\t\t\t\t\t\t\t\t\t<div class=\"swiper-slide\" role=\"group\" aria-roledescription=\"slide\">\n\t\t\t\t\t\t\t\t\t<div class=\"elementor-carousel-image swiper-lazy\" role=\"img\" aria-label=\"\" data-background=\"https:\/\/elnawawycompany.com\/wp-content\/uploads\/2025\/02\/1F0A3081-copy-scaled-e1661301657539.webp\">\n\n\t\t\t\t\t\t\t<div class=\"swiper-lazy-preloader\"><\/div>\n\t\t\t\n\t\t\t\t\t<\/div>\n\t\t\t\t\t\t\t\t<\/div>\n\t\t\t\t\t\t\t\t\t\t\t<div class=\"swiper-slide\" role=\"group\" aria-roledescription=\"slide\">\n\t\t\t\t\t\t\t\t\t<div class=\"elementor-carousel-image swiper-lazy\" role=\"img\" aria-label=\"\" data-background=\"https:\/\/elnawawycompany.com\/wp-content\/uploads\/2025\/02\/wet-spin6.webp\">\n\n\t\t\t\t\t\t\t<div class=\"swiper-lazy-preloader\"><\/div>\n\t\t\t\n\t\t\t\t\t<\/div>\n\t\t\t\t\t\t\t\t<\/div>\n\t\t\t\t\t\t\t\t\t<\/div>\n\t\t\t\t\t\t\t\t\t\t\t\t\t\t\t\t\t\t\t\t\t<\/div>\n\t\t\t\t\t\t\t\t\t<div class=\"elementor-main-swiper swiper elementor-thumbnails-swiper swiper\" role=\"region region\" aria-roledescription=\"carousel carousel\" aria-label=\"Slides Slides\">\n\t\t\t\t<div class=\"swiper-wrapper\">\n\t\t\t\t\t\t\t\t\t\t\t<div class=\"swiper-slide\" role=\"group\" aria-roledescription=\"slide\">\n\t\t\t\t\t\t\t\t\t<div class=\"elementor-carousel-image swiper-lazy\" role=\"img\" aria-label=\"Vista a\u00e9rea de la f\u00e1brica de El Nawawy en Egipto\" data-background=\"https:\/\/elnawawycompany.com\/wp-content\/uploads\/2025\/02\/image00005-1.webp\">\n\n\t\t\t\t\t\t\t<div class=\"swiper-lazy-preloader\"><\/div>\n\t\t\t\n\t\t\t\t\t<\/div>\n\t\t\t\t\t\t\t\t<\/div>\n\t\t\t\t\t\t\t\t\t\t\t<div class=\"swiper-slide\" role=\"group\" aria-roledescription=\"slide\">\n\t\t\t\t\t\t\t\t\t<div class=\"elementor-carousel-image swiper-lazy\" role=\"img\" aria-label=\"Wet Spun Linen Yarn on the reel of wet spinning machine\" data-background=\"https:\/\/elnawawycompany.com\/wp-content\/uploads\/2025\/02\/wet-spin4.webp\">\n\n\t\t\t\t\t\t\t<div class=\"swiper-lazy-preloader\"><\/div>\n\t\t\t\n\t\t\t\t\t<\/div>\n\t\t\t\t\t\t\t\t<\/div>\n\t\t\t\t\t\t\t\t\t\t\t<div class=\"swiper-slide\" role=\"group\" aria-roledescription=\"slide\">\n\t\t\t\t\t\t\t\t\t<div class=\"elementor-carousel-image swiper-lazy\" role=\"img\" aria-label=\"\" data-background=\"https:\/\/elnawawycompany.com\/wp-content\/uploads\/2025\/02\/1F0A3081-copy-scaled-e1661301657539.webp\">\n\n\t\t\t\t\t\t\t<div class=\"swiper-lazy-preloader\"><\/div>\n\t\t\t\n\t\t\t\t\t<\/div>\n\t\t\t\t\t\t\t\t<\/div>\n\t\t\t\t\t\t\t\t\t\t\t<div class=\"swiper-slide\" role=\"group\" aria-roledescription=\"slide\">\n\t\t\t\t\t\t\t\t\t<div class=\"elementor-carousel-image swiper-lazy\" role=\"img\" aria-label=\"\" data-background=\"https:\/\/elnawawycompany.com\/wp-content\/uploads\/2025\/02\/wet-spin6.webp\">\n\n\t\t\t\t\t\t\t<div class=\"swiper-lazy-preloader\"><\/div>\n\t\t\t\n\t\t\t\t\t<\/div>\n\t\t\t\t\t\t\t\t<\/div>\n\t\t\t\t\t\t\t\t\t<\/div>\n\t\t\t\t\t\t\t\t\t\t\t\t\t\t\t\t\t\t\t\t\t<\/div>\n\t\t\t\t\t\t\t\t<\/div>\n\t\t\t\t\t<\/div>\n\t\t\t\t<\/div>\n\t\t\t\t<section class=\"elementor-section elementor-top-section elementor-element elementor-element-6d697473 elementor-section-stretched elementor-section-full_width elementor-section-height-default elementor-section-height-default\" data-id=\"6d697473\" data-element_type=\"section\" data-e-type=\"section\" data-settings=\"{&quot;stretch_section&quot;:&quot;section-stretched&quot;,&quot;background_background&quot;:&quot;classic&quot;}\">\n\t\t\t\t\t\t\t<div class=\"elementor-background-overlay\"><\/div>\n\t\t\t\t\t\t\t<div class=\"elementor-container elementor-column-gap-default\">\n\t\t\t\t\t<div class=\"elementor-column elementor-col-100 elementor-top-column elementor-element elementor-element-280c66b5\" data-id=\"280c66b5\" data-element_type=\"column\" data-e-type=\"column\">\n\t\t\t<div class=\"elementor-widget-wrap elementor-element-populated\">\n\t\t\t\t\t\t<div class=\"elementor-element elementor-element-83ac7 elementor-widget elementor-widget-heading\" data-id=\"83ac7\" data-element_type=\"widget\" data-e-type=\"widget\" data-widget_type=\"heading.default\">\n\t\t\t\t\t<h2 class=\"elementor-heading-title elementor-size-default\">De la fibra de lino al <span class=\"orange-text\">hilado de lino<\/span><\/h2>\t\t\t\t<\/div>\n\t\t\t\t<div class=\"elementor-element elementor-element-2d791fc1 elementor-widget-mobile__width-inherit e-n-tabs-mobile elementor-widget elementor-widget-n-tabs\" data-id=\"2d791fc1\" data-element_type=\"widget\" data-e-type=\"widget\" data-settings=\"{&quot;tabs_justify_horizontal_mobile&quot;:&quot;center&quot;,&quot;horizontal_scroll_mobile&quot;:&quot;enable&quot;,&quot;horizontal_scroll&quot;:&quot;disable&quot;}\" data-widget_type=\"nested-tabs.default\">\n\t\t\t\t\t\t\t<div class=\"e-n-tabs\" data-widget-number=\"762912705\" aria-label=\"Pesta\u00f1as. Abre elementos con Intro o Espacio, ci\u00e9rralos con Escape y navega con las fechas.\">\n\t\t\t<div class=\"e-n-tabs-heading\" role=\"tablist\">\n\t\t\t\t\t<button id=\"e-n-tab-title-7629127051\" data-tab-title-id=\"e-n-tab-title-7629127051\" class=\"e-n-tab-title\" aria-selected=\"true\" data-tab-index=\"1\" role=\"tab\" tabindex=\"0\" aria-controls=\"e-n-tab-content-7629127051\" style=\"--n-tabs-title-order: 1;\">\n\t\t\t\t\t\t<span class=\"e-n-tab-title-text\">\n\t\t\t\tHackling\t\t\t<\/span>\n\t\t<\/button>\n\t\t\t\t<button id=\"e-n-tab-title-7629127052\" data-tab-title-id=\"e-n-tab-title-7629127052\" class=\"e-n-tab-title\" aria-selected=\"false\" data-tab-index=\"2\" role=\"tab\" tabindex=\"-1\" aria-controls=\"e-n-tab-content-7629127052\" style=\"--n-tabs-title-order: 2;\">\n\t\t\t\t\t\t<span class=\"e-n-tab-title-text\">\n\t\t\t\tMezclador\t\t\t<\/span>\n\t\t<\/button>\n\t\t\t\t<button id=\"e-n-tab-title-7629127053\" data-tab-title-id=\"e-n-tab-title-7629127053\" class=\"e-n-tab-title\" aria-selected=\"false\" data-tab-index=\"3\" role=\"tab\" tabindex=\"-1\" aria-controls=\"e-n-tab-content-7629127053\" style=\"--n-tabs-title-order: 3;\">\n\t\t\t\t\t\t<span class=\"e-n-tab-title-text\">\n\t\t\t\tDibujo\t\t\t<\/span>\n\t\t<\/button>\n\t\t\t\t<button id=\"e-n-tab-title-7629127054\" data-tab-title-id=\"e-n-tab-title-7629127054\" class=\"e-n-tab-title\" aria-selected=\"false\" data-tab-index=\"4\" role=\"tab\" tabindex=\"-1\" aria-controls=\"e-n-tab-content-7629127054\" style=\"--n-tabs-title-order: 4;\">\n\t\t\t\t\t\t<span class=\"e-n-tab-title-text\">\n\t\t\t\tHilado\t\t\t<\/span>\n\t\t<\/button>\n\t\t\t\t\t<\/div>\n\t\t\t<div class=\"e-n-tabs-content\">\n\t\t\t\t<div id=\"e-n-tab-content-7629127051\" role=\"tabpanel\" aria-labelledby=\"e-n-tab-title-7629127051\" data-tab-index=\"1\" style=\"--n-tabs-title-order: 1;\" class=\"e-active elementor-element elementor-element-4f28ef34 e-flex e-con-boxed e-con e-child\" data-id=\"4f28ef34\" data-element_type=\"container\" data-e-type=\"container\">\n\t\t\t\t\t<div class=\"e-con-inner\">\n\t\t<div class=\"elementor-element elementor-element-101ee749 e-flex e-con-boxed e-con e-child\" data-id=\"101ee749\" data-element_type=\"container\" data-e-type=\"container\" data-settings=\"{&quot;background_background&quot;:&quot;classic&quot;}\">\n\t\t\t\t\t<div class=\"e-con-inner\">\n\t\t\t\t<div class=\"elementor-element elementor-element-42d65c0f elementor-widget elementor-widget-image\" data-id=\"42d65c0f\" data-element_type=\"widget\" data-e-type=\"widget\" data-widget_type=\"image.default\">\n\t\t\t\t\t\t\t\t\t\t\t\t\t\t\t<img decoding=\"async\" width=\"800\" height=\"534\" src=\"https:\/\/elnawawycompany.com\/wp-content\/uploads\/2025\/02\/hackling_worker-1024x683.webp\" class=\"attachment-large size-large wp-image-3082\" alt=\"Imagen que muestra a un trabajador de la empresa El Nawawy limpiando delante de una m\u00e1quina desbrozadora de fibra de lino.\" srcset=\"https:\/\/elnawawycompany.com\/wp-content\/uploads\/2025\/02\/hackling_worker-1024x683.webp 1024w, https:\/\/elnawawycompany.com\/wp-content\/uploads\/2025\/02\/hackling_worker-300x200.webp 300w, https:\/\/elnawawycompany.com\/wp-content\/uploads\/2025\/02\/hackling_worker-768x512.webp 768w, https:\/\/elnawawycompany.com\/wp-content\/uploads\/2025\/02\/hackling_worker-1536x1024.webp 1536w, https:\/\/elnawawycompany.com\/wp-content\/uploads\/2025\/02\/hackling_worker-2048x1366.webp 2048w\" sizes=\"(max-width: 800px) 100vw, 800px\" title=\"\">\t\t\t\t\t\t\t\t\t\t\t\t\t\t\t<\/div>\n\t\t\t\t<div class=\"elementor-element elementor-element-39bda1bb elementor-widget elementor-widget-text-editor\" data-id=\"39bda1bb\" data-element_type=\"widget\" data-e-type=\"widget\" data-widget_type=\"text-editor.default\">\n\t\t\t\t\t\t\t\t\t<p><strong><span style=\"color: #000000;\">El proceso de descruzado elimina las impurezas y las pajas le\u00f1osas de la fibra de lino. La fibra resultante pasa luego por el proceso de peinado <a href=\"https:\/\/en.wikipedia.org\/wiki\/Heckling_(flax)\" rel=\"noopener\">\u201checkling\u201d<\/a> <\/span><\/strong><\/p><p><span style=\"color: #000000;\">La m\u00e1quina de heckeling consta de varios peines con diferentes densidades de pines. La hebra de fibras se mantiene en su lugar y los peines la atraviesan con movimientos verticales. Este proceso logra tres cosas:  <\/span><\/p><ul><li><span style=\"color: #000000;\">Eliminaci\u00f3n de cualquier resto de paja e impurezas de las fibras.<\/span><\/li><li><span style=\"color: #000000;\">Separaci\u00f3n de las fibras cortas de las fibras largas.<\/span><\/li><li><span style=\"color: #000000;\">Enderezamiento de las fibras.<\/span><\/li><\/ul>\t\t\t\t\t\t\t\t<\/div>\n\t\t\t\t\t<\/div>\n\t\t\t\t<\/div>\n\t\t\t\t\t<\/div>\n\t\t\t\t<\/div>\n\t\t<div id=\"e-n-tab-content-7629127052\" role=\"tabpanel\" aria-labelledby=\"e-n-tab-title-7629127052\" data-tab-index=\"2\" style=\"--n-tabs-title-order: 2;\" class=\" elementor-element elementor-element-51c89e96 e-flex e-con-boxed e-con e-child\" data-id=\"51c89e96\" data-element_type=\"container\" data-e-type=\"container\">\n\t\t\t\t\t<div class=\"e-con-inner\">\n\t\t<div class=\"elementor-element elementor-element-61fe55f3 e-flex e-con-boxed e-con e-child\" data-id=\"61fe55f3\" data-element_type=\"container\" data-e-type=\"container\" data-settings=\"{&quot;background_background&quot;:&quot;classic&quot;}\">\n\t\t\t\t\t<div class=\"e-con-inner\">\n\t\t\t\t<div class=\"elementor-element elementor-element-3eade585 elementor-widget elementor-widget-image\" data-id=\"3eade585\" data-element_type=\"widget\" data-e-type=\"widget\" data-widget_type=\"image.default\">\n\t\t\t\t\t\t\t\t\t\t\t\t\t\t\t<img decoding=\"async\" width=\"800\" height=\"533\" src=\"https:\/\/elnawawycompany.com\/wp-content\/uploads\/2025\/02\/khalatta-1024x682.webp\" class=\"attachment-large size-large wp-image-3086\" alt=\"Imagen que muestra la fibra de lino pasando por las agujas de la m\u00e1quina mezcladora de fibra de lino.\" srcset=\"https:\/\/elnawawycompany.com\/wp-content\/uploads\/2025\/02\/khalatta-1024x682.webp 1024w, https:\/\/elnawawycompany.com\/wp-content\/uploads\/2025\/02\/khalatta-300x200.webp 300w, https:\/\/elnawawycompany.com\/wp-content\/uploads\/2025\/02\/khalatta-768x512.webp 768w, https:\/\/elnawawycompany.com\/wp-content\/uploads\/2025\/02\/khalatta.webp 1280w\" sizes=\"(max-width: 800px) 100vw, 800px\" title=\"\">\t\t\t\t\t\t\t\t\t\t\t\t\t\t\t<\/div>\n\t\t\t\t<div class=\"elementor-element elementor-element-7390dfcd elementor-widget elementor-widget-text-editor\" data-id=\"7390dfcd\" data-element_type=\"widget\" data-e-type=\"widget\" data-widget_type=\"text-editor.default\">\n\t\t\t\t\t\t\t\t\t<p><strong><span style=\"color: #000000; font-size: 16px;\">Las fibras de lino toman la longitud del tallo de la planta de lino. Para transformar estas fibras de longitud limitada en una mecha continua de fibra para hilado, pasamos por el proceso de mezclado <\/span><\/strong><\/p><p><span style=\"color: #000000;\">El proceso del mezclador \u201cmezcla\u201d las fibras para formar una tira larga y continua.  <\/span><\/p><p><span style=\"color: #000000;\">La maquinaria toma la hebra de fibra y la pasa por cilindros giratorios que la entregan a peines con un n\u00famero variable de p\u00faas. Las p\u00faas ayudan a enderezar las fibras y los cilindros a mezclarlas. <\/span><\/p><p>La mezcladora expulsa la cinta continua a un recipiente grande (normalmente un cilindro). La longitud de la cinta depende de la capacidad del recipiente. <\/p><p>Luego tomamos varios cilindros del mezclador y los usamos en el siguiente paso, que es \u00abdibujar\u00bb.<\/p>\t\t\t\t\t\t\t\t<\/div>\n\t\t\t\t\t<\/div>\n\t\t\t\t<\/div>\n\t\t\t\t\t<\/div>\n\t\t\t\t<\/div>\n\t\t<div id=\"e-n-tab-content-7629127053\" role=\"tabpanel\" aria-labelledby=\"e-n-tab-title-7629127053\" data-tab-index=\"3\" style=\"--n-tabs-title-order: 3;\" class=\" elementor-element elementor-element-6a7ce4b7 e-flex e-con-boxed e-con e-child\" data-id=\"6a7ce4b7\" data-element_type=\"container\" data-e-type=\"container\">\n\t\t\t\t\t<div class=\"e-con-inner\">\n\t\t<div class=\"elementor-element elementor-element-29ad4b29 e-flex e-con-boxed e-con e-child\" data-id=\"29ad4b29\" data-element_type=\"container\" data-e-type=\"container\" data-settings=\"{&quot;background_background&quot;:&quot;classic&quot;}\">\n\t\t\t\t\t<div class=\"e-con-inner\">\n\t\t\t\t<div class=\"elementor-element elementor-element-60b53c24 elementor-widget elementor-widget-image\" data-id=\"60b53c24\" data-element_type=\"widget\" data-e-type=\"widget\" data-widget_type=\"image.default\">\n\t\t\t\t\t\t\t\t\t\t\t\t\t\t\t<img decoding=\"async\" width=\"800\" height=\"534\" src=\"https:\/\/elnawawycompany.com\/wp-content\/uploads\/2025\/02\/1F0A3018-scaled-1-1-1024x683.jpg\" class=\"attachment-large size-large wp-image-3090\" alt=\"\" srcset=\"https:\/\/elnawawycompany.com\/wp-content\/uploads\/2025\/02\/1F0A3018-scaled-1-1-1024x683.jpg 1024w, https:\/\/elnawawycompany.com\/wp-content\/uploads\/2025\/02\/1F0A3018-scaled-1-1-300x200.jpg 300w, https:\/\/elnawawycompany.com\/wp-content\/uploads\/2025\/02\/1F0A3018-scaled-1-1-768x512.jpg 768w, https:\/\/elnawawycompany.com\/wp-content\/uploads\/2025\/02\/1F0A3018-scaled-1-1-1536x1024.jpg 1536w, https:\/\/elnawawycompany.com\/wp-content\/uploads\/2025\/02\/1F0A3018-scaled-1-1.jpg 1600w\" sizes=\"(max-width: 800px) 100vw, 800px\" title=\"\">\t\t\t\t\t\t\t\t\t\t\t\t\t\t\t<\/div>\n\t\t\t\t<div class=\"elementor-element elementor-element-7bf9025e elementor-widget elementor-widget-text-editor\" data-id=\"7bf9025e\" data-element_type=\"widget\" data-e-type=\"widget\" data-widget_type=\"text-editor.default\">\n\t\t\t\t\t\t\t\t\t<p><strong>El estirado es la etapa posterior al cardado o la amasadora. Es el paso previo a la hilaci\u00f3n de la mecha. <\/strong><\/p><p>El estirado es una etapa muy importante porque mejora la consistencia del hilo. El concepto principal es simple: la regla del promedio. Al mezclar las mechas resultantes del cardado\/mezclador, reducimos la probabilidad de inconsistencia en las mechas.  <\/p><p>Como se menciona en la pesta\u00f1a \u00abCardado\u00bb, la m\u00e1quina cardadora\/mezcladora convierte las fibras en una sola mecha larga en contenedores cil\u00edndricos. Luego, tomamos varias mechas de varios cilindros y las introducimos en la trefiladora. Esta trefiladora mezcla las mechas de todos los cilindros. Despu\u00e9s, estira (es decir, estira o alarga) las mechas mezcladas para generar una mecha de salida. Esta mecha de salida tiene mejor consistencia, ya que toma fibras de todas las mechas.    <\/p><p>En general, cuanto mayor sea el n\u00famero de veces que se estira la mecha, m\u00e1s consistente ser\u00e1 la mecha final. La decisi\u00f3n de cu\u00e1ntas veces se estiran las mechas juntas es compleja. Depende del tipo de fibra, la consistencia de la mecha y la densidad de hilo que se desea lograr.  <\/p>\t\t\t\t\t\t\t\t<\/div>\n\t\t\t\t\t<\/div>\n\t\t\t\t<\/div>\n\t\t\t\t\t<\/div>\n\t\t\t\t<\/div>\n\t\t<div id=\"e-n-tab-content-7629127054\" role=\"tabpanel\" aria-labelledby=\"e-n-tab-title-7629127054\" data-tab-index=\"4\" style=\"--n-tabs-title-order: 4;\" class=\" elementor-element elementor-element-29be6e4 e-flex e-con-boxed e-con e-child\" data-id=\"29be6e4\" data-element_type=\"container\" data-e-type=\"container\">\n\t\t\t\t\t<div class=\"e-con-inner\">\n\t\t<div class=\"elementor-element elementor-element-6a34c902 e-con-full e-flex e-con e-child\" data-id=\"6a34c902\" data-element_type=\"container\" data-e-type=\"container\" data-settings=\"{&quot;background_background&quot;:&quot;classic&quot;}\">\n\t\t\t\t<div class=\"elementor-element elementor-element-4819f5e3 elementor-widget elementor-widget-image\" data-id=\"4819f5e3\" data-element_type=\"widget\" data-e-type=\"widget\" data-widget_type=\"image.default\">\n\t\t\t\t\t\t\t\t\t\t\t\t\t\t\t<img decoding=\"async\" width=\"800\" height=\"534\" src=\"https:\/\/elnawawycompany.com\/wp-content\/uploads\/2025\/02\/wet-spin5-1024x683.webp\" class=\"attachment-large size-large wp-image-3094\" alt=\"Leinengarn Produktion auf der Nassspinnlinie von El Nawawy\" srcset=\"https:\/\/elnawawycompany.com\/wp-content\/uploads\/2025\/02\/wet-spin5-1024x683.webp 1024w, https:\/\/elnawawycompany.com\/wp-content\/uploads\/2025\/02\/wet-spin5-300x200.webp 300w, https:\/\/elnawawycompany.com\/wp-content\/uploads\/2025\/02\/wet-spin5-768x512.webp 768w, https:\/\/elnawawycompany.com\/wp-content\/uploads\/2025\/02\/wet-spin5-1536x1024.webp 1536w, https:\/\/elnawawycompany.com\/wp-content\/uploads\/2025\/02\/wet-spin5-2048x1366.webp 2048w\" sizes=\"(max-width: 800px) 100vw, 800px\" title=\"\">\t\t\t\t\t\t\t\t\t\t\t\t\t\t\t<\/div>\n\t\t\t\t<div class=\"elementor-element elementor-element-41244d83 elementor-widget elementor-widget-text-editor\" data-id=\"41244d83\" data-element_type=\"widget\" data-e-type=\"widget\" data-widget_type=\"text-editor.default\">\n\t\t\t\t\t\t\t\t\t<p><strong>El hilado es la etapa que transforma las mechas de fibra en hilos.<\/strong><\/p><p>Las m\u00e1quinas de hilar suelen tener varios cabezales. Cada cabezal trabaja con una cinta para producir un cono de hilo. La m\u00e1quina suele tener varios cabezales para paralelizar la producci\u00f3n. Cada cilindro de cinta se convierte en un cono de hilo.   <\/p><p>Posteriormente llevamos el cono de hilos a la fase de acabado donde pueden recibir cualquier combinaci\u00f3n de acabados: torcido con otros hilos, pulido, decoloraci\u00f3n o coloraci\u00f3n, bobinado del hilo en forma <strong><a href=\"https:\/\/elnawawycompany.com\/es\/nuestros-productos\/productos-de-hilo\/\">de ovillos o carretes<\/a> ,<\/strong> y empaquetado.<\/p><p>Hay tres m\u00e9todos de hilado: seco, semih\u00famedo y h\u00famedo.<\/p><p> <strong>El hilado h\u00famedo<\/strong> coloca el hilo dentro de un ba\u00f1o de l\u00edquido durante la fase de hilado donde la mecha se retuerce a alta velocidad hasta convertirse en hilo.<\/p><p>El m\u00e9todo <strong>semih\u00famedo<\/strong> implica agua s\u00f3lo en una parte determinada del proceso.<\/p><p><strong>El hilado en seco<\/strong> no utiliza ning\u00fan l\u00edquido en el proceso. A\u00f1adir l\u00edquido al hilado evita que el hilo se rompa. Si bien mejora la resistencia a la tracci\u00f3n, tambi\u00e9n aumenta la complejidad y el costo de la producci\u00f3n. Por lo tanto, el m\u00e9todo de hilado en seco no puede utilizarse con hilos m\u00e1s finos ni con hilos que requieran una alta resistencia a la tracci\u00f3n.   <\/p>\t\t\t\t\t\t\t\t<\/div>\n\t\t\t\t<\/div>\n\t\t\t\t\t<\/div>\n\t\t\t\t<\/div>\n\t\t\t\t\t<\/div>\n\t\t<\/div>\n\t\t\t\t\t\t<\/div>\n\t\t\t\t\t<\/div>\n\t\t<\/div>\n\t\t\t\t\t<\/div>\n\t\t<\/section>\n\t\t\t\t<\/div>\n\t\t","protected":false},"excerpt":{"rendered":"<p>Proceso de producci\u00f3n de hilo de lino Home Nuestra hilander\u00eda de lino se encuentra en Al-Delta, el coraz\u00f3n de la regi\u00f3n textil de Egipto. Gracias a su clima y suelo \u00f3ptimos, la regi\u00f3n de Al-Delta fue la que dio al algod\u00f3n egipcio su hist\u00f3rica fama mundial. COMPA\u00d1\u00cdA ELNAWAWY Explora nuestra hilander\u00eda de lino La f\u00e1brica [&hellip;]<\/p>\n","protected":false},"author":1,"featured_media":0,"parent":0,"menu_order":0,"comment_status":"closed","ping_status":"closed","template":"elementor_header_footer","meta":{"footnotes":""},"class_list":["post-3532","page","type-page","status-publish","hentry"],"_links":{"self":[{"href":"https:\/\/elnawawycompany.com\/es\/wp-json\/wp\/v2\/pages\/3532","targetHints":{"allow":["GET"]}}],"collection":[{"href":"https:\/\/elnawawycompany.com\/es\/wp-json\/wp\/v2\/pages"}],"about":[{"href":"https:\/\/elnawawycompany.com\/es\/wp-json\/wp\/v2\/types\/page"}],"author":[{"embeddable":true,"href":"https:\/\/elnawawycompany.com\/es\/wp-json\/wp\/v2\/users\/1"}],"replies":[{"embeddable":true,"href":"https:\/\/elnawawycompany.com\/es\/wp-json\/wp\/v2\/comments?post=3532"}],"version-history":[{"count":0,"href":"https:\/\/elnawawycompany.com\/es\/wp-json\/wp\/v2\/pages\/3532\/revisions"}],"wp:attachment":[{"href":"https:\/\/elnawawycompany.com\/es\/wp-json\/wp\/v2\/media?parent=3532"}],"curies":[{"name":"wp","href":"https:\/\/api.w.org\/{rel}","templated":true}]}}