{"id":3523,"date":"2025-02-26T20:09:15","date_gmt":"2025-02-26T18:09:15","guid":{"rendered":"https:\/\/elnawawycompany.com\/descubra-los-productos-de-hilos-y-fibras-de-polipropileno-de-lino-y-canamo\/fibra-y-materia-prima-de-lino\/"},"modified":"2026-04-06T08:50:30","modified_gmt":"2026-04-06T06:50:30","slug":"fibras-de-lino-egipcio","status":"publish","type":"page","link":"https:\/\/elnawawycompany.com\/es\/nuestros-productos\/fibras-de-lino-egipcio\/","title":{"rendered":"Fibra de lino y materias primas de alta calidad"},"content":{"rendered":"\t\t<div data-elementor-type=\"wp-page\" data-elementor-id=\"3523\" class=\"elementor elementor-3523 elementor-753\" data-elementor-post-type=\"page\">\n\t\t\t\t<div class=\"elementor-element elementor-element-51ab9fe5 e-flex e-con-boxed e-con e-parent\" data-id=\"51ab9fe5\" data-element_type=\"container\" data-e-type=\"container\" data-settings=\"{&quot;background_background&quot;:&quot;classic&quot;}\">\n\t\t\t\t\t<div class=\"e-con-inner\">\n\t\t\t\t<div class=\"elementor-element elementor-element-7495aea7 elementor-widget elementor-widget-heading\" data-id=\"7495aea7\" data-element_type=\"widget\" data-e-type=\"widget\" data-widget_type=\"heading.default\">\n\t\t\t\t\t<h1 class=\"elementor-heading-title elementor-size-default\">Fibras y materia prima de lino egipcio<\/h1>\t\t\t\t<\/div>\n\t\t\t\t<div class=\"elementor-element elementor-element-6087a19e elementor-align-center elementor-widget elementor-widget-breadcrumbs\" data-id=\"6087a19e\" data-element_type=\"widget\" data-e-type=\"widget\" data-widget_type=\"breadcrumbs.default\">\n\t\t\t\t<div class=\"elementor-widget-container\">\n\t\t\t\t\t<nav aria-label=\"breadcrumbs\" class=\"rank-math-breadcrumb\"><p><span class=\"last\">Inicio<\/span><\/p><\/nav>\t\t\t\t<\/div>\n\t\t\t\t<\/div>\n\t\t\t\t<div class=\"elementor-element elementor-element-25404829 elementor-widget elementor-widget-text-editor\" data-id=\"25404829\" data-element_type=\"widget\" data-e-type=\"widget\" data-widget_type=\"text-editor.default\">\n\t\t\t\t\t\t\t\t\t<div class=\"w-full border-b border-black\/10 dark:border-gray-900\/50 text-gray-800 dark:text-gray-100 group dark:bg-gray-800\"><div class=\"text-base gap-4 md:gap-6 m-auto md:max-w-2xl lg:max-w-2xl xl:max-w-3xl p-4 md:py-6 flex lg:px-0\"><div class=\"relative flex w-[calc(100%-50px)] flex-col gap-1 md:gap-3 lg:w-[calc(100%-115px)]\"><div class=\"flex flex-grow flex-col gap-3\"><p class=\"min-h-[20px] flex flex-col items-start gap-4 whitespace-pre-wrap\">La fibra de lino es una de las fibras naturales m\u00e1s antiguas utilizadas para los tejidos, que se remonta a las antiguas civilizaciones de Egipto y China. Hoy en d\u00eda, las fibras de lino est\u00e1n ganando popularidad nuevamente como una alternativa sostenible y ecol\u00f3gica a las fibras sint\u00e9ticas, como el poli\u00e9ster y el nailon, que se derivan de recursos no renovables y tienen importantes impactos ambientales. <\/p><\/div><\/div><\/div><\/div>\t\t\t\t\t\t\t\t<\/div>\n\t\t\t\t\t<\/div>\n\t\t\t\t<\/div>\n\t\t<div class=\"elementor-element elementor-element-10a9dc2a e-flex e-con-boxed e-con e-parent\" data-id=\"10a9dc2a\" data-element_type=\"container\" data-e-type=\"container\" data-settings=\"{&quot;background_background&quot;:&quot;classic&quot;}\">\n\t\t\t\t\t<div class=\"e-con-inner\">\n\t\t<div class=\"elementor-element elementor-element-484ac460 e-con-full e-flex e-con e-child\" data-id=\"484ac460\" data-element_type=\"container\" data-e-type=\"container\" data-settings=\"{&quot;background_background&quot;:&quot;classic&quot;}\">\n\t\t\t\t<div class=\"elementor-element elementor-element-66bdaafb elementor-widget__width-inherit elementor-widget elementor-widget-heading\" data-id=\"66bdaafb\" data-element_type=\"widget\" data-e-type=\"widget\" data-widget_type=\"heading.default\">\n\t\t\t\t\t<h2 class=\"elementor-heading-title elementor-size-default\">Nuestra oferta de fibras de <span class=\"orange-text\">lino<\/span> <\/h2>\t\t\t\t<\/div>\n\t\t\t\t<div class=\"elementor-element elementor-element-bc39f1 elementor-widget elementor-widget-text-editor\" data-id=\"bc39f1\" data-element_type=\"widget\" data-e-type=\"widget\" data-widget_type=\"text-editor.default\">\n\t\t\t\t\t\t\t\t\t<p>Las fibras de lino pasan por varias etapas de aderezo o preparaci\u00f3n antes del <a href=\"https:\/\/elnawawycompany.com\/es\/cual-es-el-proceso-de-hilatura\/\">hilado<\/a>. De estas etapas, el \u00abscutching\u00bb y el \u00abhackling\u00bb son muy importantes. Estas etapas eliminan las pajas le\u00f1osas de las fibras y enderezan las fibras.  <\/p>\t\t\t\t\t\t\t\t<\/div>\n\t\t<div class=\"elementor-element elementor-element-5a4ddd28 e-con-full e-flex e-con e-child\" data-id=\"5a4ddd28\" data-element_type=\"container\" data-e-type=\"container\">\n\t\t<div class=\"elementor-element elementor-element-33fa413e e-con-full e-flex e-con e-child\" data-id=\"33fa413e\" data-element_type=\"container\" data-e-type=\"container\" data-settings=\"{&quot;background_background&quot;:&quot;classic&quot;}\">\n\t\t\t\t<div class=\"elementor-element elementor-element-1997f0fc elementor-widget elementor-widget-image\" data-id=\"1997f0fc\" data-element_type=\"widget\" data-e-type=\"widget\" data-widget_type=\"image.default\">\n\t\t\t\t\t\t\t\t\t\t\t\t\t\t\t<img decoding=\"async\" width=\"800\" height=\"534\" src=\"https:\/\/elnawawycompany.com\/wp-content\/uploads\/2025\/02\/1F0A2589-scaled-1-1024x683.webp\" class=\"attachment-large size-large wp-image-3102\" alt=\"Fibras Largas de Lino Crudo Egipcio Premium\" srcset=\"https:\/\/elnawawycompany.com\/wp-content\/uploads\/2025\/02\/1F0A2589-scaled-1-1024x683.webp 1024w, https:\/\/elnawawycompany.com\/wp-content\/uploads\/2025\/02\/1F0A2589-scaled-1-300x200.webp 300w, https:\/\/elnawawycompany.com\/wp-content\/uploads\/2025\/02\/1F0A2589-scaled-1-768x512.webp 768w, https:\/\/elnawawycompany.com\/wp-content\/uploads\/2025\/02\/1F0A2589-scaled-1-1536x1024.webp 1536w, https:\/\/elnawawycompany.com\/wp-content\/uploads\/2025\/02\/1F0A2589-scaled-1-2048x1366.webp 2048w\" sizes=\"(max-width: 800px) 100vw, 800px\" title=\"\">\t\t\t\t\t\t\t\t\t\t\t\t\t\t\t<\/div>\n\t\t\t\t<div class=\"elementor-element elementor-element-116c98f6 elementor-widget elementor-widget-heading\" data-id=\"116c98f6\" data-element_type=\"widget\" data-e-type=\"widget\" data-widget_type=\"heading.default\">\n\t\t\t\t\t<h4 class=\"elementor-heading-title elementor-size-default\">Fibra larga cruda<span class=\"orange-text\"> (L.F.)<\/h4>\t\t\t\t<\/div>\n\t\t\t\t<div class=\"elementor-element elementor-element-4f2cb0f7 elementor-widget elementor-widget-text-editor\" data-id=\"4f2cb0f7\" data-element_type=\"widget\" data-e-type=\"widget\" data-widget_type=\"text-editor.default\">\n\t\t\t\t\t\t\t\t\t<p><strong>Vendemos fibras largas de lino crudo sin <a href=\"https:\/\/en.wikipedia.org\/wiki\/Heckling_(flax)\" rel=\"noopener\">rastrillado<\/a>.<\/strong><\/p><p>Ofrecemos Fibras Largas de Lino Crudo Egipcio de calidad premium obtenidas despu\u00e9s del agramado. En esta etapa, las fibras conservan su longitud y resistencia naturales, perfectas para la producci\u00f3n textil, materiales compuestos &amp; y la fabricaci\u00f3n de papel especializado. <\/p><p>Esta forma vers\u00e1til le permite flexibilidad en el procesamiento posterior de acuerdo con sus necesidades espec\u00edficas.<\/p><p> <\/p>\t\t\t\t\t\t\t\t<\/div>\n\t\t\t\t<\/div>\n\t\t<div class=\"elementor-element elementor-element-59bcf28 e-con-full e-flex e-con e-child\" data-id=\"59bcf28\" data-element_type=\"container\" data-e-type=\"container\" data-settings=\"{&quot;background_background&quot;:&quot;classic&quot;}\">\n\t\t\t\t<div class=\"elementor-element elementor-element-4ee62b70 elementor-widget elementor-widget-image\" data-id=\"4ee62b70\" data-element_type=\"widget\" data-e-type=\"widget\" data-widget_type=\"image.default\">\n\t\t\t\t\t\t\t\t\t\t\t\t\t\t\t<img decoding=\"async\" width=\"800\" height=\"534\" src=\"https:\/\/elnawawycompany.com\/wp-content\/uploads\/2025\/02\/flax-yarn-mobile-scaled-1-1024x683.webp\" class=\"attachment-large size-large wp-image-3106\" alt=\"Maquinaria de Fibra Larga de Lino Espadado\" srcset=\"https:\/\/elnawawycompany.com\/wp-content\/uploads\/2025\/02\/flax-yarn-mobile-scaled-1-1024x683.webp 1024w, https:\/\/elnawawycompany.com\/wp-content\/uploads\/2025\/02\/flax-yarn-mobile-scaled-1-300x200.webp 300w, https:\/\/elnawawycompany.com\/wp-content\/uploads\/2025\/02\/flax-yarn-mobile-scaled-1-768x512.webp 768w, https:\/\/elnawawycompany.com\/wp-content\/uploads\/2025\/02\/flax-yarn-mobile-scaled-1-1536x1024.webp 1536w, https:\/\/elnawawycompany.com\/wp-content\/uploads\/2025\/02\/flax-yarn-mobile-scaled-1-2048x1366.webp 2048w\" sizes=\"(max-width: 800px) 100vw, 800px\" title=\"\">\t\t\t\t\t\t\t\t\t\t\t\t\t\t\t<\/div>\n\t\t\t\t<div class=\"elementor-element elementor-element-157c3e3e elementor-widget elementor-widget-heading\" data-id=\"157c3e3e\" data-element_type=\"widget\" data-e-type=\"widget\" data-widget_type=\"heading.default\">\n\t\t\t\t\t<h4 class=\"elementor-heading-title elementor-size-default\">Fibra larga rastrillada<span class=\"orange-text\"> (Hackled L.F.)<\/h4>\t\t\t\t<\/div>\n\t\t\t\t<div class=\"elementor-element elementor-element-3d7794f2 elementor-widget elementor-widget-text-editor\" data-id=\"3d7794f2\" data-element_type=\"widget\" data-e-type=\"widget\" data-widget_type=\"text-editor.default\">\n\t\t\t\t\t\t\t\t\t<p>Tambi\u00e9n ofrecemos la venta de las fibras largas de lino despu\u00e9s de \u00abrastrillarlas\u00bb. En nuestra maquinaria de rastrillado (que se muestra en la imagen), las fibras pasan a trav\u00e9s de peines con diferentes densidades de p\u00faas. <\/p><p>El peinado elimina cualquier residuo final de pajas e impurezas de las fibras, separa las fibras cortas (denominadas \u00abEstopa de M\u00e1quina\u00bb) de las fibras largas, y endereza las fibras.<\/p>\t\t\t\t\t\t\t\t<\/div>\n\t\t\t\t<\/div>\n\t\t\t\t<\/div>\n\t\t<div class=\"elementor-element elementor-element-1f790272 e-con-full e-flex e-con e-child\" data-id=\"1f790272\" data-element_type=\"container\" data-e-type=\"container\">\n\t\t<div class=\"elementor-element elementor-element-17a769b1 e-con-full e-flex e-con e-child\" data-id=\"17a769b1\" data-element_type=\"container\" data-e-type=\"container\" data-settings=\"{&quot;background_background&quot;:&quot;classic&quot;}\">\n\t\t\t\t<div class=\"elementor-element elementor-element-af75ea6 elementor-widget elementor-widget-image\" data-id=\"af75ea6\" data-element_type=\"widget\" data-e-type=\"widget\" data-widget_type=\"image.default\">\n\t\t\t\t\t\t\t\t\t\t\t\t\t\t\t<img decoding=\"async\" width=\"800\" height=\"534\" src=\"https:\/\/elnawawycompany.com\/wp-content\/uploads\/2025\/02\/1F0A2629-scaled-1-1024x683.webp\" class=\"attachment-large size-large wp-image-2834\" alt=\"Fibras de Lino de Grado Medio de Estopa de M\u00e1quina\" srcset=\"https:\/\/elnawawycompany.com\/wp-content\/uploads\/2025\/02\/1F0A2629-scaled-1-1024x683.webp 1024w, https:\/\/elnawawycompany.com\/wp-content\/uploads\/2025\/02\/1F0A2629-scaled-1-300x200.webp 300w, https:\/\/elnawawycompany.com\/wp-content\/uploads\/2025\/02\/1F0A2629-scaled-1-768x512.webp 768w, https:\/\/elnawawycompany.com\/wp-content\/uploads\/2025\/02\/1F0A2629-scaled-1-1536x1024.webp 1536w, https:\/\/elnawawycompany.com\/wp-content\/uploads\/2025\/02\/1F0A2629-scaled-1-2048x1366.webp 2048w\" sizes=\"(max-width: 800px) 100vw, 800px\" title=\"\">\t\t\t\t\t\t\t\t\t\t\t\t\t\t\t<\/div>\n\t\t\t\t<div class=\"elementor-element elementor-element-10748b44 elementor-widget elementor-widget-heading\" data-id=\"10748b44\" data-element_type=\"widget\" data-e-type=\"widget\" data-widget_type=\"heading.default\">\n\t\t\t\t\t<h4 class=\"elementor-heading-title elementor-size-default\">Estopa de m\u00e1quina<span class=\"orange-text\"> (M.T.)<\/h4>\t\t\t\t<\/div>\n\t\t\t\t<div class=\"elementor-element elementor-element-56d4562f elementor-widget elementor-widget-text-editor\" data-id=\"56d4562f\" data-element_type=\"widget\" data-e-type=\"widget\" data-widget_type=\"text-editor.default\">\n\t\t\t\t\t\t\t\t\t<p>Ofrecemos la venta de fibras Machine Tow (M.T.). Durante el proceso de hackling, los peines separan las fibras cortas de las largas. Las fibras cortas se denominan \u00abMachine Tow\u00bb.  <\/p><p>La estopa a m\u00e1quina se considera fibra de lino de grado medio. Sus fibras no son tan largas como las fibras largas. Es una fibra muy buena para hilar desde 0,2 Nm hasta 6 Nm.  <\/p>\t\t\t\t\t\t\t\t<\/div>\n\t\t\t\t<\/div>\n\t\t<div class=\"elementor-element elementor-element-aa2cd68 e-con-full e-flex e-con e-child\" data-id=\"aa2cd68\" data-element_type=\"container\" data-e-type=\"container\" data-settings=\"{&quot;background_background&quot;:&quot;classic&quot;}\">\n\t\t\t\t<div class=\"elementor-element elementor-element-56a6e104 elementor-widget elementor-widget-image\" data-id=\"56a6e104\" data-element_type=\"widget\" data-e-type=\"widget\" data-widget_type=\"image.default\">\n\t\t\t\t\t\t\t\t\t\t\t\t\t\t\t<img decoding=\"async\" width=\"800\" height=\"533\" src=\"https:\/\/elnawawycompany.com\/wp-content\/uploads\/2025\/02\/2-1-3-1024x682.webp\" class=\"attachment-large size-large wp-image-3110\" alt=\"Fibras de Lino Arrous de Estopa Reagramada\" srcset=\"https:\/\/elnawawycompany.com\/wp-content\/uploads\/2025\/02\/2-1-3-1024x682.webp 1024w, https:\/\/elnawawycompany.com\/wp-content\/uploads\/2025\/02\/2-1-3-300x200.webp 300w, https:\/\/elnawawycompany.com\/wp-content\/uploads\/2025\/02\/2-1-3-768x512.webp 768w, https:\/\/elnawawycompany.com\/wp-content\/uploads\/2025\/02\/2-1-3.webp 1280w\" sizes=\"(max-width: 800px) 100vw, 800px\" title=\"\">\t\t\t\t\t\t\t\t\t\t\t\t\t\t\t<\/div>\n\t\t\t\t<div class=\"elementor-element elementor-element-2d8fa100 elementor-widget elementor-widget-heading\" data-id=\"2d8fa100\" data-element_type=\"widget\" data-e-type=\"widget\" data-widget_type=\"heading.default\">\n\t\t\t\t\t<h4 class=\"elementor-heading-title elementor-size-default\">Arrous<span class=\"orange-text\"> (Estopa reestirada)<\/h4>\t\t\t\t<\/div>\n\t\t\t\t<div class=\"elementor-element elementor-element-269919d2 elementor-widget elementor-widget-text-editor\" data-id=\"269919d2\" data-element_type=\"widget\" data-e-type=\"widget\" data-widget_type=\"text-editor.default\">\n\t\t\t\t\t\t\t\t\t<p>Ofrecemos la venta de fibras Arrous de estopa recortadas (R.T.). Las fibras de estopa recortadas son el resultado de \u00abreagrupar\u00bb las fibras. <\/p><p>El proceso de agramado limpia la fibra de impurezas y paja. Sin embargo, tambi\u00e9n \u00abdesperdicia\u00bb algunas fibras. El resultado de desecho del agramado puede pasar por un proceso de \u00abreagramado\u00bb para separar a\u00fan m\u00e1s las pajitas e impurezas de las fibras desperdiciadas. La fibra \u00abreagramada\u00bb resultante se llama Arrous. Se considera el grado m\u00e1s bajo de fibras de lino.    <\/p>\t\t\t\t\t\t\t\t<\/div>\n\t\t\t\t<\/div>\n\t\t\t\t<\/div>\n\t\t\t\t<\/div>\n\t\t\t\t\t<\/div>\n\t\t\t\t<\/div>\n\t\t<div class=\"elementor-element elementor-element-3ca706fe e-flex e-con-boxed e-con e-parent\" data-id=\"3ca706fe\" data-element_type=\"container\" data-e-type=\"container\">\n\t\t\t\t\t<div class=\"e-con-inner\">\n\t\t\t\t<div class=\"elementor-element elementor-element-53a29f7f elementor-widget elementor-widget-heading\" data-id=\"53a29f7f\" data-element_type=\"widget\" data-e-type=\"widget\" data-widget_type=\"heading.default\">\n\t\t\t\t\t<h2 class=\"elementor-heading-title elementor-size-default\">Para m\u00e1s informaci\u00f3n sobre <span class=\"orange-text\">fibras de lino egipcio y materias primas <\/span>.... Contacte con <span class=\"orange-text\">nosotros<\/span> <\/h2>\t\t\t\t<\/div>\n\t\t<div class=\"elementor-element elementor-element-3ea88893 e-con-full e-flex e-con e-child\" data-id=\"3ea88893\" data-element_type=\"container\" data-e-type=\"container\">\n\t\t\t\t<div class=\"elementor-element elementor-element-61d5ab67 elementor-widget__width-auto elementor-mobile-align-center elementor-widget-mobile__width-initial elementor-widget elementor-widget-button\" data-id=\"61d5ab67\" data-element_type=\"widget\" data-e-type=\"widget\" data-widget_type=\"button.default\">\n\t\t\t\t\t\t\t\t\t\t<a class=\"elementor-button elementor-button-link elementor-size-sm\" href=\"https:\/\/wa.me\/+201016663424\" rel=\"noopener\">\n\t\t\t\t\t\t<span class=\"elementor-button-content-wrapper\">\n\t\t\t\t\t\t<span class=\"elementor-button-icon\">\n\t\t\t\t<svg aria-hidden=\"true\" class=\"e-font-icon-svg e-fab-whatsapp\" viewBox=\"0 0 448 512\" xmlns=\"http:\/\/www.w3.org\/2000\/svg\"><path d=\"M380.9 97.1C339 55.1 283.2 32 223.9 32c-122.4 0-222 99.6-222 222 0 39.1 10.2 77.3 29.6 111L0 480l117.7-30.9c32.4 17.7 68.9 27 106.1 27h.1c122.3 0 224.1-99.6 224.1-222 0-59.3-25.2-115-67.1-157zm-157 341.6c-33.2 0-65.7-8.9-94-25.7l-6.7-4-69.8 18.3L72 359.2l-4.4-7c-18.5-29.4-28.2-63.3-28.2-98.2 0-101.7 82.8-184.5 184.6-184.5 49.3 0 95.6 19.2 130.4 54.1 34.8 34.9 56.2 81.2 56.1 130.5 0 101.8-84.9 184.6-186.6 184.6zm101.2-138.2c-5.5-2.8-32.8-16.2-37.9-18-5.1-1.9-8.8-2.8-12.5 2.8-3.7 5.6-14.3 18-17.6 21.8-3.2 3.7-6.5 4.2-12 1.4-32.6-16.3-54-29.1-75.5-66-5.7-9.8 5.7-9.1 16.3-30.3 1.8-3.7.9-6.9-.5-9.7-1.4-2.8-12.5-30.1-17.1-41.2-4.5-10.8-9.1-9.3-12.5-9.5-3.2-.2-6.9-.2-10.6-.2-3.7 0-9.7 1.4-14.8 6.9-5.1 5.6-19.4 19-19.4 46.3 0 27.3 19.9 53.7 22.6 57.4 2.8 3.7 39.1 59.7 94.8 83.8 35.2 15.2 49 16.5 66.6 13.9 10.7-1.6 32.8-13.4 37.4-26.4 4.6-13 4.6-24.1 3.2-26.4-1.3-2.5-5-3.9-10.5-6.6z\"><\/path><\/svg>\t\t\t<\/span>\n\t\t\t\t\t\t\t\t\t<span class=\"elementor-button-text\">WhatsApp<\/span>\n\t\t\t\t\t<\/span>\n\t\t\t\t\t<\/a>\n\t\t\t\t\t\t\t\t<\/div>\n\t\t\t\t<div class=\"elementor-element elementor-element-2354de2f elementor-widget__width-auto elementor-mobile-align-center elementor-widget-mobile__width-initial elementor-widget elementor-widget-button\" data-id=\"2354de2f\" data-element_type=\"widget\" data-e-type=\"widget\" data-widget_type=\"button.default\">\n\t\t\t\t\t\t\t\t\t\t<a class=\"elementor-button elementor-button-link elementor-size-sm\" href=\"mailto:info@elnawawycompany.com\">\n\t\t\t\t\t\t<span class=\"elementor-button-content-wrapper\">\n\t\t\t\t\t\t<span class=\"elementor-button-icon\">\n\t\t\t\t<svg aria-hidden=\"true\" class=\"e-font-icon-svg e-fas-envelope\" viewBox=\"0 0 512 512\" xmlns=\"http:\/\/www.w3.org\/2000\/svg\"><path d=\"M502.3 190.8c3.9-3.1 9.7-.2 9.7 4.7V400c0 26.5-21.5 48-48 48H48c-26.5 0-48-21.5-48-48V195.6c0-5 5.7-7.8 9.7-4.7 22.4 17.4 52.1 39.5 154.1 113.6 21.1 15.4 56.7 47.8 92.2 47.6 35.7.3 72-32.8 92.3-47.6 102-74.1 131.6-96.3 154-113.7zM256 320c23.2.4 56.6-29.2 73.4-41.4 132.7-96.3 142.8-104.7 173.4-128.7 5.8-4.5 9.2-11.5 9.2-18.9v-19c0-26.5-21.5-48-48-48H48C21.5 64 0 85.5 0 112v19c0 7.4 3.4 14.3 9.2 18.9 30.6 23.9 40.7 32.4 173.4 128.7 16.8 12.2 50.2 41.8 73.4 41.4z\"><\/path><\/svg>\t\t\t<\/span>\n\t\t\t\t\t\t\t\t\t<span class=\"elementor-button-text\">Env\u00edenos un correo electr\u00f3nico<\/span>\n\t\t\t\t\t<\/span>\n\t\t\t\t\t<\/a>\n\t\t\t\t\t\t\t\t<\/div>\n\t\t\t\t<\/div>\n\t\t\t\t\t<\/div>\n\t\t\t\t<\/div>\n\t\t<div class=\"elementor-element elementor-element-67e30813 e-flex e-con-boxed e-con e-parent\" data-id=\"67e30813\" data-element_type=\"container\" data-e-type=\"container\" data-settings=\"{&quot;background_background&quot;:&quot;classic&quot;}\">\n\t\t\t\t\t<div class=\"e-con-inner\">\n\t\t\t\t<div class=\"elementor-element elementor-element-3b4e22a4 animated-slow elementor-widget-mobile__width-auto elementor-invisible elementor-widget elementor-widget-heading\" data-id=\"3b4e22a4\" data-element_type=\"widget\" data-e-type=\"widget\" data-settings=\"{&quot;_animation&quot;:&quot;slideInUp&quot;}\" data-widget_type=\"heading.default\">\n\t\t\t\t\t<h2 class=\"elementor-heading-title elementor-size-default\">\u00bfPor qu\u00e9 Elegir Fibras de Lino Egipcio?<\/h2>\t\t\t\t<\/div>\n\t\t<div class=\"elementor-element elementor-element-711405c3 e-con-full e-flex e-con e-child\" data-id=\"711405c3\" data-element_type=\"container\" data-e-type=\"container\">\n\t\t<div class=\"elementor-element elementor-element-6f48ffe7 animated-slow e-con-full e-flex elementor-invisible e-con e-child\" data-id=\"6f48ffe7\" data-element_type=\"container\" data-e-type=\"container\" data-settings=\"{&quot;background_background&quot;:&quot;classic&quot;,&quot;animation&quot;:&quot;fadeInUp&quot;,&quot;animation_delay&quot;:600}\">\n\t\t\t\t<\/div>\n\t\t<div class=\"elementor-element elementor-element-4a936490 e-con-full e-flex e-con e-child\" data-id=\"4a936490\" data-element_type=\"container\" data-e-type=\"container\">\n\t\t\t\t<div class=\"elementor-element elementor-element-63e4893 elementor-blockquote--skin-quotation elementor-blockquote--align-center elementor-widget elementor-widget-blockquote\" data-id=\"63e4893\" data-element_type=\"widget\" data-e-type=\"widget\" data-widget_type=\"blockquote.default\">\n\t\t\t\t\t\t\t<blockquote class=\"elementor-blockquote\">\n\t\t\t<p class=\"elementor-blockquote__content\">\n\t\t\t\tLino Egipcio<br>Donde Yacen los Verdaderos<br>Or\u00edgenes del Lino \u2013 En Egipto, No en Europa\t\t\t<\/p>\n\t\t\t\t\t<\/blockquote>\n\t\t\t\t\t\t<\/div>\n\t\t\t\t<div class=\"elementor-element elementor-element-2e184121 elementor-widget elementor-widget-text-editor\" data-id=\"2e184121\" data-element_type=\"widget\" data-e-type=\"widget\" data-widget_type=\"text-editor.default\">\n\t\t\t\t\t\t\t\t\t<p class=\"\" data-start=\"198\" data-end=\"604\">Las fibras de lino egipcio son reconocidas mundialmente por su calidad, resistencia y pureza superiores, en gran parte debido a las condiciones de cultivo ideales de Egipto: suelo f\u00e9rtil, luz solar \u00f3ptima y m\u00e9todos de cosecha tradicionales cuidadosamente mantenidos. <\/p><p class=\"\" data-start=\"198\" data-end=\"604\">Estos factores producen fibras conocidas por su excepcional resistencia, durabilidad y belleza natural, lo que hace que el lino egipcio sea muy solicitado para aplicaciones textiles de lujo en todo el mundo.<\/p>\t\t\t\t\t\t\t\t<\/div>\n\t\t\t\t<\/div>\n\t\t\t\t<\/div>\n\t\t\t\t\t<\/div>\n\t\t\t\t<\/div>\n\t\t\t\t<\/div>\n\t\t","protected":false},"excerpt":{"rendered":"<p>Fibras y materia prima de lino egipcio Home La fibra de lino es una de las fibras naturales m\u00e1s antiguas utilizadas para los tejidos, que se remonta a las antiguas civilizaciones de Egipto y China. Hoy en d\u00eda, las fibras de lino est\u00e1n ganando popularidad nuevamente como una alternativa sostenible y ecol\u00f3gica a las fibras [&hellip;]<\/p>\n","protected":false},"author":1,"featured_media":2894,"parent":3492,"menu_order":0,"comment_status":"closed","ping_status":"closed","template":"elementor_header_footer","meta":{"footnotes":""},"class_list":["post-3523","page","type-page","status-publish","has-post-thumbnail","hentry"],"_links":{"self":[{"href":"https:\/\/elnawawycompany.com\/es\/wp-json\/wp\/v2\/pages\/3523","targetHints":{"allow":["GET"]}}],"collection":[{"href":"https:\/\/elnawawycompany.com\/es\/wp-json\/wp\/v2\/pages"}],"about":[{"href":"https:\/\/elnawawycompany.com\/es\/wp-json\/wp\/v2\/types\/page"}],"author":[{"embeddable":true,"href":"https:\/\/elnawawycompany.com\/es\/wp-json\/wp\/v2\/users\/1"}],"replies":[{"embeddable":true,"href":"https:\/\/elnawawycompany.com\/es\/wp-json\/wp\/v2\/comments?post=3523"}],"version-history":[{"count":3,"href":"https:\/\/elnawawycompany.com\/es\/wp-json\/wp\/v2\/pages\/3523\/revisions"}],"predecessor-version":[{"id":12599,"href":"https:\/\/elnawawycompany.com\/es\/wp-json\/wp\/v2\/pages\/3523\/revisions\/12599"}],"up":[{"embeddable":true,"href":"https:\/\/elnawawycompany.com\/es\/wp-json\/wp\/v2\/pages\/3492"}],"wp:featuredmedia":[{"embeddable":true,"href":"https:\/\/elnawawycompany.com\/es\/wp-json\/wp\/v2\/media\/2894"}],"wp:attachment":[{"href":"https:\/\/elnawawycompany.com\/es\/wp-json\/wp\/v2\/media?parent=3523"}],"curies":[{"name":"wp","href":"https:\/\/api.w.org\/{rel}","templated":true}]}}