{"id":3502,"date":"2025-02-26T20:09:03","date_gmt":"2025-02-26T18:09:03","guid":{"rendered":"https:\/\/elnawawycompany.com\/nuestra-politica-de-cookies-el-nawawy-company\/"},"modified":"2025-11-10T16:08:20","modified_gmt":"2025-11-10T16:08:20","slug":"politica-de-cookies","status":"publish","type":"page","link":"https:\/\/elnawawycompany.com\/es\/politica-de-cookies\/","title":{"rendered":"Nuestra pol\u00edtica de cookies-El Nawawy Company"},"content":{"rendered":"\t\t<div data-elementor-type=\"wp-page\" data-elementor-id=\"3502\" class=\"elementor elementor-3502 elementor-740\" data-elementor-post-type=\"page\">\n\t\t\t\t<div class=\"elementor-element elementor-element-2fa04c7 e-flex e-con-boxed e-con e-parent\" data-id=\"2fa04c7\" data-element_type=\"container\" data-e-type=\"container\" data-settings=\"{&quot;background_background&quot;:&quot;classic&quot;}\">\n\t\t\t\t\t<div class=\"e-con-inner\">\n\t\t\t\t<div class=\"elementor-element elementor-element-6a5ff3b elementor-align-center elementor-widget elementor-widget-breadcrumbs\" data-id=\"6a5ff3b\" data-element_type=\"widget\" data-e-type=\"widget\" data-widget_type=\"breadcrumbs.default\">\n\t\t\t\t<div class=\"elementor-widget-container\">\n\t\t\t\t\t<nav aria-label=\"breadcrumbs\" class=\"rank-math-breadcrumb\"><p><span class=\"last\">Inicio<\/span><\/p><\/nav>\t\t\t\t<\/div>\n\t\t\t\t<\/div>\n\t\t\t\t\t<\/div>\n\t\t\t\t<\/div>\n\t\t\t\t<section class=\"elementor-section elementor-top-section elementor-element elementor-element-1a3ff670 elementor-section-boxed elementor-section-height-default elementor-section-height-default\" data-id=\"1a3ff670\" data-element_type=\"section\" data-e-type=\"section\">\n\t\t\t\t\t\t<div class=\"elementor-container elementor-column-gap-default\">\n\t\t\t\t\t<div class=\"elementor-column elementor-col-100 elementor-top-column elementor-element elementor-element-802808\" data-id=\"802808\" data-element_type=\"column\" data-e-type=\"column\">\n\t\t\t<div class=\"elementor-widget-wrap elementor-element-populated\">\n\t\t\t\t\t\t<div class=\"elementor-element elementor-element-52489064 elementor-widget elementor-widget-text-editor\" data-id=\"52489064\" data-element_type=\"widget\" data-e-type=\"widget\" data-widget_type=\"text-editor.default\">\n\t\t\t\t\t\t\t\t\t<div class=\"cli_pg_page_contaner\"><h2>Pol\u00edtica de cookies<\/h2><p><img decoding=\"async\" class=\"alignnone wp-image-7177 size-medium\" src=\"https:\/\/elnawawycompany.com\/wp-content\/uploads\/2025\/05\/cookie-policy-data-privacy-compliance-copy-300x300.webp\" alt=\"Ilustraci\u00f3n que muestra c\u00f3mo se utiliza la pol\u00edtica de cookies en el sitio web, haciendo hincapi\u00e9 en la privacidad de los datos y el cumplimiento del RGPD.\" width=\"300\" height=\"300\" title=\"\" srcset=\"https:\/\/elnawawycompany.com\/wp-content\/uploads\/2025\/05\/cookie-policy-data-privacy-compliance-copy-300x300.webp 300w, https:\/\/elnawawycompany.com\/wp-content\/uploads\/2025\/05\/cookie-policy-data-privacy-compliance-copy-150x150.webp 150w, https:\/\/elnawawycompany.com\/wp-content\/uploads\/2025\/05\/cookie-policy-data-privacy-compliance-copy-768x768.webp 768w, https:\/\/elnawawycompany.com\/wp-content\/uploads\/2025\/05\/cookie-policy-data-privacy-compliance-copy-600x600.webp 600w, https:\/\/elnawawycompany.com\/wp-content\/uploads\/2025\/05\/cookie-policy-data-privacy-compliance-copy-100x100.webp 100w, https:\/\/elnawawycompany.com\/wp-content\/uploads\/2025\/05\/cookie-policy-data-privacy-compliance-copy-50x50.webp 50w, https:\/\/elnawawycompany.com\/wp-content\/uploads\/2025\/05\/cookie-policy-data-privacy-compliance-copy.webp 1024w\" sizes=\"(max-width: 300px) 100vw, 300px\" \/><\/p><div><p>Esta Pol\u00edtica de Cookies describe c\u00f3mo usamos las cookies en <strong>elnawawycompany.com<\/strong> . Explica la finalidad de su uso, los tipos de datos de cookies que almacenamos y c\u00f3mo los usuarios pueden gestionar su consentimiento y configuraci\u00f3n de cookies. Nuestro objetivo es mantener la transparencia total y cumplir con las leyes internacionales de protecci\u00f3n de datos, incluyendo el RGPD y las normas de privacidad en EE. UU., Canad\u00e1, Australia y Europa. Para obtener informaci\u00f3n detallada sobre el manejo de otros datos personales, visite nuestra   <br><a href=\"https:\/\/elnawawycompany.com\/es\/\" target=\"_blank\" rel=\"noopener\">Pol\u00edtica de privacidad<\/a> .<\/p><p>Puede ajustar sus preferencias de consentimiento de cookies o retirar su consentimiento en cualquier momento a trav\u00e9s de nuestro banner de privacidad o la configuraci\u00f3n de su navegador.<\/p><\/div><h3>Por qu\u00e9 es importante esta pol\u00edtica de cookies<\/h3><div><p>Las cookies son peque\u00f1os archivos de texto que se almacenan en su dispositivo al visitar un sitio web. Estas tecnolog\u00edas de seguimiento ayudan a garantizar conexiones seguras, mantener su sesi\u00f3n, personalizar su experiencia de navegaci\u00f3n y proporcionar informaci\u00f3n sobre el rendimiento del sitio web. Algunas cookies son esenciales para el funcionamiento del sitio web, mientras que otras facilitan el an\u00e1lisis, la personalizaci\u00f3n del contenido o la publicidad dirigida. Esta Pol\u00edtica de Cookies le ayuda a tomar decisiones informadas sobre la gesti\u00f3n de cookies en nuestro sitio web, garantizando as\u00ed la transparencia y la confianza.   <\/p><\/div><h3>C\u00f3mo utilizamos las cookies: explicaci\u00f3n de las categor\u00edas<\/h3><div><p><strong>Cookies esenciales:<\/strong> Necesarias para funciones b\u00e1sicas como el inicio de sesi\u00f3n seguro, la navegaci\u00f3n en el sitio y la gesti\u00f3n de carritos de compra. No requieren consentimiento, ya que son estrictamente necesarias. <\/p><p><strong>Cookies de an\u00e1lisis:<\/strong> Estas cookies ayudan a evaluar la interacci\u00f3n de los visitantes con nuestro sitio web, como la duraci\u00f3n de la visita y la tasa de rebote. Los datos recopilados son an\u00f3nimos y se utilizan para mejorar el dise\u00f1o y el contenido de nuestro sitio web. <\/p><p><strong>Cookies de marketing:<\/strong> Se utilizan para mostrar anuncios personalizados. Normalmente, las configuran los socios publicitarios para rastrear la actividad del usuario en los sitios web y mostrar anuncios relevantes. <\/p><p><strong>Cookies funcionales:<\/strong> Recuerdan las preferencias del usuario, como el idioma, la regi\u00f3n o la configuraci\u00f3n de accesibilidad. Estas cookies mejoran la usabilidad, pero son opcionales. <\/p><p><strong>Cookies de rendimiento:<\/strong> ayudan a detectar errores, mejoran los tiempos de carga de las p\u00e1ginas y respaldan herramientas de prueba como las pruebas A\/B para optimizar la funcionalidad del sitio.<\/p><p><strong>Cookies de preferencia:<\/strong> almacenan la configuraci\u00f3n de visualizaci\u00f3n o los temas elegidos, lo que garantiza una experiencia consistente en futuras visitas.<\/p><\/div><h3>C\u00f3mo y cu\u00e1ndo se almacenan las cookies<\/h3><div><p>Se pueden instalar cookies durante cualquier interacci\u00f3n con el sitio web, como al ver p\u00e1ginas, enviar formularios, ver v\u00eddeos o interactuar con banners. Se utilizan tanto cookies propias (instaladas por nuestro sitio) como cookies de terceros (instaladas por servicios como Google Analytics y Meta Business Suite). No almacenamos informaci\u00f3n personal identificable sin el consentimiento expl\u00edcito del usuario, ni vendemos ni compartimos datos de cookies para fines de marketing de terceros no relacionados. Las cookies ayudan a garantizar que nuestro sitio web funcione correctamente y cumpla con las expectativas del usuario.  <\/p><\/div><h3>Administraci\u00f3n de su consentimiento y preferencias de cookies<\/h3><div><p>Nuestro sitio web ofrece una herramienta integrada de \u00abConfiguraci\u00f3n de Privacidad y Cookies\u00bb, accesible a trav\u00e9s del pie de p\u00e1gina o del banner de consentimiento, que permite a los usuarios controlar su consentimiento y configuraci\u00f3n de cookies. Adem\u00e1s, la configuraci\u00f3n del navegador permite administrar las cookies. Para obtener informaci\u00f3n detallada, consulte la secci\u00f3n de ayuda de su navegador. Tenga en cuenta que deshabilitar ciertas cookies puede afectar la funcionalidad del sitio. La configuraci\u00f3n del navegador proporciona un control detallado sobre las cookies y las tecnolog\u00edas de seguimiento.   <\/p><\/div><h3>Sus derechos y la transparencia de los datos<\/h3><div><p>Respetamos plenamente sus derechos de privacidad, incluyendo el acceso a sus datos y el derecho a restringir o eliminar la informaci\u00f3n relacionada con las cookies. Nuestro enfoque se ajusta al cumplimiento del RGPD en materia de cookies y a otros est\u00e1ndares globales de privacidad. Puede solicitar el acceso, la restricci\u00f3n o la eliminaci\u00f3n de sus datos personales recopilados a trav\u00e9s de las cookies. Esta Pol\u00edtica de Cookies se actualiza peri\u00f3dicamente para reflejar los cambios normativos y las mejores pr\u00e1cticas. Cualquier actualizaci\u00f3n significativa se comunicar\u00e1 claramente en esta p\u00e1gina.   <\/p><\/div><h3>Cumplimiento internacional y alineaci\u00f3n con el RGPD<\/h3><div>Nuestras pr\u00e1cticas cumplen plenamente con el RGPD, la Ley de Privacidad del Consumidor de California (CCPA), la Ley de Protecci\u00f3n de Datos Personales y la Ley de Privacidad de Australia. Se obtiene el consentimiento expl\u00edcito para todas las cookies no esenciales. Puede consultar m\u00e1s detalles sobre el cumplimiento en <br><a href=\"https:\/\/gdpr.eu\/cookies\/\" target=\"_blank\" rel=\"noopener\">Gu\u00eda oficial sobre cookies del RGPD<\/a> . Nos adaptamos continuamente a los cambios legislativos globales para mantener el cumplimiento. <\/div><h3>Informaci\u00f3n adicional sobre el uso de cookies<\/h3><div><p>Creemos que la informaci\u00f3n del usuario sobre las cookies, su consentimiento y la privacidad de sus datos es fundamental. Esta Pol\u00edtica de Cookies forma parte de nuestro esfuerzo continuo por informar a los usuarios de forma clara y transparente sobre sus derechos y nuestras pr\u00e1cticas. Al proporcionar informaci\u00f3n clara y sencilla, buscamos fomentar la confianza y un entorno digital seguro. Le recomendamos que revise esta pol\u00edtica peri\u00f3dicamente para mantenerse informado sobre la gesti\u00f3n de cookies y c\u00f3mo sus datos mejoran su experiencia de navegaci\u00f3n.  <\/p><\/div><h3>Cont\u00e1ctenos para preguntas o asistencia<\/h3><div>Si tiene preguntas sobre nuestra Pol\u00edtica de cookies, el consentimiento de las cookies o los derechos de privacidad, cont\u00e1ctenos utilizando la informaci\u00f3n disponible en nuestra<br><a href=\"https:\/\/elnawawycompany.com\/es\/\" target=\"_blank\" rel=\"noopener\">Pol\u00edtica de privacidad<\/a> .<\/div><\/div>\t\t\t\t\t\t\t\t<\/div>\n\t\t\t\t\t<\/div>\n\t\t<\/div>\n\t\t\t\t\t<\/div>\n\t\t<\/section>\n\t\t\t\t<\/div>\n\t\t","protected":false},"excerpt":{"rendered":"<p>Home Pol\u00edtica de cookies Esta Pol\u00edtica de Cookies describe c\u00f3mo usamos las cookies en elnawawycompany.com . Explica la finalidad de su uso, los tipos de datos de cookies que almacenamos y c\u00f3mo los usuarios pueden gestionar su consentimiento y configuraci\u00f3n de cookies. Nuestro objetivo es mantener la transparencia total y cumplir con las leyes internacionales [&hellip;]<\/p>\n","protected":false},"author":1,"featured_media":7181,"parent":0,"menu_order":0,"comment_status":"closed","ping_status":"closed","template":"","meta":{"footnotes":""},"class_list":["post-3502","page","type-page","status-publish","has-post-thumbnail","hentry"],"_links":{"self":[{"href":"https:\/\/elnawawycompany.com\/es\/wp-json\/wp\/v2\/pages\/3502","targetHints":{"allow":["GET"]}}],"collection":[{"href":"https:\/\/elnawawycompany.com\/es\/wp-json\/wp\/v2\/pages"}],"about":[{"href":"https:\/\/elnawawycompany.com\/es\/wp-json\/wp\/v2\/types\/page"}],"author":[{"embeddable":true,"href":"https:\/\/elnawawycompany.com\/es\/wp-json\/wp\/v2\/users\/1"}],"replies":[{"embeddable":true,"href":"https:\/\/elnawawycompany.com\/es\/wp-json\/wp\/v2\/comments?post=3502"}],"version-history":[{"count":3,"href":"https:\/\/elnawawycompany.com\/es\/wp-json\/wp\/v2\/pages\/3502\/revisions"}],"predecessor-version":[{"id":11032,"href":"https:\/\/elnawawycompany.com\/es\/wp-json\/wp\/v2\/pages\/3502\/revisions\/11032"}],"wp:featuredmedia":[{"embeddable":true,"href":"https:\/\/elnawawycompany.com\/es\/wp-json\/wp\/v2\/media\/7181"}],"wp:attachment":[{"href":"https:\/\/elnawawycompany.com\/es\/wp-json\/wp\/v2\/media?parent=3502"}],"curies":[{"name":"wp","href":"https:\/\/api.w.org\/{rel}","templated":true}]}}