{"id":6553,"date":"2025-09-01T13:12:16","date_gmt":"2025-09-01T11:12:16","guid":{"rendered":"https:\/\/elnawawycompany.com\/zertifizierungen\/"},"modified":"2025-09-19T04:55:00","modified_gmt":"2025-09-19T04:55:00","slug":"zertifizierungen","status":"publish","type":"page","link":"https:\/\/elnawawycompany.com\/de\/zertifizierungen\/","title":{"rendered":"Zertifizierungen"},"content":{"rendered":"\t\t<div data-elementor-type=\"wp-page\" data-elementor-id=\"6553\" class=\"elementor elementor-6553 elementor-6387\" data-elementor-post-type=\"page\">\n\t\t\t\t<div class=\"elementor-element elementor-element-b2e07a7 e-flex e-con-boxed e-con e-parent\" data-id=\"b2e07a7\" data-element_type=\"container\" data-e-type=\"container\" data-settings=\"{&quot;background_background&quot;:&quot;classic&quot;}\">\n\t\t\t\t\t<div class=\"e-con-inner\">\n\t\t\t\t<div class=\"elementor-element elementor-element-34adfec elementor-widget elementor-widget-heading\" data-id=\"34adfec\" data-element_type=\"widget\" data-e-type=\"widget\" data-widget_type=\"heading.default\">\n\t\t\t\t\t<h1 class=\"elementor-heading-title elementor-size-default\">EL NAWAWY UNTERNEHMEN<br>ISO 22000, ISO 9001 &amp; ISO 14001 Zertifizierungen<\/h1>\t\t\t\t<\/div>\n\t\t\t\t<div class=\"elementor-element elementor-element-fc65c95 elementor-align-center elementor-widget elementor-widget-breadcrumbs\" data-id=\"fc65c95\" data-element_type=\"widget\" data-e-type=\"widget\" data-widget_type=\"breadcrumbs.default\">\n\t\t\t\t<div class=\"elementor-widget-container\">\n\t\t\t\t\t<nav aria-label=\"breadcrumbs\" class=\"rank-math-breadcrumb\"><p><span class=\"last\">Startseite<\/span><\/p><\/nav>\t\t\t\t<\/div>\n\t\t\t\t<\/div>\n\t\t\t\t\t<\/div>\n\t\t\t\t<\/div>\n\t\t<div class=\"elementor-element elementor-element-fe8c646 e-flex e-con-boxed e-con e-parent\" data-id=\"fe8c646\" data-element_type=\"container\" data-e-type=\"container\">\n\t\t\t\t\t<div class=\"e-con-inner\">\n\t\t\t\t<div class=\"elementor-element elementor-element-0a0b272 elementor-widget elementor-widget-text-editor\" data-id=\"0a0b272\" data-element_type=\"widget\" data-e-type=\"widget\" data-widget_type=\"text-editor.default\">\n\t\t\t\t\t\t\t\t\t<p class=\"\" data-start=\"0\" data-end=\"314\">Im Einklang mit unserer unternehmerischen Sozialverantwortung legen wir Wert auf Offenheit und stellen sicher, dass wichtige Informationen f\u00fcr alle unsere Besucher leicht zug\u00e4nglich sind. Zu diesem Zweck bieten wir uneingeschr\u00e4nkten Zugriff auf alle unsere offiziellen Zertifikate und Dokumente, einschlie\u00dflich der ELNAWAWY-Akkreditierungen. <\/p><p class=\"\" data-start=\"316\" data-end=\"610\">Diese Initiative unterstreicht unsere Entschlossenheit, ein solides Vertrauen zu unseren Partnern und Kunden aufzubauen, indem wir vollst\u00e4ndige Transparenz \u00fcber unsere Praktiken und Verpflichtungen bieten. Wir sind fest davon \u00fcberzeugt, dass eine klare und aufrichtige Kommunikation grundlegend f\u00fcr den Aufbau langfristiger, verantwortungsvoller Beziehungen ist. <\/p>\t\t\t\t\t\t\t\t<\/div>\n\t\t\t\t\t<\/div>\n\t\t\t\t<\/div>\n\t\t<div class=\"elementor-element elementor-element-dd59a36 e-flex e-con-boxed e-con e-parent\" data-id=\"dd59a36\" data-element_type=\"container\" data-e-type=\"container\">\n\t\t\t\t\t<div class=\"e-con-inner\">\n\t\t<div class=\"elementor-element elementor-element-9092108 e-con-full e-flex e-con e-child\" data-id=\"9092108\" data-element_type=\"container\" data-e-type=\"container\" id=\"iso-22000\" data-settings=\"{&quot;background_background&quot;:&quot;classic&quot;}\">\n\t\t\t\t<div class=\"elementor-element elementor-element-99f57a5 elementor-widget-mobile__width-initial elementor-widget elementor-widget-image\" data-id=\"99f57a5\" data-element_type=\"widget\" data-e-type=\"widget\" data-widget_type=\"image.default\">\n\t\t\t\t\t\t\t\t\t\t\t\t\t\t\t<img decoding=\"async\" width=\"256\" height=\"256\" src=\"https:\/\/elnawawycompany.com\/wp-content\/uploads\/2025\/04\/iso-22000.webp\" class=\"attachment-full size-full wp-image-6456\" alt=\"ISO 22000 Zertifikat (Lebensmittelsicherheitsmanagement) \u2013 eine der ISO-Zertifizierungen des Unternehmens el nawawy\" srcset=\"https:\/\/elnawawycompany.com\/wp-content\/uploads\/2025\/04\/iso-22000.webp 256w, https:\/\/elnawawycompany.com\/wp-content\/uploads\/2025\/04\/iso-22000-150x150.webp 150w, https:\/\/elnawawycompany.com\/wp-content\/uploads\/2025\/04\/iso-22000-100x100.webp 100w, https:\/\/elnawawycompany.com\/wp-content\/uploads\/2025\/04\/iso-22000-50x50.webp 50w\" sizes=\"(max-width: 256px) 100vw, 256px\" title=\"\">\t\t\t\t\t\t\t\t\t\t\t\t\t\t\t<\/div>\n\t\t\t\t<div class=\"elementor-element elementor-element-710498e elementor-widget elementor-widget-heading\" data-id=\"710498e\" data-element_type=\"widget\" data-e-type=\"widget\" id=\"iso-22000\" data-widget_type=\"heading.default\">\n\t\t\t\t\t<h2 class=\"elementor-heading-title elementor-size-default\">ISO 22000<\/h2>\t\t\t\t<\/div>\n\t\t\t\t<div class=\"elementor-element elementor-element-566183f elementor-widget elementor-widget-text-editor\" data-id=\"566183f\" data-element_type=\"widget\" data-e-type=\"widget\" data-widget_type=\"text-editor.default\">\n\t\t\t\t\t\t\t\t\t<p>Diese ISO 22000 Zertifizierung garantiert ein integriertes Sicherheitsmanagementsystem, das strenge Hygiene, l\u00fcckenlose R\u00fcckverfolgbarkeit und kontinuierliche Verbesserungen w\u00e4hrend aller Phasen der Flachsherstellung gew\u00e4hrleistet.<\/p>\t\t\t\t\t\t\t\t<\/div>\n\t\t\t\t<div class=\"elementor-element elementor-element-a907054 elementor-widget elementor-widget-text-editor\" data-id=\"a907054\" data-element_type=\"widget\" data-e-type=\"widget\" data-widget_type=\"text-editor.default\">\n\t\t\t\t\t\t\t\t\t<div style=\"background: #fffaf0; border: 2px solid #e9d7a5; border-radius: 14px; padding: 16px 18px; line-height: 1.55;\"><h3 style=\"font-weight: bold; font-size: 18px; margin: 0 0 10px; color: #594a1e;\">Zertifikatsdetails<\/h3><dl style=\"display: grid; grid-template-columns: 170px 1fr; gap: 8px 12px; margin: 0;\"><dt style=\"margin: 0; font-weight: 600;\">Name der Zertifizierung<\/dt><dd style=\"margin: 0;\">ISO 22000-Zertifizierung<\/dd><dt style=\"margin: 0; font-weight: 600;\">Zertifikats-ID<\/dt><dd style=\"margin: 0;\">1210325D<\/dd><dt style=\"margin: 0; font-weight: 600;\">Status<\/dt><dd style=\"margin: 0;\">Aktiv<\/dd><dt style=\"margin: 0; font-weight: 600;\">Zertifizierungsstelle<\/dt><dd style=\"margin: 0;\">OSS-Zertifizierungsdienste f\u00fcr den Nahen Osten<\/dd><dt style=\"margin: 0; font-weight: 600;\">Land<\/dt><dd style=\"margin: 0;\">\u00c4gypten<\/dd><dt style=\"margin: 0; font-weight: 600;\">Ausgestellt am<\/dt><dd style=\"margin: 0;\">2025-03-27<\/dd><dt style=\"margin: 0; font-weight: 600;\">Letzte Ausgabe<\/dt><dd style=\"margin: 0;\">2025-03-27<\/dd><dt style=\"margin: 0; font-weight: 600;\">G\u00fcltig bis<\/dt><dd style=\"margin: 0;\">2026-03-26<\/dd><dt style=\"margin: 0; font-weight: 600;\">Unternehmen<\/dt><dd style=\"margin: 0;\">El Nawawy for Oil and Seeds Mohamed Mohamed Youssef el Nawawy<\/dd><dt style=\"margin: 0; font-weight: 600;\">Adresse<\/dt><dd style=\"margin: 0;\">Saft Torab, 6th KM El Mahalla\u2013Tanta Agriculture Road, Gharbia, \u00c4gypten<\/dd><\/dl><div style=\"margin-top: 10px; padding-top: 10px; border-top: 1px dashed #e0c98d;\"><strong>Geltungsbereich:<\/strong> Entwicklung und Herstellung von Leinen- und Naturgarnen, Kordeln auf Basis von Naturfasern<\/div><div style=\"margin-top: 10px;\"><a style=\"text-decoration: underline; color: #8b6b00;\" href=\"https:\/\/ossmideast.com\/verify-certificates\/\" target=\"_blank\" rel=\"noopener\"><br>Dieses Zertifikat validieren \u2197<br><\/a><\/div><\/div>\t\t\t\t\t\t\t\t<\/div>\n\t\t\t\t<div class=\"elementor-element elementor-element-ad3bc4b elementor-align-center elementor-widget elementor-widget-button\" data-id=\"ad3bc4b\" data-element_type=\"widget\" data-e-type=\"widget\" data-widget_type=\"button.default\">\n\t\t\t\t\t\t\t\t\t\t<a class=\"elementor-button elementor-button-link elementor-size-sm\" href=\"https:\/\/elnawawycompany.com\/wp-content\/uploads\/2025\/04\/ISO-22000.pdf\" target=\"_blank\" download=\"ISO-22000.pdf\" rel=\"noopener\" aria-label=\"Download ISO 22000 certificate PDF\" id=\"btn-cert-iso-22000\">\n\t\t\t\t\t\t<span class=\"elementor-button-content-wrapper\">\n\t\t\t\t\t\t\t\t\t<span class=\"elementor-button-text\">ISO 22000 Zertifikat (PDF)<\/span>\n\t\t\t\t\t<\/span>\n\t\t\t\t\t<\/a>\n\t\t\t\t\t\t\t\t<\/div>\n\t\t\t\t<\/div>\n\t\t<div class=\"elementor-element elementor-element-b826a4f e-con-full e-flex e-con e-child\" data-id=\"b826a4f\" data-element_type=\"container\" data-e-type=\"container\" id=\"iso-14001\" data-settings=\"{&quot;background_background&quot;:&quot;classic&quot;}\">\n\t\t\t\t<div class=\"elementor-element elementor-element-3764fe4 elementor-widget-mobile__width-initial elementor-widget elementor-widget-image\" data-id=\"3764fe4\" data-element_type=\"widget\" data-e-type=\"widget\" data-widget_type=\"image.default\">\n\t\t\t\t\t\t\t\t\t\t\t\t\t\t\t<img decoding=\"async\" width=\"256\" height=\"256\" src=\"https:\/\/elnawawycompany.com\/wp-content\/uploads\/2025\/04\/iso-14001.webp\" class=\"attachment-large size-large wp-image-6461\" alt=\"ISO 14001 Zertifikat (Umweltmanagementsysteme)\" srcset=\"https:\/\/elnawawycompany.com\/wp-content\/uploads\/2025\/04\/iso-14001.webp 256w, https:\/\/elnawawycompany.com\/wp-content\/uploads\/2025\/04\/iso-14001-150x150.webp 150w, https:\/\/elnawawycompany.com\/wp-content\/uploads\/2025\/04\/iso-14001-100x100.webp 100w, https:\/\/elnawawycompany.com\/wp-content\/uploads\/2025\/04\/iso-14001-50x50.webp 50w\" sizes=\"(max-width: 256px) 100vw, 256px\" title=\"\">\t\t\t\t\t\t\t\t\t\t\t\t\t\t\t<\/div>\n\t\t\t\t<div class=\"elementor-element elementor-element-717013f elementor-widget elementor-widget-heading\" data-id=\"717013f\" data-element_type=\"widget\" data-e-type=\"widget\" id=\"iso-14001\" data-widget_type=\"heading.default\">\n\t\t\t\t\t<h2 class=\"elementor-heading-title elementor-size-default\">ISO 14001<\/h2>\t\t\t\t<\/div>\n\t\t\t\t<div class=\"elementor-element elementor-element-0d3e5f7 elementor-widget elementor-widget-text-editor\" data-id=\"0d3e5f7\" data-element_type=\"widget\" data-e-type=\"widget\" data-widget_type=\"text-editor.default\">\n\t\t\t\t\t\t\t\t\t<p>Diese ISO 14001 Zertifizierung best\u00e4tigt unser Umweltmanagementsystem, das nachhaltige Praktiken, reduzierte Auswirkungen und effiziente Ressourcennutzung in <a href=\"https:\/\/elnawawycompany.com\/de\/was-ist-der-spinnprozess\/\">Flachs-Produktionsprozessen<\/a> gew\u00e4hrleistet.<\/p>\t\t\t\t\t\t\t\t<\/div>\n\t\t\t\t<div class=\"elementor-element elementor-element-2018964 elementor-widget elementor-widget-text-editor\" data-id=\"2018964\" data-element_type=\"widget\" data-e-type=\"widget\" data-widget_type=\"text-editor.default\">\n\t\t\t\t\t\t\t\t\t<div style=\"background: #fffaf0; border: 2px solid #e9d7a5; border-radius: 14px; padding: 16px 18px; line-height: 1.55;\"><h3 style=\"font-weight: bold; font-size: 18px; margin: 0 0 10px; color: #594a1e;\">Zertifikatsdetails<\/h3><dl style=\"display: grid; grid-template-columns: 170px 1fr; gap: 8px 12px; margin: 0;\"><dt style=\"margin: 0; font-weight: 600;\">Name der Zertifizierung<\/dt><dd style=\"margin: 0;\">ISO 14001-Zertifizierung<\/dd><dt style=\"margin: 0; font-weight: 600;\">Zertifikats-ID<\/dt><dd style=\"margin: 0;\">1210325B<\/dd><dt style=\"margin: 0; font-weight: 600;\">Status<\/dt><dd style=\"margin: 0;\">Aktiv<\/dd><dt style=\"margin: 0; font-weight: 600;\">Zertifizierungsstelle<\/dt><dd style=\"margin: 0;\">OSS-Zertifizierungsdienste f\u00fcr den Nahen Osten<\/dd><dt style=\"margin: 0; font-weight: 600;\">Land<\/dt><dd style=\"margin: 0;\">\u00c4gypten<\/dd><dt style=\"margin: 0; font-weight: 600;\">Ausgestellt am<\/dt><dd style=\"margin: 0;\">2025-03-27<\/dd><dt style=\"margin: 0; font-weight: 600;\">Letzte Ausgabe<\/dt><dd style=\"margin: 0;\">2025-03-27<\/dd><dt style=\"margin: 0; font-weight: 600;\">G\u00fcltig bis<\/dt><dd style=\"margin: 0;\">2026-03-26<\/dd><dt style=\"margin: 0; font-weight: 600;\">Unternehmen<\/dt><dd style=\"margin: 0;\">El Nawawy for Oil and Seeds Mohamed Mohamed Youssef el Nawawy<\/dd><dt style=\"margin: 0; font-weight: 600;\">Adresse<\/dt><dd style=\"margin: 0;\">Saft Torab, 6th KM El Mahalla\u2013Tanta Agriculture Road, Gharbia, \u00c4gypten<\/dd><\/dl><div style=\"margin-top: 10px; padding-top: 10px; border-top: 1px dashed #e0c98d;\"><strong>Geltungsbereich:<\/strong> Entwicklung und Herstellung von Leinen- und Naturgarnen, Kordeln auf Basis von Naturfasern<\/div><div style=\"margin-top: 10px;\"><a style=\"text-decoration: underline; color: #8b6b00;\" href=\"https:\/\/ossmideast.com\/verify-certificates\/\" target=\"_blank\" rel=\"noopener\"><br>Dieses Zertifikat validieren \u2197<br><\/a><\/div><\/div>\t\t\t\t\t\t\t\t<\/div>\n\t\t\t\t<div class=\"elementor-element elementor-element-d7e3711 elementor-align-center elementor-widget elementor-widget-button\" data-id=\"d7e3711\" data-element_type=\"widget\" data-e-type=\"widget\" data-widget_type=\"button.default\">\n\t\t\t\t\t\t\t\t\t\t<a class=\"elementor-button elementor-button-link elementor-size-sm\" href=\"https:\/\/elnawawycompany.com\/wp-content\/uploads\/2025\/04\/ISO-14001.pdf\" target=\"_blank\" rel=\"noopener\" download=\"ISO-14001.pdf\" aria-label=\"Download ISO 14001 certificate PDF\" id=\"btn-cert-iso-14001\">\n\t\t\t\t\t\t<span class=\"elementor-button-content-wrapper\">\n\t\t\t\t\t\t\t\t\t<span class=\"elementor-button-text\">ISO 14001 Zertifikat (PDF)<\/span>\n\t\t\t\t\t<\/span>\n\t\t\t\t\t<\/a>\n\t\t\t\t\t\t\t\t<\/div>\n\t\t\t\t<\/div>\n\t\t<div class=\"elementor-element elementor-element-96e02a0 e-con-full e-flex e-con e-child\" data-id=\"96e02a0\" data-element_type=\"container\" data-e-type=\"container\" id=\"iso-9001\" data-settings=\"{&quot;background_background&quot;:&quot;classic&quot;}\">\n\t\t\t\t<div class=\"elementor-element elementor-element-2078bde elementor-widget-mobile__width-initial elementor-widget elementor-widget-image\" data-id=\"2078bde\" data-element_type=\"widget\" data-e-type=\"widget\" data-widget_type=\"image.default\">\n\t\t\t\t\t\t\t\t\t\t\t\t\t\t\t<img decoding=\"async\" width=\"256\" height=\"256\" src=\"https:\/\/elnawawycompany.com\/wp-content\/uploads\/2025\/04\/iso-9001.webp\" class=\"attachment-large size-large wp-image-6451\" alt=\"ISO 9001 Zertifikat (Qualit\u00e4tsmanagementsysteme)\" srcset=\"https:\/\/elnawawycompany.com\/wp-content\/uploads\/2025\/04\/iso-9001.webp 256w, https:\/\/elnawawycompany.com\/wp-content\/uploads\/2025\/04\/iso-9001-150x150.webp 150w, https:\/\/elnawawycompany.com\/wp-content\/uploads\/2025\/04\/iso-9001-100x100.webp 100w, https:\/\/elnawawycompany.com\/wp-content\/uploads\/2025\/04\/iso-9001-50x50.webp 50w\" sizes=\"(max-width: 256px) 100vw, 256px\" title=\"\">\t\t\t\t\t\t\t\t\t\t\t\t\t\t\t<\/div>\n\t\t\t\t<div class=\"elementor-element elementor-element-76759d8 elementor-widget elementor-widget-heading\" data-id=\"76759d8\" data-element_type=\"widget\" data-e-type=\"widget\" id=\"iso-9001\" data-widget_type=\"heading.default\">\n\t\t\t\t\t<h2 class=\"elementor-heading-title elementor-size-default\">ISO 9001<\/h2>\t\t\t\t<\/div>\n\t\t\t\t<div class=\"elementor-element elementor-element-ea95be9 elementor-widget elementor-widget-text-editor\" data-id=\"ea95be9\" data-element_type=\"widget\" data-e-type=\"widget\" data-widget_type=\"text-editor.default\">\n\t\t\t\t\t\t\t\t\t<p>Diese ISO 9001 Zertifizierung best\u00e4tigt effektive <a href=\"https:\/\/elnawawycompany.com\/de\/qualitaetsphilosophie\/\">Qualit\u00e4ts<\/a>managementsysteme, die kontinuierliche Verbesserung, Exzellenz und Zuverl\u00e4ssigkeit in allen Phasen der Flachsverarbeitung f\u00f6rdern.<\/p>\t\t\t\t\t\t\t\t<\/div>\n\t\t\t\t<div class=\"elementor-element elementor-element-5ef7e4f elementor-widget elementor-widget-text-editor\" data-id=\"5ef7e4f\" data-element_type=\"widget\" data-e-type=\"widget\" data-widget_type=\"text-editor.default\">\n\t\t\t\t\t\t\t\t\t<div style=\"background: #fffaf0; border: 2px solid #e9d7a5; border-radius: 14px; padding: 16px 18px; line-height: 1.55;\"><h3 style=\"font-weight: bold; font-size: 18px; margin: 0 0 10px; color: #594a1e;\">Zertifikatsdetails<\/h3><dl style=\"display: grid; grid-template-columns: 170px 1fr; gap: 8px 12px; margin: 0;\"><dt style=\"margin: 0; font-weight: 600;\">Name der Zertifizierung<\/dt><dd style=\"margin: 0;\">ISO 9001:2015<\/dd><dt style=\"margin: 0; font-weight: 600;\">Zertifikats-ID<\/dt><dd style=\"margin: 0;\">EG-QMS-2586<\/dd><dt style=\"margin: 0; font-weight: 600;\">Status<\/dt><dd style=\"margin: 0;\">AKTIV<\/dd><dt style=\"margin: 0; font-weight: 600;\">Zertifizierungsstelle<\/dt><dd style=\"margin: 0;\">Brilliant-Zertifizierung (EGAC-akkreditiert)<\/dd><dt style=\"margin: 0; font-weight: 600;\">Land<\/dt><dd style=\"margin: 0;\">\u00c4gypten<\/dd><dt style=\"margin: 0; font-weight: 600;\">Ausgestellt am<\/dt><dd style=\"margin: 0;\">2024-07-22<\/dd><dt style=\"margin: 0; font-weight: 600;\">G\u00fcltig bis<\/dt><dd style=\"margin: 0;\">2027-07-21<\/dd><dt style=\"margin: 0; font-weight: 600;\">Unternehmen<\/dt><dd style=\"margin: 0;\">El Nawawy for Oils and Seeds (Mohamed Mohamed El Nawawy und sein Partner)<\/dd><dt style=\"margin: 0; font-weight: 600;\">Adresse<\/dt><dd style=\"margin: 0;\">Saft Torab, Al Mahala Al Kobra Center, Gharbeya, \u00c4gypten<\/dd><\/dl><div style=\"margin-top: 10px; padding-top: 10px; border-top: 1px dashed #e0c98d;\"><strong>Geltungsbereich:<\/strong> Vorbereitung, Herstellung und Export von Leinengarn und Flachs<\/div><div style=\"margin-top: 10px;\"><a style=\"text-decoration: underline; color: #8b6b00;\" href=\"http:\/\/www.brilliantcert.com\/\" target=\"_blank\" rel=\"noopener\"><br>Dieses Zertifikat validieren \u2197<br><\/a><\/div><\/div>\t\t\t\t\t\t\t\t<\/div>\n\t\t\t\t<div class=\"elementor-element elementor-element-4ae77b0 elementor-align-center elementor-widget elementor-widget-button\" data-id=\"4ae77b0\" data-element_type=\"widget\" data-e-type=\"widget\" data-widget_type=\"button.default\">\n\t\t\t\t\t\t\t\t\t\t<a class=\"elementor-button elementor-button-link elementor-size-sm\" href=\"https:\/\/elnawawycompany.com\/wp-content\/uploads\/2025\/04\/iso9001.pdf\" target=\"_blank\" rel=\"noopener\" download=\"ISO-9001.pdf\" aria-label=\"Download ISO 9001 certificate PDF\" id=\"btn-cert-iso-9001\">\n\t\t\t\t\t\t<span class=\"elementor-button-content-wrapper\">\n\t\t\t\t\t\t\t\t\t<span class=\"elementor-button-text\">ISO 9001 Zertifikat (PDF)<\/span>\n\t\t\t\t\t<\/span>\n\t\t\t\t\t<\/a>\n\t\t\t\t\t\t\t\t<\/div>\n\t\t\t\t<\/div>\n\t\t\t\t\t<\/div>\n\t\t\t\t<\/div>\n\t\t\t\t<\/div>\n\t\t","protected":false},"excerpt":{"rendered":"<p>EL NAWAWY UNTERNEHMENISO 22000, ISO 9001 &amp; ISO 14001 Zertifizierungen Home Im Einklang mit unserer unternehmerischen Sozialverantwortung legen wir Wert auf Offenheit und stellen sicher, dass wichtige Informationen f\u00fcr alle unsere Besucher leicht zug\u00e4nglich sind. Zu diesem Zweck bieten wir uneingeschr\u00e4nkten Zugriff auf alle unsere offiziellen Zertifikate und Dokumente, einschlie\u00dflich der ELNAWAWY-Akkreditierungen. Diese Initiative unterstreicht [&hellip;]<\/p>\n","protected":false},"author":1,"featured_media":6451,"parent":0,"menu_order":0,"comment_status":"closed","ping_status":"closed","template":"elementor_header_footer","meta":{"footnotes":""},"class_list":["post-6553","page","type-page","status-publish","has-post-thumbnail","hentry"],"_links":{"self":[{"href":"https:\/\/elnawawycompany.com\/de\/wp-json\/wp\/v2\/pages\/6553","targetHints":{"allow":["GET"]}}],"collection":[{"href":"https:\/\/elnawawycompany.com\/de\/wp-json\/wp\/v2\/pages"}],"about":[{"href":"https:\/\/elnawawycompany.com\/de\/wp-json\/wp\/v2\/types\/page"}],"author":[{"embeddable":true,"href":"https:\/\/elnawawycompany.com\/de\/wp-json\/wp\/v2\/users\/1"}],"replies":[{"embeddable":true,"href":"https:\/\/elnawawycompany.com\/de\/wp-json\/wp\/v2\/comments?post=6553"}],"version-history":[{"count":5,"href":"https:\/\/elnawawycompany.com\/de\/wp-json\/wp\/v2\/pages\/6553\/revisions"}],"predecessor-version":[{"id":9868,"href":"https:\/\/elnawawycompany.com\/de\/wp-json\/wp\/v2\/pages\/6553\/revisions\/9868"}],"wp:featuredmedia":[{"embeddable":true,"href":"https:\/\/elnawawycompany.com\/de\/wp-json\/wp\/v2\/media\/6451"}],"wp:attachment":[{"href":"https:\/\/elnawawycompany.com\/de\/wp-json\/wp\/v2\/media?parent=6553"}],"curies":[{"name":"wp","href":"https:\/\/api.w.org\/{rel}","templated":true}]}}