{"id":3542,"date":"2025-02-26T20:09:15","date_gmt":"2025-02-26T18:09:15","guid":{"rendered":"https:\/\/elnawawycompany.com\/entdecken-sie-produkte-von-flachs-hanf-polypropylen-garn-und-fasern\/flachsfaser-rohmaterial\/"},"modified":"2025-08-28T19:43:11","modified_gmt":"2025-08-28T19:43:11","slug":"flachsfaser-rohstoff","status":"publish","type":"page","link":"https:\/\/elnawawycompany.com\/de\/unsere-produkte\/flachsfaser-rohstoff\/","title":{"rendered":"Flachsfaser &amp; Rohmaterial"},"content":{"rendered":"\t\t<div data-elementor-type=\"wp-page\" data-elementor-id=\"3542\" class=\"elementor elementor-3542 elementor-753\" data-elementor-post-type=\"page\">\n\t\t\t\t<div class=\"elementor-element elementor-element-51ab9fe5 e-flex e-con-boxed e-con e-parent\" data-id=\"51ab9fe5\" data-element_type=\"container\" data-e-type=\"container\" data-settings=\"{&quot;background_background&quot;:&quot;classic&quot;}\">\n\t\t\t\t\t<div class=\"e-con-inner\">\n\t\t\t\t<div class=\"elementor-element elementor-element-7495aea7 elementor-widget elementor-widget-heading\" data-id=\"7495aea7\" data-element_type=\"widget\" data-e-type=\"widget\" data-widget_type=\"heading.default\">\n\t\t\t\t\t<h1 class=\"elementor-heading-title elementor-size-default\">\u00c4gyptische Flachsfaser &amp; Rohmaterial<\/h1>\t\t\t\t<\/div>\n\t\t\t\t<div class=\"elementor-element elementor-element-6087a19e elementor-align-center elementor-widget elementor-widget-breadcrumbs\" data-id=\"6087a19e\" data-element_type=\"widget\" data-e-type=\"widget\" data-widget_type=\"breadcrumbs.default\">\n\t\t\t\t<div class=\"elementor-widget-container\">\n\t\t\t\t\t<nav aria-label=\"breadcrumbs\" class=\"rank-math-breadcrumb\"><p><span class=\"last\">Startseite<\/span><\/p><\/nav>\t\t\t\t<\/div>\n\t\t\t\t<\/div>\n\t\t\t\t<div class=\"elementor-element elementor-element-25404829 elementor-widget elementor-widget-text-editor\" data-id=\"25404829\" data-element_type=\"widget\" data-e-type=\"widget\" data-widget_type=\"text-editor.default\">\n\t\t\t\t\t\t\t\t\t<div class=\"w-full border-b border-black\/10 dark:border-gray-900\/50 text-gray-800 dark:text-gray-100 group dark:bg-gray-800\"><div class=\"text-base gap-4 md:gap-6 m-auto md:max-w-2xl lg:max-w-2xl xl:max-w-3xl p-4 md:py-6 flex lg:px-0\"><div class=\"relative flex w-[calc(100%-50px)] flex-col gap-1 md:gap-3 lg:w-[calc(100%-115px)]\"><div class=\"flex flex-grow flex-col gap-3\"><p class=\"min-h-[20px] flex flex-col items-start gap-4 whitespace-pre-wrap\">Die Flachsfaser ist eine der \u00e4ltesten nat\u00fcrlichen Fasern, die f\u00fcr Textilien verwendet wird. Sie geht auf die alten Zivilisationen in \u00c4gypten und China zur\u00fcck. Heutzutage gewinnt die Flachs-Faser erneut an Popularit\u00e4t als nachhaltige und umweltfreundliche Alternative zu synthetischen Fasern wie Polyester und Nylon, welche aus nicht erneuerbaren Ressourcen gewonnen werden und erhebliche Umweltauswirkungen haben. <\/p><\/div><\/div><\/div><\/div>\t\t\t\t\t\t\t\t<\/div>\n\t\t\t\t\t<\/div>\n\t\t\t\t<\/div>\n\t\t<div class=\"elementor-element elementor-element-10a9dc2a e-flex e-con-boxed e-con e-parent\" data-id=\"10a9dc2a\" data-element_type=\"container\" data-e-type=\"container\" data-settings=\"{&quot;background_background&quot;:&quot;classic&quot;}\">\n\t\t\t\t\t<div class=\"e-con-inner\">\n\t\t<div class=\"elementor-element elementor-element-484ac460 e-con-full e-flex e-con e-child\" data-id=\"484ac460\" data-element_type=\"container\" data-e-type=\"container\" data-settings=\"{&quot;background_background&quot;:&quot;classic&quot;}\">\n\t\t\t\t<div class=\"elementor-element elementor-element-66bdaafb elementor-widget__width-inherit elementor-widget elementor-widget-heading\" data-id=\"66bdaafb\" data-element_type=\"widget\" data-e-type=\"widget\" data-widget_type=\"heading.default\">\n\t\t\t\t\t<h2 class=\"elementor-heading-title elementor-size-default\">Unser Angebot an <span class=\"orange-text\">Flachsfasern<\/span> <\/h2>\t\t\t\t<\/div>\n\t\t\t\t<div class=\"elementor-element elementor-element-bc39f1 elementor-widget elementor-widget-text-editor\" data-id=\"bc39f1\" data-element_type=\"widget\" data-e-type=\"widget\" data-widget_type=\"text-editor.default\">\n\t\t\t\t\t\t\t\t\t<p>Flachsfaser durchlaufen vor dem <a href=\"https:\/\/elnawawycompany.com\/de\/was-ist-der-spinnprozess\/\">Spinnen<\/a> mehrere Stufen der Aufbereitung oder Vorbereitung. Von diesen Stadien sind &#8222;scutching&#8220; und &#8222;hackling&#8220; sehr wichtig. In diesen Phasen werden die holzigen Halme aus den Fasern entfernt und die Fasern begradigt.  <\/p>\t\t\t\t\t\t\t\t<\/div>\n\t\t<div class=\"elementor-element elementor-element-5a4ddd28 e-con-full e-flex e-con e-child\" data-id=\"5a4ddd28\" data-element_type=\"container\" data-e-type=\"container\">\n\t\t<div class=\"elementor-element elementor-element-33fa413e e-con-full e-flex e-con e-child\" data-id=\"33fa413e\" data-element_type=\"container\" data-e-type=\"container\" data-settings=\"{&quot;background_background&quot;:&quot;classic&quot;}\">\n\t\t\t\t<div class=\"elementor-element elementor-element-1997f0fc elementor-widget elementor-widget-image\" data-id=\"1997f0fc\" data-element_type=\"widget\" data-e-type=\"widget\" data-widget_type=\"image.default\">\n\t\t\t\t\t\t\t\t\t\t\t\t\t\t\t<img decoding=\"async\" width=\"800\" height=\"534\" src=\"https:\/\/elnawawycompany.com\/wp-content\/uploads\/2025\/02\/1F0A2589-scaled-1-1024x683.webp\" class=\"attachment-large size-large wp-image-3100\" alt=\"Premium \u00c4gyptische Rohe Lange Flachsfasern\" srcset=\"https:\/\/elnawawycompany.com\/wp-content\/uploads\/2025\/02\/1F0A2589-scaled-1-1024x683.webp 1024w, https:\/\/elnawawycompany.com\/wp-content\/uploads\/2025\/02\/1F0A2589-scaled-1-300x200.webp 300w, https:\/\/elnawawycompany.com\/wp-content\/uploads\/2025\/02\/1F0A2589-scaled-1-768x512.webp 768w, https:\/\/elnawawycompany.com\/wp-content\/uploads\/2025\/02\/1F0A2589-scaled-1-1536x1024.webp 1536w, https:\/\/elnawawycompany.com\/wp-content\/uploads\/2025\/02\/1F0A2589-scaled-1-2048x1366.webp 2048w\" sizes=\"(max-width: 800px) 100vw, 800px\" title=\"\">\t\t\t\t\t\t\t\t\t\t\t\t\t\t\t<\/div>\n\t\t\t\t<div class=\"elementor-element elementor-element-116c98f6 elementor-widget elementor-widget-heading\" data-id=\"116c98f6\" data-element_type=\"widget\" data-e-type=\"widget\" data-widget_type=\"heading.default\">\n\t\t\t\t\t<h4 class=\"elementor-heading-title elementor-size-default\">Rohe Langfaser<span class=\"orange-text\"> (L.F.)<\/h4>\t\t\t\t<\/div>\n\t\t\t\t<div class=\"elementor-element elementor-element-4f2cb0f7 elementor-widget elementor-widget-text-editor\" data-id=\"4f2cb0f7\" data-element_type=\"widget\" data-e-type=\"widget\" data-widget_type=\"text-editor.default\">\n\t\t\t\t\t\t\t\t\t<p><strong>Wir verkaufen lange Fasern von rohem Flachs ohne <a href=\"https:\/\/en.wikipedia.org\/wiki\/Heckling_(flax)\" rel=\"noopener\">Hechelvorgang<\/a>.<\/strong><\/p><p>Wir bieten hochwertige \u00e4gyptische Rohe Langfasern aus Flachs, die nach dem Schwingen gewonnen werden. In diesem Stadium behalten die Fasern ihre nat\u00fcrliche L\u00e4nge und St\u00e4rke bei, perfekt f\u00fcr die Textilproduktion, Verbundwerkstoffe und die Herstellung von Spezialpapier. <\/p><p>Diese vielseitige Form erm\u00f6glicht Ihnen Flexibilit\u00e4t bei der weiteren Verarbeitung gem\u00e4\u00df Ihren spezifischen Anforderungen.<\/p><p> <\/p>\t\t\t\t\t\t\t\t<\/div>\n\t\t\t\t<\/div>\n\t\t<div class=\"elementor-element elementor-element-59bcf28 e-con-full e-flex e-con e-child\" data-id=\"59bcf28\" data-element_type=\"container\" data-e-type=\"container\" data-settings=\"{&quot;background_background&quot;:&quot;classic&quot;}\">\n\t\t\t\t<div class=\"elementor-element elementor-element-4ee62b70 elementor-widget elementor-widget-image\" data-id=\"4ee62b70\" data-element_type=\"widget\" data-e-type=\"widget\" data-widget_type=\"image.default\">\n\t\t\t\t\t\t\t\t\t\t\t\t\t\t\t<img decoding=\"async\" width=\"800\" height=\"534\" src=\"https:\/\/elnawawycompany.com\/wp-content\/uploads\/2025\/02\/flax-yarn-mobile-scaled-1-1024x683.webp\" class=\"attachment-large size-large wp-image-3104\" alt=\"Maschinen f\u00fcr Gehechelte Lange Flachsfasern\" srcset=\"https:\/\/elnawawycompany.com\/wp-content\/uploads\/2025\/02\/flax-yarn-mobile-scaled-1-1024x683.webp 1024w, https:\/\/elnawawycompany.com\/wp-content\/uploads\/2025\/02\/flax-yarn-mobile-scaled-1-300x200.webp 300w, https:\/\/elnawawycompany.com\/wp-content\/uploads\/2025\/02\/flax-yarn-mobile-scaled-1-768x512.webp 768w, https:\/\/elnawawycompany.com\/wp-content\/uploads\/2025\/02\/flax-yarn-mobile-scaled-1-1536x1024.webp 1536w, https:\/\/elnawawycompany.com\/wp-content\/uploads\/2025\/02\/flax-yarn-mobile-scaled-1-2048x1366.webp 2048w\" sizes=\"(max-width: 800px) 100vw, 800px\" title=\"\">\t\t\t\t\t\t\t\t\t\t\t\t\t\t\t<\/div>\n\t\t\t\t<div class=\"elementor-element elementor-element-157c3e3e elementor-widget elementor-widget-heading\" data-id=\"157c3e3e\" data-element_type=\"widget\" data-e-type=\"widget\" data-widget_type=\"heading.default\">\n\t\t\t\t\t<h4 class=\"elementor-heading-title elementor-size-default\">Gehechelte Langfaser<span class=\"orange-text\"> (Gehechelte L.F.)<\/h4>\t\t\t\t<\/div>\n\t\t\t\t<div class=\"elementor-element elementor-element-3d7794f2 elementor-widget elementor-widget-text-editor\" data-id=\"3d7794f2\" data-element_type=\"widget\" data-e-type=\"widget\" data-widget_type=\"text-editor.default\">\n\t\t\t\t\t\t\t\t\t<p>Wir bieten auch den Verkauf der langen Fasern von Flachs nach dem &#8222;Hecheln&#8220; an. In unseren Hechelmaschinen (wie im Bild gezeigt) passieren die Fasern K\u00e4mme mit unterschiedlicher Stiftdichte. <\/p><p>Das Hecheln entfernt letzte Stroh- und Verunreinigungsreste aus den Fasern, trennt die kurzen Fasern (genannt &#8222;Maschinenwerg&#8220;) von den langen Fasern und richtet die Fasern aus.<\/p>\t\t\t\t\t\t\t\t<\/div>\n\t\t\t\t<\/div>\n\t\t\t\t<\/div>\n\t\t<div class=\"elementor-element elementor-element-1f790272 e-con-full e-flex e-con e-child\" data-id=\"1f790272\" data-element_type=\"container\" data-e-type=\"container\">\n\t\t<div class=\"elementor-element elementor-element-17a769b1 e-con-full e-flex e-con e-child\" data-id=\"17a769b1\" data-element_type=\"container\" data-e-type=\"container\" data-settings=\"{&quot;background_background&quot;:&quot;classic&quot;}\">\n\t\t\t\t<div class=\"elementor-element elementor-element-af75ea6 elementor-widget elementor-widget-image\" data-id=\"af75ea6\" data-element_type=\"widget\" data-e-type=\"widget\" data-widget_type=\"image.default\">\n\t\t\t\t\t\t\t\t\t\t\t\t\t\t\t<img decoding=\"async\" width=\"800\" height=\"534\" src=\"https:\/\/elnawawycompany.com\/wp-content\/uploads\/2025\/02\/1F0A2629-scaled-1-1024x683.webp\" class=\"attachment-large size-large wp-image-2832\" alt=\"Maschinenwerg Mittlerer Qualit\u00e4t Flachsfaser\" srcset=\"https:\/\/elnawawycompany.com\/wp-content\/uploads\/2025\/02\/1F0A2629-scaled-1-1024x683.webp 1024w, https:\/\/elnawawycompany.com\/wp-content\/uploads\/2025\/02\/1F0A2629-scaled-1-300x200.webp 300w, https:\/\/elnawawycompany.com\/wp-content\/uploads\/2025\/02\/1F0A2629-scaled-1-768x512.webp 768w, https:\/\/elnawawycompany.com\/wp-content\/uploads\/2025\/02\/1F0A2629-scaled-1-1536x1024.webp 1536w, https:\/\/elnawawycompany.com\/wp-content\/uploads\/2025\/02\/1F0A2629-scaled-1-2048x1366.webp 2048w\" sizes=\"(max-width: 800px) 100vw, 800px\" title=\"\">\t\t\t\t\t\t\t\t\t\t\t\t\t\t\t<\/div>\n\t\t\t\t<div class=\"elementor-element elementor-element-10748b44 elementor-widget elementor-widget-heading\" data-id=\"10748b44\" data-element_type=\"widget\" data-e-type=\"widget\" data-widget_type=\"heading.default\">\n\t\t\t\t\t<h4 class=\"elementor-heading-title elementor-size-default\">Maschinenflachs<span class=\"orange-text\"> (M.F.)<\/h4>\t\t\t\t<\/div>\n\t\t\t\t<div class=\"elementor-element elementor-element-56d4562f elementor-widget elementor-widget-text-editor\" data-id=\"56d4562f\" data-element_type=\"widget\" data-e-type=\"widget\" data-widget_type=\"text-editor.default\">\n\t\t\t\t\t\t\t\t\t<p>Wir bieten Machine Tow (M.T.) Fasern zum Verkauf an. W\u00e4hrend des Hackens trennen die K\u00e4mme die kurzen Fasern von den langen Fasern. Die kurzen Fasern werden &#8222;Machine Tow&#8220; genannt.  <\/p><p>Maschinenwerg wird als Flachs-Faser mittlerer Qualit\u00e4t betrachtet. Seine Fasern sind nicht so lang wie die langen Fasern. Es ist eine sehr gute Faser zum Spinnen von Garnen mit einer Feinheit von 0,2 Nm bis 6 Nm.  <\/p>\t\t\t\t\t\t\t\t<\/div>\n\t\t\t\t<\/div>\n\t\t<div class=\"elementor-element elementor-element-aa2cd68 e-con-full e-flex e-con e-child\" data-id=\"aa2cd68\" data-element_type=\"container\" data-e-type=\"container\" data-settings=\"{&quot;background_background&quot;:&quot;classic&quot;}\">\n\t\t\t\t<div class=\"elementor-element elementor-element-56a6e104 elementor-widget elementor-widget-image\" data-id=\"56a6e104\" data-element_type=\"widget\" data-e-type=\"widget\" data-widget_type=\"image.default\">\n\t\t\t\t\t\t\t\t\t\t\t\t\t\t\t<img decoding=\"async\" width=\"800\" height=\"533\" src=\"https:\/\/elnawawycompany.com\/wp-content\/uploads\/2025\/02\/2-1-3-1024x682.webp\" class=\"attachment-large size-large wp-image-3108\" alt=\"Arrous Nachgeschwungenes Werg Flachsfasern\" srcset=\"https:\/\/elnawawycompany.com\/wp-content\/uploads\/2025\/02\/2-1-3-1024x682.webp 1024w, https:\/\/elnawawycompany.com\/wp-content\/uploads\/2025\/02\/2-1-3-300x200.webp 300w, https:\/\/elnawawycompany.com\/wp-content\/uploads\/2025\/02\/2-1-3-768x512.webp 768w, https:\/\/elnawawycompany.com\/wp-content\/uploads\/2025\/02\/2-1-3.webp 1280w\" sizes=\"(max-width: 800px) 100vw, 800px\" title=\"\">\t\t\t\t\t\t\t\t\t\t\t\t\t\t\t<\/div>\n\t\t\t\t<div class=\"elementor-element elementor-element-2d8fa100 elementor-widget elementor-widget-heading\" data-id=\"2d8fa100\" data-element_type=\"widget\" data-e-type=\"widget\" data-widget_type=\"heading.default\">\n\t\t\t\t\t<h4 class=\"elementor-heading-title elementor-size-default\">Arrous<span class=\"orange-text\"> (Gestreckter Flachs)<\/h4>\t\t\t\t<\/div>\n\t\t\t\t<div class=\"elementor-element elementor-element-269919d2 elementor-widget elementor-widget-text-editor\" data-id=\"269919d2\" data-element_type=\"widget\" data-e-type=\"widget\" data-widget_type=\"text-editor.default\">\n\t\t\t\t\t\t\t\t\t<p>Wir bieten Rescutched Tow (R.T.) Arrous-Fasern zum Verkauf an. Rescutched Tow Fasern sind das Ergebnis eines &#8222;Rescutching&#8220; der Fasern. <\/p><p>Der Schwingprozess reinigt die Faser von Verunreinigungen und Stroh. Allerdings werden dabei auch einige Fasern &#8222;verschwendet&#8220;. Der Abfall des Schwingens kann einem Prozess des &#8222;Nachschwingens&#8220; unterzogen werden, um die Strohteile und Verunreinigungen weiter von den verlorenen Fasern zu trennen. Die resultierende &#8222;nachgeschwungene&#8220; Faser wird Arrous genannt. Sie gilt als die niedrigste Qualit\u00e4tsstufe des Leinenfasern.    <\/p>\t\t\t\t\t\t\t\t<\/div>\n\t\t\t\t<\/div>\n\t\t\t\t<\/div>\n\t\t\t\t<\/div>\n\t\t\t\t\t<\/div>\n\t\t\t\t<\/div>\n\t\t<div class=\"elementor-element elementor-element-3ca706fe e-flex e-con-boxed e-con e-parent\" data-id=\"3ca706fe\" data-element_type=\"container\" data-e-type=\"container\">\n\t\t\t\t\t<div class=\"e-con-inner\">\n\t\t\t\t<div class=\"elementor-element elementor-element-53a29f7f elementor-widget elementor-widget-heading\" data-id=\"53a29f7f\" data-element_type=\"widget\" data-e-type=\"widget\" data-widget_type=\"heading.default\">\n\t\t\t\t\t<h2 class=\"elementor-heading-title elementor-size-default\">F\u00fcr Anfragen zu <span class=\"orange-text\">\u00e4gyptischen Flachsfasern &amp; Rohmaterial <\/span>.... Kontaktieren Sie uns <span class=\"orange-text\">jetzt<\/span> <\/h2>\t\t\t\t<\/div>\n\t\t<div class=\"elementor-element elementor-element-3ea88893 e-con-full e-flex e-con e-child\" data-id=\"3ea88893\" data-element_type=\"container\" data-e-type=\"container\">\n\t\t\t\t<div class=\"elementor-element elementor-element-61d5ab67 elementor-widget__width-auto elementor-mobile-align-center elementor-widget-mobile__width-initial elementor-widget elementor-widget-button\" data-id=\"61d5ab67\" data-element_type=\"widget\" data-e-type=\"widget\" data-widget_type=\"button.default\">\n\t\t\t\t\t\t\t\t\t\t<a class=\"elementor-button elementor-button-link elementor-size-sm\" href=\"https:\/\/wa.me\/+201016663424\" rel=\"noopener\">\n\t\t\t\t\t\t<span class=\"elementor-button-content-wrapper\">\n\t\t\t\t\t\t<span class=\"elementor-button-icon\">\n\t\t\t\t<svg aria-hidden=\"true\" class=\"e-font-icon-svg e-fab-whatsapp\" viewBox=\"0 0 448 512\" xmlns=\"http:\/\/www.w3.org\/2000\/svg\"><path d=\"M380.9 97.1C339 55.1 283.2 32 223.9 32c-122.4 0-222 99.6-222 222 0 39.1 10.2 77.3 29.6 111L0 480l117.7-30.9c32.4 17.7 68.9 27 106.1 27h.1c122.3 0 224.1-99.6 224.1-222 0-59.3-25.2-115-67.1-157zm-157 341.6c-33.2 0-65.7-8.9-94-25.7l-6.7-4-69.8 18.3L72 359.2l-4.4-7c-18.5-29.4-28.2-63.3-28.2-98.2 0-101.7 82.8-184.5 184.6-184.5 49.3 0 95.6 19.2 130.4 54.1 34.8 34.9 56.2 81.2 56.1 130.5 0 101.8-84.9 184.6-186.6 184.6zm101.2-138.2c-5.5-2.8-32.8-16.2-37.9-18-5.1-1.9-8.8-2.8-12.5 2.8-3.7 5.6-14.3 18-17.6 21.8-3.2 3.7-6.5 4.2-12 1.4-32.6-16.3-54-29.1-75.5-66-5.7-9.8 5.7-9.1 16.3-30.3 1.8-3.7.9-6.9-.5-9.7-1.4-2.8-12.5-30.1-17.1-41.2-4.5-10.8-9.1-9.3-12.5-9.5-3.2-.2-6.9-.2-10.6-.2-3.7 0-9.7 1.4-14.8 6.9-5.1 5.6-19.4 19-19.4 46.3 0 27.3 19.9 53.7 22.6 57.4 2.8 3.7 39.1 59.7 94.8 83.8 35.2 15.2 49 16.5 66.6 13.9 10.7-1.6 32.8-13.4 37.4-26.4 4.6-13 4.6-24.1 3.2-26.4-1.3-2.5-5-3.9-10.5-6.6z\"><\/path><\/svg>\t\t\t<\/span>\n\t\t\t\t\t\t\t\t\t<span class=\"elementor-button-text\">WhatsApp<\/span>\n\t\t\t\t\t<\/span>\n\t\t\t\t\t<\/a>\n\t\t\t\t\t\t\t\t<\/div>\n\t\t\t\t<div class=\"elementor-element elementor-element-2354de2f elementor-widget__width-auto elementor-mobile-align-center elementor-widget-mobile__width-initial elementor-widget elementor-widget-button\" data-id=\"2354de2f\" data-element_type=\"widget\" data-e-type=\"widget\" data-widget_type=\"button.default\">\n\t\t\t\t\t\t\t\t\t\t<a class=\"elementor-button elementor-button-link elementor-size-sm\" href=\"mailto:info@elnawawycompany.com\">\n\t\t\t\t\t\t<span class=\"elementor-button-content-wrapper\">\n\t\t\t\t\t\t<span class=\"elementor-button-icon\">\n\t\t\t\t<svg aria-hidden=\"true\" class=\"e-font-icon-svg e-fas-envelope\" viewBox=\"0 0 512 512\" xmlns=\"http:\/\/www.w3.org\/2000\/svg\"><path d=\"M502.3 190.8c3.9-3.1 9.7-.2 9.7 4.7V400c0 26.5-21.5 48-48 48H48c-26.5 0-48-21.5-48-48V195.6c0-5 5.7-7.8 9.7-4.7 22.4 17.4 52.1 39.5 154.1 113.6 21.1 15.4 56.7 47.8 92.2 47.6 35.7.3 72-32.8 92.3-47.6 102-74.1 131.6-96.3 154-113.7zM256 320c23.2.4 56.6-29.2 73.4-41.4 132.7-96.3 142.8-104.7 173.4-128.7 5.8-4.5 9.2-11.5 9.2-18.9v-19c0-26.5-21.5-48-48-48H48C21.5 64 0 85.5 0 112v19c0 7.4 3.4 14.3 9.2 18.9 30.6 23.9 40.7 32.4 173.4 128.7 16.8 12.2 50.2 41.8 73.4 41.4z\"><\/path><\/svg>\t\t\t<\/span>\n\t\t\t\t\t\t\t\t\t<span class=\"elementor-button-text\">Schreiben Sie uns eine E-Mail<\/span>\n\t\t\t\t\t<\/span>\n\t\t\t\t\t<\/a>\n\t\t\t\t\t\t\t\t<\/div>\n\t\t\t\t<\/div>\n\t\t\t\t\t<\/div>\n\t\t\t\t<\/div>\n\t\t<div class=\"elementor-element elementor-element-67e30813 e-flex e-con-boxed e-con e-parent\" data-id=\"67e30813\" data-element_type=\"container\" data-e-type=\"container\" data-settings=\"{&quot;background_background&quot;:&quot;classic&quot;}\">\n\t\t\t\t\t<div class=\"e-con-inner\">\n\t\t\t\t<div class=\"elementor-element elementor-element-3b4e22a4 animated-slow elementor-widget-mobile__width-auto elementor-invisible elementor-widget elementor-widget-heading\" data-id=\"3b4e22a4\" data-element_type=\"widget\" data-e-type=\"widget\" data-settings=\"{&quot;_animation&quot;:&quot;slideInUp&quot;}\" data-widget_type=\"heading.default\">\n\t\t\t\t\t<h2 class=\"elementor-heading-title elementor-size-default\">Warum \u00c4gyptische Flachsfasern w\u00e4hlen?<\/h2>\t\t\t\t<\/div>\n\t\t<div class=\"elementor-element elementor-element-711405c3 e-con-full e-flex e-con e-child\" data-id=\"711405c3\" data-element_type=\"container\" data-e-type=\"container\">\n\t\t<div class=\"elementor-element elementor-element-6f48ffe7 animated-slow e-con-full e-flex elementor-invisible e-con e-child\" data-id=\"6f48ffe7\" data-element_type=\"container\" data-e-type=\"container\" data-settings=\"{&quot;background_background&quot;:&quot;classic&quot;,&quot;animation&quot;:&quot;fadeInUp&quot;,&quot;animation_delay&quot;:600}\">\n\t\t\t\t<\/div>\n\t\t<div class=\"elementor-element elementor-element-4a936490 e-con-full e-flex e-con e-child\" data-id=\"4a936490\" data-element_type=\"container\" data-e-type=\"container\">\n\t\t\t\t<div class=\"elementor-element elementor-element-63e4893 elementor-blockquote--skin-quotation elementor-blockquote--align-center elementor-widget elementor-widget-blockquote\" data-id=\"63e4893\" data-element_type=\"widget\" data-e-type=\"widget\" data-widget_type=\"blockquote.default\">\n\t\t\t\t\t\t\t<blockquote class=\"elementor-blockquote\">\n\t\t\t<p class=\"elementor-blockquote__content\">\n\t\t\t\t\u00c4gyptischer Flachs<br>Wo die wahren Urspr\u00fcnge<br>des Leinens liegen \u2013 In \u00c4gypten, nicht Europa\t\t\t<\/p>\n\t\t\t\t\t<\/blockquote>\n\t\t\t\t\t\t<\/div>\n\t\t\t\t<div class=\"elementor-element elementor-element-2e184121 elementor-widget elementor-widget-text-editor\" data-id=\"2e184121\" data-element_type=\"widget\" data-e-type=\"widget\" data-widget_type=\"text-editor.default\">\n\t\t\t\t\t\t\t\t\t<p class=\"\" data-start=\"198\" data-end=\"604\">\u00c4gyptische Leinenfasern sind weltweit f\u00fcr ihre \u00fcberlegene Qualit\u00e4t, St\u00e4rke und Reinheit bekannt, was gr\u00f6\u00dftenteils auf \u00c4gyptens ideale Anbaubedingungen zur\u00fcckzuf\u00fchren ist \u2013 fruchtbarer Boden, optimales Sonnenlicht und sorgf\u00e4ltig gepflegte traditionelle Erntemethoden. <\/p><p class=\"\" data-start=\"198\" data-end=\"604\">Diese Faktoren produzieren Fasern, die f\u00fcr au\u00dfergew\u00f6hnliche St\u00e4rke, Haltbarkeit und nat\u00fcrliche Sch\u00f6nheit bekannt sind, was \u00e4gyptischen Flachs zu einem weltweit begehrten Material f\u00fcr luxuri\u00f6se Textilanwendungen macht.<\/p>\t\t\t\t\t\t\t\t<\/div>\n\t\t\t\t<\/div>\n\t\t\t\t<\/div>\n\t\t\t\t\t<\/div>\n\t\t\t\t<\/div>\n\t\t\t\t<\/div>\n\t\t","protected":false},"excerpt":{"rendered":"<p>\u00c4gyptische Flachsfaser &amp; Rohmaterial Startseite Die Flachsfaser ist eine der \u00e4ltesten nat\u00fcrlichen Fasern, die f\u00fcr Textilien verwendet wird. Sie geht auf die alten Zivilisationen in \u00c4gypten und China zur\u00fcck. Heutzutage gewinnt die Flachs-Faser erneut an Popularit\u00e4t als nachhaltige und umweltfreundliche Alternative zu synthetischen Fasern wie Polyester und Nylon, welche aus nicht erneuerbaren Ressourcen gewonnen werden [&hellip;]<\/p>\n","protected":false},"author":1,"featured_media":2892,"parent":3506,"menu_order":0,"comment_status":"closed","ping_status":"closed","template":"elementor_header_footer","meta":{"footnotes":""},"class_list":["post-3542","page","type-page","status-publish","has-post-thumbnail","hentry"],"_links":{"self":[{"href":"https:\/\/elnawawycompany.com\/de\/wp-json\/wp\/v2\/pages\/3542","targetHints":{"allow":["GET"]}}],"collection":[{"href":"https:\/\/elnawawycompany.com\/de\/wp-json\/wp\/v2\/pages"}],"about":[{"href":"https:\/\/elnawawycompany.com\/de\/wp-json\/wp\/v2\/types\/page"}],"author":[{"embeddable":true,"href":"https:\/\/elnawawycompany.com\/de\/wp-json\/wp\/v2\/users\/1"}],"replies":[{"embeddable":true,"href":"https:\/\/elnawawycompany.com\/de\/wp-json\/wp\/v2\/comments?post=3542"}],"version-history":[{"count":0,"href":"https:\/\/elnawawycompany.com\/de\/wp-json\/wp\/v2\/pages\/3542\/revisions"}],"up":[{"embeddable":true,"href":"https:\/\/elnawawycompany.com\/de\/wp-json\/wp\/v2\/pages\/3506"}],"wp:featuredmedia":[{"embeddable":true,"href":"https:\/\/elnawawycompany.com\/de\/wp-json\/wp\/v2\/media\/2892"}],"wp:attachment":[{"href":"https:\/\/elnawawycompany.com\/de\/wp-json\/wp\/v2\/media?parent=3542"}],"curies":[{"name":"wp","href":"https:\/\/api.w.org\/{rel}","templated":true}]}}