{"id":3514,"date":"2025-02-26T20:09:03","date_gmt":"2025-02-26T18:09:03","guid":{"rendered":"https:\/\/elnawawycompany.com\/unsere-cookie-richtlinie-el-nawawy-company\/"},"modified":"2025-11-10T16:03:56","modified_gmt":"2025-11-10T16:03:56","slug":"cookie-richtlinie","status":"publish","type":"page","link":"https:\/\/elnawawycompany.com\/de\/cookie-richtlinie\/","title":{"rendered":"Unsere Cookies \u2013 El Nawawy"},"content":{"rendered":"\t\t<div data-elementor-type=\"wp-page\" data-elementor-id=\"3514\" class=\"elementor elementor-3514 elementor-740\" data-elementor-post-type=\"page\">\n\t\t\t\t<div class=\"elementor-element elementor-element-2fa04c7 e-flex e-con-boxed e-con e-parent\" data-id=\"2fa04c7\" data-element_type=\"container\" data-e-type=\"container\" data-settings=\"{&quot;background_background&quot;:&quot;classic&quot;}\">\n\t\t\t\t\t<div class=\"e-con-inner\">\n\t\t\t\t<div class=\"elementor-element elementor-element-6a5ff3b elementor-align-center elementor-widget elementor-widget-breadcrumbs\" data-id=\"6a5ff3b\" data-element_type=\"widget\" data-e-type=\"widget\" data-widget_type=\"breadcrumbs.default\">\n\t\t\t\t<div class=\"elementor-widget-container\">\n\t\t\t\t\t<nav aria-label=\"breadcrumbs\" class=\"rank-math-breadcrumb\"><p><span class=\"last\">Startseite<\/span><\/p><\/nav>\t\t\t\t<\/div>\n\t\t\t\t<\/div>\n\t\t\t\t\t<\/div>\n\t\t\t\t<\/div>\n\t\t\t\t<section class=\"elementor-section elementor-top-section elementor-element elementor-element-1a3ff670 elementor-section-boxed elementor-section-height-default elementor-section-height-default\" data-id=\"1a3ff670\" data-element_type=\"section\" data-e-type=\"section\">\n\t\t\t\t\t\t<div class=\"elementor-container elementor-column-gap-default\">\n\t\t\t\t\t<div class=\"elementor-column elementor-col-100 elementor-top-column elementor-element elementor-element-802808\" data-id=\"802808\" data-element_type=\"column\" data-e-type=\"column\">\n\t\t\t<div class=\"elementor-widget-wrap elementor-element-populated\">\n\t\t\t\t\t\t<div class=\"elementor-element elementor-element-52489064 elementor-widget elementor-widget-text-editor\" data-id=\"52489064\" data-element_type=\"widget\" data-e-type=\"widget\" data-widget_type=\"text-editor.default\">\n\t\t\t\t\t\t\t\t\t<div class=\"cli_pg_page_contaner\"><h2>Cookie-Richtlinie<\/h2><p><img decoding=\"async\" class=\"alignnone wp-image-7177 size-medium\" src=\"https:\/\/elnawawycompany.com\/wp-content\/uploads\/2025\/05\/cookie-policy-data-privacy-compliance-copy-300x300.webp\" alt=\"Abbildung, die zeigt, wie die Cookie-Richtlinie auf der Website verwendet wird, mit Schwerpunkt auf Datenschutz und GPDR-Konformit\u00e4t\" width=\"300\" height=\"300\" title=\"\" srcset=\"https:\/\/elnawawycompany.com\/wp-content\/uploads\/2025\/05\/cookie-policy-data-privacy-compliance-copy-300x300.webp 300w, https:\/\/elnawawycompany.com\/wp-content\/uploads\/2025\/05\/cookie-policy-data-privacy-compliance-copy-150x150.webp 150w, https:\/\/elnawawycompany.com\/wp-content\/uploads\/2025\/05\/cookie-policy-data-privacy-compliance-copy-768x768.webp 768w, https:\/\/elnawawycompany.com\/wp-content\/uploads\/2025\/05\/cookie-policy-data-privacy-compliance-copy-600x600.webp 600w, https:\/\/elnawawycompany.com\/wp-content\/uploads\/2025\/05\/cookie-policy-data-privacy-compliance-copy-100x100.webp 100w, https:\/\/elnawawycompany.com\/wp-content\/uploads\/2025\/05\/cookie-policy-data-privacy-compliance-copy-50x50.webp 50w, https:\/\/elnawawycompany.com\/wp-content\/uploads\/2025\/05\/cookie-policy-data-privacy-compliance-copy.webp 1024w\" sizes=\"(max-width: 300px) 100vw, 300px\" \/><\/p><div><p>Diese Cookie-Richtlinie beschreibt, wie wir Cookies auf <strong>elnawawycompany.com<\/strong> verwenden. Sie erl\u00e4utert den Zweck ihrer Verwendung, die Art der von uns gespeicherten Cookie-Daten und wie Nutzer ihre Cookie-Einwilligung und -Einstellungen verwalten k\u00f6nnen. Unser Ziel ist es, vollst\u00e4ndige Transparenz zu gew\u00e4hrleisten und internationale Datenschutzgesetze, einschlie\u00dflich der GPDR und der Datenschutzstandards in den USA, Kanada, Australien und Europa, einzuhalten. Detaillierte Informationen zum Umgang mit anderen personenbezogenen Daten finden Sie in unserer   <br><a href=\"https:\/\/elnawawycompany.com\/de\/privacy-policy\/\" target=\"_blank\" rel=\"noopener\">Datenschutzrichtlinie<\/a> .<\/p><p>Sie k\u00f6nnen Ihre Cookie-Einwilligungseinstellungen jederzeit \u00fcber unser Datenschutzbanner oder die Einstellungen Ihres Browsers anpassen oder die Einwilligung widerrufen.<\/p><\/div><h3>Warum diese Cookie-Richtlinie wichtig ist<\/h3><div><p>Cookies sind kleine Textdateien, die beim Besuch einer Website auf Ihrem Ger\u00e4t gespeichert werden. Diese Tracking-Technologien sorgen f\u00fcr sichere Verbindungen, halten Ihre Sitzung aufrecht, personalisieren Ihr Browser-Erlebnis und geben Einblicke in die Website-Performance. Einige Cookies sind f\u00fcr die Website-Funktionalit\u00e4t unerl\u00e4sslich, w\u00e4hrend andere Analysen, die Personalisierung von Inhalten oder gezielte Werbung unterst\u00fctzen. Diese Cookie-Richtlinie hilft Ihnen, fundierte Entscheidungen \u00fcber die Verwaltung von Cookies auf unserer Website zu treffen und sorgt f\u00fcr Transparenz und Vertrauen.   <\/p><\/div><h3>Wie wir Cookies verwenden: Kategorien erkl\u00e4rt<\/h3><div><p><strong>Unbedingt erforderliche Cookies:<\/strong> Erforderlich f\u00fcr grundlegende Funktionen wie sichere Anmeldung, Website-Navigation und Warenkorbverwaltung. Diese sind unbedingt erforderlich und erfordern keine Zustimmung. <\/p><p><strong>Analyse-Cookies:<\/strong> Diese Cookies helfen uns zu analysieren, wie Besucher mit unserer Website interagieren, beispielsweise Besuchsdauer und Absprungraten. Die erhobenen Daten sind anonym und dienen der Verbesserung unseres Website-Layouts und -Inhalts. <\/p><p><strong>Marketing-Cookies:<\/strong> Werden verwendet, um personalisierte Werbung anzuzeigen. Sie werden typischerweise von Werbepartnern gesetzt, um die Nutzeraktivit\u00e4t auf verschiedenen Websites zu verfolgen und relevante Werbung anzuzeigen. <\/p><p><strong>Funktionale Cookies:<\/strong> Speichern von Benutzereinstellungen wie Sprache, Region oder Barrierefreiheitseinstellungen. Diese Cookies verbessern die Benutzerfreundlichkeit, sind jedoch optional. <\/p><p><strong>Leistungscookies:<\/strong> Helfen bei der Erkennung von Fehlern, verbessern die Seitenladezeiten und unterst\u00fctzen Testtools wie A\/B-Tests zur Optimierung der Site-Funktionalit\u00e4t.<\/p><p><strong>Pr\u00e4ferenz-Cookies:<\/strong> Speichern Ihre gew\u00e4hlten Anzeigeeinstellungen oder Themen und sorgen so f\u00fcr ein einheitliches Erlebnis bei zuk\u00fcnftigen Besuchen.<\/p><\/div><h3>Wie und wann Cookies gespeichert werden<\/h3><div><p>Cookies k\u00f6nnen bei jeder Interaktion mit der Website gesetzt werden, z. B. beim Aufrufen von Seiten, beim Absenden von Formularen, beim Ansehen von Videos oder beim Interagieren mit Bannern. Es werden sowohl Erstanbieter-Cookies (von unserer Website gesetzt) als auch Drittanbieter-Cookies (von Diensten wie Google Analytics und Meta Business Suite gesetzt) verwendet. Wir speichern keine personenbezogenen Daten ohne ausdr\u00fcckliche Einwilligung des Nutzers und verkaufen oder geben keine Cookie-Daten f\u00fcr nicht damit verbundene Marketingzwecke Dritter weiter. Cookies tragen dazu bei, dass unsere Website reibungslos funktioniert und die Erwartungen der Nutzer erf\u00fcllt.  <\/p><\/div><h3>Verwalten Ihrer Cookie-Einwilligung und -Pr\u00e4ferenzen<\/h3><div><p>Unsere Website bietet ein integriertes Tool \u201eDatenschutz- und Cookie-Einstellungen\u201c, das \u00fcber die Fu\u00dfzeile oder das Einwilligungsbanner zug\u00e4nglich ist und es Nutzern erm\u00f6glicht, ihre Cookie-Einwilligung und -Einstellungen zu steuern. Dar\u00fcber hinaus k\u00f6nnen Cookies \u00fcber die Browsereinstellungen verwaltet werden. Detaillierte Informationen finden Sie in der Hilfefunktion Ihres Browsers. Beachten Sie, dass die Deaktivierung bestimmter Cookies die Funktionalit\u00e4t der Website beeintr\u00e4chtigen kann. Die Browsereinstellungen bieten detaillierte Kontrolle \u00fcber Cookies und Tracking-Technologien.   <\/p><\/div><h3>Ihre Rechte und Datentransparenz<\/h3><div><p>Wir respektieren Ihre Datenschutzrechte, einschlie\u00dflich des Zugriffs auf Ihre Daten und des Rechts, Cookie-bezogene Informationen einzuschr\u00e4nken oder zu l\u00f6schen. Unser Ansatz entspricht der DSGVO-Cookie-Konformit\u00e4t und anderen globalen Datenschutzstandards. Sie k\u00f6nnen Zugriff, Einschr\u00e4nkung oder L\u00f6schung Ihrer \u00fcber Cookies gesammelten personenbezogenen Daten beantragen. Diese Cookie-Richtlinie wird regelm\u00e4\u00dfig aktualisiert, um regulatorische \u00c4nderungen und bew\u00e4hrte Verfahren zu ber\u00fccksichtigen. Wichtige Aktualisierungen werden auf dieser Seite deutlich kommuniziert.   <\/p><\/div><h3>Internationale Compliance und DSGVO-Anpassung<\/h3><div>Unsere Praktiken entsprechen vollst\u00e4ndig der GPDR, dem California Consumer Privacy Act (CCPA), dem kanadischen PIPEDA und dem australischen Datenschutzgesetz. F\u00fcr alle nicht unbedingt erforderlichen Cookies wird eine ausdr\u00fcckliche Zustimmung eingeholt. Weitere Informationen zur Einhaltung finden Sie \u00fcber die <br><a href=\"https:\/\/gdpr.eu\/cookies\/\" target=\"_blank\" rel=\"noopener\">Offizieller GPDR-Cookie-Leitfaden<\/a> . Wir passen uns kontinuierlich an globale Gesetzes\u00e4nderungen an, um die Einhaltung der Vorschriften zu gew\u00e4hrleisten. <\/div><h3>Weitere Informationen zur Cookie-Nutzung<\/h3><div><p>Wir sind \u00fcberzeugt, dass die Aufkl\u00e4rung der Nutzer \u00fcber Cookies, Cookie-Einwilligung und Datenschutz unerl\u00e4sslich ist. Diese Cookie-Richtlinie ist Teil unserer kontinuierlichen Bem\u00fchungen, Nutzer klar und transparent \u00fcber ihre Rechte und unsere Praktiken zu informieren. Durch die Bereitstellung klarer Informationen m\u00f6chten wir Vertrauen und eine sichere digitale Umgebung f\u00f6rdern. Wir empfehlen Ihnen, diese Richtlinie regelm\u00e4\u00dfig durchzusehen, um \u00fcber die Cookie-Verwaltung und die Verbesserung Ihres Surferlebnisses durch Ihre Daten informiert zu bleiben.  <\/p><\/div><h3>Kontakt f\u00fcr Fragen oder Support<\/h3><div>Bei Fragen zu unserer Cookie-Richtlinie, Cookie-Einwilligung oder Datenschutzrechten kontaktieren Sie uns bitte \u00fcber die in unserer<br><a href=\"https:\/\/elnawawycompany.com\/de\/privacy-policy\/\" target=\"_blank\" rel=\"noopener\">Datenschutzrichtlinie<\/a> .<\/div><\/div>\t\t\t\t\t\t\t\t<\/div>\n\t\t\t\t\t<\/div>\n\t\t<\/div>\n\t\t\t\t\t<\/div>\n\t\t<\/section>\n\t\t\t\t<\/div>\n\t\t","protected":false},"excerpt":{"rendered":"<p>Home Cookie-Richtlinie Diese Cookie-Richtlinie beschreibt, wie wir Cookies auf elnawawycompany.com verwenden. Sie erl\u00e4utert den Zweck ihrer Verwendung, die Art der von uns gespeicherten Cookie-Daten und wie Nutzer ihre Cookie-Einwilligung und -Einstellungen verwalten k\u00f6nnen. Unser Ziel ist es, vollst\u00e4ndige Transparenz zu gew\u00e4hrleisten und internationale Datenschutzgesetze, einschlie\u00dflich der GPDR und der Datenschutzstandards in den USA, Kanada, Australien [&hellip;]<\/p>\n","protected":false},"author":1,"featured_media":7179,"parent":0,"menu_order":0,"comment_status":"closed","ping_status":"closed","template":"","meta":{"footnotes":""},"class_list":["post-3514","page","type-page","status-publish","has-post-thumbnail","hentry"],"_links":{"self":[{"href":"https:\/\/elnawawycompany.com\/de\/wp-json\/wp\/v2\/pages\/3514","targetHints":{"allow":["GET"]}}],"collection":[{"href":"https:\/\/elnawawycompany.com\/de\/wp-json\/wp\/v2\/pages"}],"about":[{"href":"https:\/\/elnawawycompany.com\/de\/wp-json\/wp\/v2\/types\/page"}],"author":[{"embeddable":true,"href":"https:\/\/elnawawycompany.com\/de\/wp-json\/wp\/v2\/users\/1"}],"replies":[{"embeddable":true,"href":"https:\/\/elnawawycompany.com\/de\/wp-json\/wp\/v2\/comments?post=3514"}],"version-history":[{"count":4,"href":"https:\/\/elnawawycompany.com\/de\/wp-json\/wp\/v2\/pages\/3514\/revisions"}],"predecessor-version":[{"id":11030,"href":"https:\/\/elnawawycompany.com\/de\/wp-json\/wp\/v2\/pages\/3514\/revisions\/11030"}],"wp:featuredmedia":[{"embeddable":true,"href":"https:\/\/elnawawycompany.com\/de\/wp-json\/wp\/v2\/media\/7179"}],"wp:attachment":[{"href":"https:\/\/elnawawycompany.com\/de\/wp-json\/wp\/v2\/media?parent=3514"}],"curies":[{"name":"wp","href":"https:\/\/api.w.org\/{rel}","templated":true}]}}