{"id":3509,"date":"2025-02-26T20:09:04","date_gmt":"2025-02-26T18:09:04","guid":{"rendered":"https:\/\/elnawawycompany.com\/was-ist-der-spinnprozess\/"},"modified":"2025-09-19T04:31:09","modified_gmt":"2025-09-19T04:31:09","slug":"was-ist-der-spinnprozess","status":"publish","type":"page","link":"https:\/\/elnawawycompany.com\/de\/was-ist-der-spinnprozess\/","title":{"rendered":"Spinnen von Leinengarn \u2013 Produktionsprozess erkl\u00e4rt"},"content":{"rendered":"\t\t<div data-elementor-type=\"wp-page\" data-elementor-id=\"3509\" class=\"elementor elementor-3509 elementor-743\" data-elementor-post-type=\"page\">\n\t\t\t\t<div class=\"elementor-element elementor-element-6f8f4020 e-flex e-con-boxed e-con e-parent\" data-id=\"6f8f4020\" data-element_type=\"container\" data-e-type=\"container\" data-settings=\"{&quot;background_background&quot;:&quot;classic&quot;}\">\n\t\t\t\t\t<div class=\"e-con-inner\">\n\t\t\t\t<div class=\"elementor-element elementor-element-641e1420 elementor-widget elementor-widget-heading\" data-id=\"641e1420\" data-element_type=\"widget\" data-e-type=\"widget\" data-widget_type=\"heading.default\">\n\t\t\t\t\t<h1 class=\"elementor-heading-title elementor-size-default\">Produktionsprozess von Leinengarn<\/h1>\t\t\t\t<\/div>\n\t\t\t\t<div class=\"elementor-element elementor-element-56a5e470 elementor-align-center elementor-widget elementor-widget-breadcrumbs\" data-id=\"56a5e470\" data-element_type=\"widget\" data-e-type=\"widget\" data-widget_type=\"breadcrumbs.default\">\n\t\t\t\t<div class=\"elementor-widget-container\">\n\t\t\t\t\t<nav aria-label=\"breadcrumbs\" class=\"rank-math-breadcrumb\"><p><span class=\"last\">Startseite<\/span><\/p><\/nav>\t\t\t\t<\/div>\n\t\t\t\t<\/div>\n\t\t\t\t<div class=\"elementor-element elementor-element-2cfd3863 elementor-widget elementor-widget-text-editor\" data-id=\"2cfd3863\" data-element_type=\"widget\" data-e-type=\"widget\" data-widget_type=\"text-editor.default\">\n\t\t\t\t\t\t\t\t\t<p>Unsere Flachsspinnerei befindet sich im Al-Delta, dem Herzen der \u00e4gyptischen Textilregion. Dank des optimalen Klimas und Bodens hat die Region Al-Delta der \u00e4gyptischen Baumwolle ihre historische weltweite Beliebtheit verdankt. <\/p>\t\t\t\t\t\t\t\t<\/div>\n\t\t\t\t\t<\/div>\n\t\t\t\t<\/div>\n\t\t<div class=\"elementor-element elementor-element-3039617c e-flex e-con-boxed e-con e-parent\" data-id=\"3039617c\" data-element_type=\"container\" data-e-type=\"container\">\n\t\t\t\t\t<div class=\"e-con-inner\">\n\t\t\t\t<div class=\"elementor-element elementor-element-2bf51ddd elementor-widget elementor-widget-heading\" data-id=\"2bf51ddd\" data-element_type=\"widget\" data-e-type=\"widget\" data-widget_type=\"heading.default\">\n\t\t\t\t\t<h2 class=\"elementor-heading-title elementor-size-default\"><span class=\"orange-text\">ELNAWAWY<\/span> COMPANY  <\/h2>\t\t\t\t<\/div>\n\t\t\t\t<div class=\"elementor-element elementor-element-59124ea4 elementor-widget elementor-widget-heading\" data-id=\"59124ea4\" data-element_type=\"widget\" data-e-type=\"widget\" data-widget_type=\"heading.default\">\n\t\t\t\t\t<h2 class=\"elementor-heading-title elementor-size-default\">Entdecken Sie <span>unsere Leinengarnfabrik<\/span><\/h2>\t\t\t\t<\/div>\n\t\t\t\t<div class=\"elementor-element elementor-element-21e0c481 elementor-widget elementor-widget-text-editor\" data-id=\"21e0c481\" data-element_type=\"widget\" data-e-type=\"widget\" data-settings=\"{&quot;_animation&quot;:&quot;none&quot;,&quot;_animation_tablet&quot;:&quot;bounceIn&quot;,&quot;_animation_mobile&quot;:&quot;none&quot;}\" data-widget_type=\"text-editor.default\">\n\t\t\t\t\t\t\t\t\t<p>Die Fabrik befindet sich auf einem gro\u00dfz\u00fcgigen Grundst\u00fcck von 14.000 Quadratmetern. Unsere Produktionskapazit\u00e4t betr\u00e4gt \u00fcber 3.000 Tonnen pro Jahr. Wir verf\u00fcgen \u00fcber einige der besten Maschinen zur Garnvorbereitung, zum Spinnen und zur Garnveredelung, aber unser Qualit\u00e4ts- und Forschungslabor ist es, was uns wirklich von der Konkurrenz abhebt.  <\/p>\t\t\t\t\t\t\t\t<\/div>\n\t\t\t\t<div class=\"elementor-element elementor-element-655cc3be elementor-skin-slideshow elementor-widget elementor-widget-media-carousel\" data-id=\"655cc3be\" data-element_type=\"widget\" data-e-type=\"widget\" data-settings=\"{&quot;skin&quot;:&quot;slideshow&quot;,&quot;effect&quot;:&quot;fade&quot;,&quot;centered_slides&quot;:&quot;yes&quot;,&quot;autoplay_speed&quot;:3000,&quot;lazyload&quot;:&quot;yes&quot;,&quot;space_between&quot;:{&quot;unit&quot;:&quot;px&quot;,&quot;size&quot;:8,&quot;sizes&quot;:[]},&quot;speed&quot;:500,&quot;autoplay&quot;:&quot;yes&quot;,&quot;loop&quot;:&quot;yes&quot;,&quot;pause_on_hover&quot;:&quot;yes&quot;,&quot;pause_on_interaction&quot;:&quot;yes&quot;,&quot;space_between_tablet&quot;:{&quot;unit&quot;:&quot;px&quot;,&quot;size&quot;:10,&quot;sizes&quot;:[]},&quot;space_between_mobile&quot;:{&quot;unit&quot;:&quot;px&quot;,&quot;size&quot;:10,&quot;sizes&quot;:[]}}\" data-widget_type=\"media-carousel.default\">\n\t\t\t\t\t\t\t\t\t\t<div class=\"elementor-main-swiper swiper\" role=\"region\" aria-roledescription=\"carousel\" aria-label=\"Slides\">\n\t\t\t\t<div class=\"swiper-wrapper\">\n\t\t\t\t\t\t\t\t\t\t\t<div class=\"swiper-slide\" role=\"group\" aria-roledescription=\"slide\">\n\t\t\t\t\t\t\t\t\t<div class=\"elementor-carousel-image swiper-lazy\" role=\"img\" aria-label=\"Vista a\u00e9rea de la f\u00e1brica de El Nawawy en Egipto\" data-background=\"https:\/\/elnawawycompany.com\/wp-content\/uploads\/2025\/02\/image00005-1.webp\">\n\n\t\t\t\t\t\t\t<div class=\"swiper-lazy-preloader\"><\/div>\n\t\t\t\n\t\t\t\t\t<\/div>\n\t\t\t\t\t\t\t\t<\/div>\n\t\t\t\t\t\t\t\t\t\t\t<div class=\"swiper-slide\" role=\"group\" aria-roledescription=\"slide\">\n\t\t\t\t\t\t\t\t\t<div class=\"elementor-carousel-image swiper-lazy\" role=\"img\" aria-label=\"Wet Spun Linen Yarn on the reel of wet spinning machine\" data-background=\"https:\/\/elnawawycompany.com\/wp-content\/uploads\/2025\/02\/wet-spin4.webp\">\n\n\t\t\t\t\t\t\t<div class=\"swiper-lazy-preloader\"><\/div>\n\t\t\t\n\t\t\t\t\t<\/div>\n\t\t\t\t\t\t\t\t<\/div>\n\t\t\t\t\t\t\t\t\t\t\t<div class=\"swiper-slide\" role=\"group\" aria-roledescription=\"slide\">\n\t\t\t\t\t\t\t\t\t<div class=\"elementor-carousel-image swiper-lazy\" role=\"img\" aria-label=\"\" data-background=\"https:\/\/elnawawycompany.com\/wp-content\/uploads\/2025\/02\/1F0A3081-copy-scaled-e1661301657539.webp\">\n\n\t\t\t\t\t\t\t<div class=\"swiper-lazy-preloader\"><\/div>\n\t\t\t\n\t\t\t\t\t<\/div>\n\t\t\t\t\t\t\t\t<\/div>\n\t\t\t\t\t\t\t\t\t\t\t<div class=\"swiper-slide\" role=\"group\" aria-roledescription=\"slide\">\n\t\t\t\t\t\t\t\t\t<div class=\"elementor-carousel-image swiper-lazy\" role=\"img\" aria-label=\"\" data-background=\"https:\/\/elnawawycompany.com\/wp-content\/uploads\/2025\/02\/wet-spin6.webp\">\n\n\t\t\t\t\t\t\t<div class=\"swiper-lazy-preloader\"><\/div>\n\t\t\t\n\t\t\t\t\t<\/div>\n\t\t\t\t\t\t\t\t<\/div>\n\t\t\t\t\t\t\t\t\t<\/div>\n\t\t\t\t\t\t\t\t\t\t\t\t\t\t\t\t\t\t\t\t\t<\/div>\n\t\t\t\t\t\t\t\t\t<div class=\"elementor-main-swiper swiper elementor-thumbnails-swiper swiper\" role=\"region region\" aria-roledescription=\"carousel carousel\" aria-label=\"Slides Slides\">\n\t\t\t\t<div class=\"swiper-wrapper\">\n\t\t\t\t\t\t\t\t\t\t\t<div class=\"swiper-slide\" role=\"group\" aria-roledescription=\"slide\">\n\t\t\t\t\t\t\t\t\t<div class=\"elementor-carousel-image swiper-lazy\" role=\"img\" aria-label=\"Vista a\u00e9rea de la f\u00e1brica de El Nawawy en Egipto\" data-background=\"https:\/\/elnawawycompany.com\/wp-content\/uploads\/2025\/02\/image00005-1.webp\">\n\n\t\t\t\t\t\t\t<div class=\"swiper-lazy-preloader\"><\/div>\n\t\t\t\n\t\t\t\t\t<\/div>\n\t\t\t\t\t\t\t\t<\/div>\n\t\t\t\t\t\t\t\t\t\t\t<div class=\"swiper-slide\" role=\"group\" aria-roledescription=\"slide\">\n\t\t\t\t\t\t\t\t\t<div class=\"elementor-carousel-image swiper-lazy\" role=\"img\" aria-label=\"Wet Spun Linen Yarn on the reel of wet spinning machine\" data-background=\"https:\/\/elnawawycompany.com\/wp-content\/uploads\/2025\/02\/wet-spin4.webp\">\n\n\t\t\t\t\t\t\t<div class=\"swiper-lazy-preloader\"><\/div>\n\t\t\t\n\t\t\t\t\t<\/div>\n\t\t\t\t\t\t\t\t<\/div>\n\t\t\t\t\t\t\t\t\t\t\t<div class=\"swiper-slide\" role=\"group\" aria-roledescription=\"slide\">\n\t\t\t\t\t\t\t\t\t<div class=\"elementor-carousel-image swiper-lazy\" role=\"img\" aria-label=\"\" data-background=\"https:\/\/elnawawycompany.com\/wp-content\/uploads\/2025\/02\/1F0A3081-copy-scaled-e1661301657539.webp\">\n\n\t\t\t\t\t\t\t<div class=\"swiper-lazy-preloader\"><\/div>\n\t\t\t\n\t\t\t\t\t<\/div>\n\t\t\t\t\t\t\t\t<\/div>\n\t\t\t\t\t\t\t\t\t\t\t<div class=\"swiper-slide\" role=\"group\" aria-roledescription=\"slide\">\n\t\t\t\t\t\t\t\t\t<div class=\"elementor-carousel-image swiper-lazy\" role=\"img\" aria-label=\"\" data-background=\"https:\/\/elnawawycompany.com\/wp-content\/uploads\/2025\/02\/wet-spin6.webp\">\n\n\t\t\t\t\t\t\t<div class=\"swiper-lazy-preloader\"><\/div>\n\t\t\t\n\t\t\t\t\t<\/div>\n\t\t\t\t\t\t\t\t<\/div>\n\t\t\t\t\t\t\t\t\t<\/div>\n\t\t\t\t\t\t\t\t\t\t\t\t\t\t\t\t\t\t\t\t\t<\/div>\n\t\t\t\t\t\t\t\t<\/div>\n\t\t\t\t\t<\/div>\n\t\t\t\t<\/div>\n\t\t\t\t<section class=\"elementor-section elementor-top-section elementor-element elementor-element-6d697473 elementor-section-stretched elementor-section-full_width elementor-section-height-default elementor-section-height-default\" data-id=\"6d697473\" data-element_type=\"section\" data-e-type=\"section\" data-settings=\"{&quot;stretch_section&quot;:&quot;section-stretched&quot;,&quot;background_background&quot;:&quot;classic&quot;}\">\n\t\t\t\t\t\t\t<div class=\"elementor-background-overlay\"><\/div>\n\t\t\t\t\t\t\t<div class=\"elementor-container elementor-column-gap-default\">\n\t\t\t\t\t<div class=\"elementor-column elementor-col-100 elementor-top-column elementor-element elementor-element-280c66b5\" data-id=\"280c66b5\" data-element_type=\"column\" data-e-type=\"column\">\n\t\t\t<div class=\"elementor-widget-wrap elementor-element-populated\">\n\t\t\t\t\t\t<div class=\"elementor-element elementor-element-83ac7 elementor-widget elementor-widget-heading\" data-id=\"83ac7\" data-element_type=\"widget\" data-e-type=\"widget\" data-widget_type=\"heading.default\">\n\t\t\t\t\t<h2 class=\"elementor-heading-title elementor-size-default\">Von der Flachsfaser zum <span class=\"orange-text\">Leinengarn<\/span><\/h2>\t\t\t\t<\/div>\n\t\t\t\t<div class=\"elementor-element elementor-element-2d791fc1 elementor-widget-mobile__width-inherit e-n-tabs-mobile elementor-widget elementor-widget-n-tabs\" data-id=\"2d791fc1\" data-element_type=\"widget\" data-e-type=\"widget\" data-settings=\"{&quot;tabs_justify_horizontal_mobile&quot;:&quot;center&quot;,&quot;horizontal_scroll_mobile&quot;:&quot;enable&quot;,&quot;horizontal_scroll&quot;:&quot;disable&quot;}\" data-widget_type=\"nested-tabs.default\">\n\t\t\t\t\t\t\t<div class=\"e-n-tabs\" data-widget-number=\"762912705\" aria-label=\"Tabs. Open items with Enter or Space, close with Escape and navigate using the Arrow keys.\">\n\t\t\t<div class=\"e-n-tabs-heading\" role=\"tablist\">\n\t\t\t\t\t<button id=\"e-n-tab-title-7629127051\" data-tab-title-id=\"e-n-tab-title-7629127051\" class=\"e-n-tab-title\" aria-selected=\"true\" data-tab-index=\"1\" role=\"tab\" tabindex=\"0\" aria-controls=\"e-n-tab-content-7629127051\" style=\"--n-tabs-title-order: 1;\">\n\t\t\t\t\t\t<span class=\"e-n-tab-title-text\">\n\t\t\t\tHecheln\t\t\t<\/span>\n\t\t<\/button>\n\t\t\t\t<button id=\"e-n-tab-title-7629127052\" data-tab-title-id=\"e-n-tab-title-7629127052\" class=\"e-n-tab-title\" aria-selected=\"false\" data-tab-index=\"2\" role=\"tab\" tabindex=\"-1\" aria-controls=\"e-n-tab-content-7629127052\" style=\"--n-tabs-title-order: 2;\">\n\t\t\t\t\t\t<span class=\"e-n-tab-title-text\">\n\t\t\t\tMischer\t\t\t<\/span>\n\t\t<\/button>\n\t\t\t\t<button id=\"e-n-tab-title-7629127053\" data-tab-title-id=\"e-n-tab-title-7629127053\" class=\"e-n-tab-title\" aria-selected=\"false\" data-tab-index=\"3\" role=\"tab\" tabindex=\"-1\" aria-controls=\"e-n-tab-content-7629127053\" style=\"--n-tabs-title-order: 3;\">\n\t\t\t\t\t\t<span class=\"e-n-tab-title-text\">\n\t\t\t\tZeichnung\t\t\t<\/span>\n\t\t<\/button>\n\t\t\t\t<button id=\"e-n-tab-title-7629127054\" data-tab-title-id=\"e-n-tab-title-7629127054\" class=\"e-n-tab-title\" aria-selected=\"false\" data-tab-index=\"4\" role=\"tab\" tabindex=\"-1\" aria-controls=\"e-n-tab-content-7629127054\" style=\"--n-tabs-title-order: 4;\">\n\t\t\t\t\t\t<span class=\"e-n-tab-title-text\">\n\t\t\t\tSpinnen\t\t\t<\/span>\n\t\t<\/button>\n\t\t\t\t\t<\/div>\n\t\t\t<div class=\"e-n-tabs-content\">\n\t\t\t\t<div id=\"e-n-tab-content-7629127051\" role=\"tabpanel\" aria-labelledby=\"e-n-tab-title-7629127051\" data-tab-index=\"1\" style=\"--n-tabs-title-order: 1;\" class=\"e-active elementor-element elementor-element-4f28ef34 e-flex e-con-boxed e-con e-child\" data-id=\"4f28ef34\" data-element_type=\"container\" data-e-type=\"container\">\n\t\t\t\t\t<div class=\"e-con-inner\">\n\t\t<div class=\"elementor-element elementor-element-101ee749 e-flex e-con-boxed e-con e-child\" data-id=\"101ee749\" data-element_type=\"container\" data-e-type=\"container\" data-settings=\"{&quot;background_background&quot;:&quot;classic&quot;}\">\n\t\t\t\t\t<div class=\"e-con-inner\">\n\t\t\t\t<div class=\"elementor-element elementor-element-42d65c0f elementor-widget elementor-widget-image\" data-id=\"42d65c0f\" data-element_type=\"widget\" data-e-type=\"widget\" data-widget_type=\"image.default\">\n\t\t\t\t\t\t\t\t\t\t\t\t\t\t\t<img decoding=\"async\" width=\"800\" height=\"534\" src=\"https:\/\/elnawawycompany.com\/wp-content\/uploads\/2025\/02\/hackling_worker-1024x683.webp\" class=\"attachment-large size-large wp-image-3080\" alt=\"Bild zeigt einen Arbeiter der Firma El Nawawy beim Putzen vor einer Leinenfaser-Schwingmaschine\" srcset=\"https:\/\/elnawawycompany.com\/wp-content\/uploads\/2025\/02\/hackling_worker-1024x683.webp 1024w, https:\/\/elnawawycompany.com\/wp-content\/uploads\/2025\/02\/hackling_worker-300x200.webp 300w, https:\/\/elnawawycompany.com\/wp-content\/uploads\/2025\/02\/hackling_worker-768x512.webp 768w, https:\/\/elnawawycompany.com\/wp-content\/uploads\/2025\/02\/hackling_worker-1536x1024.webp 1536w, https:\/\/elnawawycompany.com\/wp-content\/uploads\/2025\/02\/hackling_worker-2048x1366.webp 2048w\" sizes=\"(max-width: 800px) 100vw, 800px\" title=\"\">\t\t\t\t\t\t\t\t\t\t\t\t\t\t\t<\/div>\n\t\t\t\t<div class=\"elementor-element elementor-element-39bda1bb elementor-widget elementor-widget-text-editor\" data-id=\"39bda1bb\" data-element_type=\"widget\" data-e-type=\"widget\" data-widget_type=\"text-editor.default\">\n\t\t\t\t\t\t\t\t\t<p><strong><span style=\"color: #000000;\">Durch das Schwingen werden die Unreinheiten und holzigen Halme aus der Flachsfaser entfernt. Die entstandene Faser durchl\u00e4uft den Prozess des \u201e <a href=\"https:\/\/en.wikipedia.org\/wiki\/Heckling_(flax)\" rel=\"noopener\">Hechelns<\/a> \u201c. <\/span><\/strong><\/p><p><span style=\"color: #000000;\">Die Heckling-Maschine besteht aus vielen K\u00e4mmen mit unterschiedlicher Nadeldichte. Der Faserstrang wird an Ort und Stelle gehalten und die K\u00e4mme bewegen ihn mit vertikalen Strichen. Dieser Prozess erreicht drei Dinge:  <\/span><\/p><ul><li><span style=\"color: #000000;\">Entfernung aller letzten Strohreste und Verunreinigungen aus den Fasern.<\/span><\/li><li><span style=\"color: #000000;\">Trennung der Kurzfasern von den Langfasern.<\/span><\/li><li><span style=\"color: #000000;\">Gl\u00e4ttung der Fasern.<\/span><\/li><\/ul>\t\t\t\t\t\t\t\t<\/div>\n\t\t\t\t\t<\/div>\n\t\t\t\t<\/div>\n\t\t\t\t\t<\/div>\n\t\t\t\t<\/div>\n\t\t<div id=\"e-n-tab-content-7629127052\" role=\"tabpanel\" aria-labelledby=\"e-n-tab-title-7629127052\" data-tab-index=\"2\" style=\"--n-tabs-title-order: 2;\" class=\" elementor-element elementor-element-51c89e96 e-flex e-con-boxed e-con e-child\" data-id=\"51c89e96\" data-element_type=\"container\" data-e-type=\"container\">\n\t\t\t\t\t<div class=\"e-con-inner\">\n\t\t<div class=\"elementor-element elementor-element-61fe55f3 e-flex e-con-boxed e-con e-child\" data-id=\"61fe55f3\" data-element_type=\"container\" data-e-type=\"container\" data-settings=\"{&quot;background_background&quot;:&quot;classic&quot;}\">\n\t\t\t\t\t<div class=\"e-con-inner\">\n\t\t\t\t<div class=\"elementor-element elementor-element-3eade585 elementor-widget elementor-widget-image\" data-id=\"3eade585\" data-element_type=\"widget\" data-e-type=\"widget\" data-widget_type=\"image.default\">\n\t\t\t\t\t\t\t\t\t\t\t\t\t\t\t<img decoding=\"async\" width=\"800\" height=\"533\" src=\"https:\/\/elnawawycompany.com\/wp-content\/uploads\/2025\/02\/khalatta-1024x682.webp\" class=\"attachment-large size-large wp-image-3084\" alt=\"Bild zeigt Leinen-Flachs-Faser, die durch die Nadeln einer Mischmaschine f\u00fcr Leinen-Flachs-Fasern l\u00e4uft\" srcset=\"https:\/\/elnawawycompany.com\/wp-content\/uploads\/2025\/02\/khalatta-1024x682.webp 1024w, https:\/\/elnawawycompany.com\/wp-content\/uploads\/2025\/02\/khalatta-300x200.webp 300w, https:\/\/elnawawycompany.com\/wp-content\/uploads\/2025\/02\/khalatta-768x512.webp 768w, https:\/\/elnawawycompany.com\/wp-content\/uploads\/2025\/02\/khalatta.webp 1280w\" sizes=\"(max-width: 800px) 100vw, 800px\" title=\"\">\t\t\t\t\t\t\t\t\t\t\t\t\t\t\t<\/div>\n\t\t\t\t<div class=\"elementor-element elementor-element-7390dfcd elementor-widget elementor-widget-text-editor\" data-id=\"7390dfcd\" data-element_type=\"widget\" data-e-type=\"widget\" data-widget_type=\"text-editor.default\">\n\t\t\t\t\t\t\t\t\t<p><strong><span style=\"color: #000000; font-size: 16px;\">Flachsfasern haben die L\u00e4nge des Flachsst\u00e4ngels. Um diese Fasern mit begrenzter L\u00e4nge in einen langen Faserstrang zu verwandeln, durchlaufen wir den Mischprozess. <\/span><\/strong><\/p><p><span style=\"color: #000000;\">Beim Mischvorgang werden die Fasern zu einem langen, durchgehenden Faserband \u201egemischt\u201c.  <\/span><\/p><p><span style=\"color: #000000;\">Die Maschine nimmt den Faserstrang auf und f\u00fchrt ihn durch rotierende Zylinder, die ihn an K\u00e4mme mit unterschiedlich vielen Stiften weiterleiten. Die Stifte helfen beim Gl\u00e4tten der Fasern und die Zylinder beim Mischen. <\/span><\/p><p>Die Mischmaschine gibt ihr Endlosband in einen gro\u00dfen Beh\u00e4lter (normalerweise einen Zylinder) aus. Die L\u00e4nge des Bandes h\u00e4ngt von der Kapazit\u00e4t des Zylinderbeh\u00e4lters ab. <\/p><p>Anschlie\u00dfend entnehmen wir dem Mischer mehrere Zylinder und verwenden diese im n\u00e4chsten Schritt, dem \u201eZeichnen\u201c.<\/p>\t\t\t\t\t\t\t\t<\/div>\n\t\t\t\t\t<\/div>\n\t\t\t\t<\/div>\n\t\t\t\t\t<\/div>\n\t\t\t\t<\/div>\n\t\t<div id=\"e-n-tab-content-7629127053\" role=\"tabpanel\" aria-labelledby=\"e-n-tab-title-7629127053\" data-tab-index=\"3\" style=\"--n-tabs-title-order: 3;\" class=\" elementor-element elementor-element-6a7ce4b7 e-flex e-con-boxed e-con e-child\" data-id=\"6a7ce4b7\" data-element_type=\"container\" data-e-type=\"container\">\n\t\t\t\t\t<div class=\"e-con-inner\">\n\t\t<div class=\"elementor-element elementor-element-29ad4b29 e-flex e-con-boxed e-con e-child\" data-id=\"29ad4b29\" data-element_type=\"container\" data-e-type=\"container\" data-settings=\"{&quot;background_background&quot;:&quot;classic&quot;}\">\n\t\t\t\t\t<div class=\"e-con-inner\">\n\t\t\t\t<div class=\"elementor-element elementor-element-60b53c24 elementor-widget elementor-widget-image\" data-id=\"60b53c24\" data-element_type=\"widget\" data-e-type=\"widget\" data-widget_type=\"image.default\">\n\t\t\t\t\t\t\t\t\t\t\t\t\t\t\t<img decoding=\"async\" width=\"800\" height=\"534\" src=\"https:\/\/elnawawycompany.com\/wp-content\/uploads\/2025\/02\/1F0A3018-scaled-1-1-1024x683.jpg\" class=\"attachment-large size-large wp-image-3088\" alt=\"\" srcset=\"https:\/\/elnawawycompany.com\/wp-content\/uploads\/2025\/02\/1F0A3018-scaled-1-1-1024x683.jpg 1024w, https:\/\/elnawawycompany.com\/wp-content\/uploads\/2025\/02\/1F0A3018-scaled-1-1-300x200.jpg 300w, https:\/\/elnawawycompany.com\/wp-content\/uploads\/2025\/02\/1F0A3018-scaled-1-1-768x512.jpg 768w, https:\/\/elnawawycompany.com\/wp-content\/uploads\/2025\/02\/1F0A3018-scaled-1-1-1536x1024.jpg 1536w, https:\/\/elnawawycompany.com\/wp-content\/uploads\/2025\/02\/1F0A3018-scaled-1-1.jpg 1600w\" sizes=\"(max-width: 800px) 100vw, 800px\" title=\"\">\t\t\t\t\t\t\t\t\t\t\t\t\t\t\t<\/div>\n\t\t\t\t<div class=\"elementor-element elementor-element-7bf9025e elementor-widget elementor-widget-text-editor\" data-id=\"7bf9025e\" data-element_type=\"widget\" data-e-type=\"widget\" data-widget_type=\"text-editor.default\">\n\t\t\t\t\t\t\t\t\t<p><strong>Das Ziehen ist der Schritt, der nach dem Kardieren oder Mischen erfolgt. Es ist der Schritt unmittelbar vor dem Spinnen des Faserbandes zu Garn. <\/strong><\/p><p>Das Strecken ist ein sehr wichtiger Schritt, da es die Konsistenz des Garns verbessert. Das Grundkonzept ist einfach: die Regel der Mittelung. Durch das Mischen von Faserb\u00e4ndern, die aus der Kardierung\/dem Mischer kommen, verringern wir die Wahrscheinlichkeit von Faserbandinkonsistenzen.  <\/p><p>Wie unter \u201eKardieren\u201c erw\u00e4hnt, verarbeitet die Kardier-\/Mischmaschine Fasern in Zylinderbeh\u00e4ltern zu einem langen Faserband. Anschlie\u00dfend entnehmen wir mehrere Faserb\u00e4nder aus mehreren Zylindern und f\u00fchren sie der Ziehmaschine zu. Die Ziehmaschine mischt die Faserb\u00e4nder aller Zylinder miteinander. Anschlie\u00dfend zieht sie die gemischten Faserb\u00e4nder, um ein Endfaserband zu erzeugen. Das Endfaserband weist eine bessere Konsistenz auf, da es Fasern aus allen Faserb\u00e4ndern enth\u00e4lt.    <\/p><p>Generell gilt: Je h\u00e4ufiger wir das Band ziehen, desto gleichm\u00e4\u00dfiger ist das fertige Band. Die Entscheidung, wie oft wir die B\u00e4nder zusammenziehen, ist komplex. Sie h\u00e4ngt von der Faserart, der Konsistenz des Bandes und der gew\u00fcnschten Garnst\u00e4rke ab.  <\/p>\t\t\t\t\t\t\t\t<\/div>\n\t\t\t\t\t<\/div>\n\t\t\t\t<\/div>\n\t\t\t\t\t<\/div>\n\t\t\t\t<\/div>\n\t\t<div id=\"e-n-tab-content-7629127054\" role=\"tabpanel\" aria-labelledby=\"e-n-tab-title-7629127054\" data-tab-index=\"4\" style=\"--n-tabs-title-order: 4;\" class=\" elementor-element elementor-element-29be6e4 e-flex e-con-boxed e-con e-child\" data-id=\"29be6e4\" data-element_type=\"container\" data-e-type=\"container\">\n\t\t\t\t\t<div class=\"e-con-inner\">\n\t\t<div class=\"elementor-element elementor-element-6a34c902 e-con-full e-flex e-con e-child\" data-id=\"6a34c902\" data-element_type=\"container\" data-e-type=\"container\" data-settings=\"{&quot;background_background&quot;:&quot;classic&quot;}\">\n\t\t\t\t<div class=\"elementor-element elementor-element-4819f5e3 elementor-widget elementor-widget-image\" data-id=\"4819f5e3\" data-element_type=\"widget\" data-e-type=\"widget\" data-widget_type=\"image.default\">\n\t\t\t\t\t\t\t\t\t\t\t\t\t\t\t<img decoding=\"async\" width=\"800\" height=\"534\" src=\"https:\/\/elnawawycompany.com\/wp-content\/uploads\/2025\/02\/wet-spin5-1024x683.webp\" class=\"attachment-large size-large wp-image-3092\" alt=\"Leinengarn Produktion auf der Nassspinnlinie von El Nawawy\" srcset=\"https:\/\/elnawawycompany.com\/wp-content\/uploads\/2025\/02\/wet-spin5-1024x683.webp 1024w, https:\/\/elnawawycompany.com\/wp-content\/uploads\/2025\/02\/wet-spin5-300x200.webp 300w, https:\/\/elnawawycompany.com\/wp-content\/uploads\/2025\/02\/wet-spin5-768x512.webp 768w, https:\/\/elnawawycompany.com\/wp-content\/uploads\/2025\/02\/wet-spin5-1536x1024.webp 1536w, https:\/\/elnawawycompany.com\/wp-content\/uploads\/2025\/02\/wet-spin5-2048x1366.webp 2048w\" sizes=\"(max-width: 800px) 100vw, 800px\" title=\"\">\t\t\t\t\t\t\t\t\t\t\t\t\t\t\t<\/div>\n\t\t\t\t<div class=\"elementor-element elementor-element-41244d83 elementor-widget elementor-widget-text-editor\" data-id=\"41244d83\" data-element_type=\"widget\" data-e-type=\"widget\" data-widget_type=\"text-editor.default\">\n\t\t\t\t\t\t\t\t\t<p><strong>Beim Spinnen werden Faserstr\u00e4nge in F\u00e4den umgewandelt.<\/strong><\/p><p>Spinnmaschinen haben in der Regel mehrere K\u00f6pfe. Jeder Kopf bearbeitet ein Faserband und produziert einen Garnkonus. Die Maschine verf\u00fcgt in der Regel \u00fcber mehrere K\u00f6pfe, um die Produktion zu parallelisieren. Jeder Faserbandzylinder wird zu einem Garnkonus verarbeitet.   <\/p><p>Sp\u00e4ter bringen wir den Fadenkonus in die Endbearbeitungsphase, wo er in beliebiger Kombination veredelt werden kann: Verdrehen mit anderen F\u00e4den, Polieren, Bleichen oder F\u00e4rben, Aufwickeln des Fadens zu <strong><a href=\"https:\/\/elnawawycompany.com\/de\/unsere-produkte\/garnprodukte\/\">Kn\u00e4ueln oder Spulen<\/a><\/strong> und Verpacken.<\/p><p>Es gibt drei Spinnverfahren: trocken, halbnass und nass.<\/p><p> <strong>Beim Nassspinnen<\/strong> wird der Faden w\u00e4hrend der Spinnphase in ein Fl\u00fcssigkeitsbad gelegt, wo das Faserband bei hoher Geschwindigkeit zu einem Faden verdreht wird.<\/p><p>Bei der <strong>halbnassen<\/strong> Methode wird Wasser nur in einem bestimmten Teil des Prozesses verwendet.<\/p><p>Beim <strong>Trockenspinnen<\/strong> wird keine Fl\u00fcssigkeit verwendet. Die Zugabe von Fl\u00fcssigkeit verhindert zwar das Rei\u00dfen des Fadens, verbessert die Zugfestigkeit, erh\u00f6ht aber auch die Komplexit\u00e4t und die Kosten der Produktion. Daher ist das Trockenspinnverfahren nicht f\u00fcr feinere F\u00e4den oder Garne mit hohen Zugfestigkeitsanforderungen geeignet.   <\/p>\t\t\t\t\t\t\t\t<\/div>\n\t\t\t\t<\/div>\n\t\t\t\t\t<\/div>\n\t\t\t\t<\/div>\n\t\t\t\t\t<\/div>\n\t\t<\/div>\n\t\t\t\t\t\t<\/div>\n\t\t\t\t\t<\/div>\n\t\t<\/div>\n\t\t\t\t\t<\/div>\n\t\t<\/section>\n\t\t\t\t<\/div>\n\t\t","protected":false},"excerpt":{"rendered":"<p>Produktionsprozess von Leinengarn Home Unsere Flachsspinnerei befindet sich im Al-Delta, dem Herzen der \u00e4gyptischen Textilregion. Dank des optimalen Klimas und Bodens hat die Region Al-Delta der \u00e4gyptischen Baumwolle ihre historische weltweite Beliebtheit verdankt. ELNAWAWY COMPANY Entdecken Sie unsere Leinengarnfabrik Die Fabrik befindet sich auf einem gro\u00dfz\u00fcgigen Grundst\u00fcck von 14.000 Quadratmetern. Unsere Produktionskapazit\u00e4t betr\u00e4gt \u00fcber 3.000 [&hellip;]<\/p>\n","protected":false},"author":1,"featured_media":0,"parent":0,"menu_order":0,"comment_status":"closed","ping_status":"closed","template":"elementor_header_footer","meta":{"footnotes":""},"class_list":["post-3509","page","type-page","status-publish","hentry"],"_links":{"self":[{"href":"https:\/\/elnawawycompany.com\/de\/wp-json\/wp\/v2\/pages\/3509","targetHints":{"allow":["GET"]}}],"collection":[{"href":"https:\/\/elnawawycompany.com\/de\/wp-json\/wp\/v2\/pages"}],"about":[{"href":"https:\/\/elnawawycompany.com\/de\/wp-json\/wp\/v2\/types\/page"}],"author":[{"embeddable":true,"href":"https:\/\/elnawawycompany.com\/de\/wp-json\/wp\/v2\/users\/1"}],"replies":[{"embeddable":true,"href":"https:\/\/elnawawycompany.com\/de\/wp-json\/wp\/v2\/comments?post=3509"}],"version-history":[{"count":5,"href":"https:\/\/elnawawycompany.com\/de\/wp-json\/wp\/v2\/pages\/3509\/revisions"}],"predecessor-version":[{"id":9837,"href":"https:\/\/elnawawycompany.com\/de\/wp-json\/wp\/v2\/pages\/3509\/revisions\/9837"}],"wp:attachment":[{"href":"https:\/\/elnawawycompany.com\/de\/wp-json\/wp\/v2\/media?parent=3509"}],"curies":[{"name":"wp","href":"https:\/\/api.w.org\/{rel}","templated":true}]}}